{"id":1330,"date":"2023-07-20T11:13:26","date_gmt":"2023-07-20T09:13:26","guid":{"rendered":"http:\/\/camvi.pl\/?page_id=1330"},"modified":"2023-07-20T11:13:50","modified_gmt":"2023-07-20T09:13:50","slug":"technologia","status":"publish","type":"page","link":"https:\/\/camvi.pl\/en\/technologia\/","title":{"rendered":"Technology"},"content":{"rendered":"","protected":false},"excerpt":{"rendered":"","protected":false},"author":1,"featured_media":676,"parent":0,"menu_order":0,"comment_status":"closed","ping_status":"closed","template":"","meta":{"footnotes":""},"class_list":["post-1330","page","type-page","status-publish","has-post-thumbnail","hentry"],"blocksy_meta":{"page_structure_type":"type-4","has_hero_section":"enabled","hero_section":"type-2","styles_descriptor":{"styles":{"desktop":"[data-prefix=\"single_page\"] .entry-header .page-title {--theme-font-size:30px;--theme-heading-color:#ffffff;} [data-prefix=\"single_page\"] .entry-header .entry-meta {--theme-font-weight:600;--theme-text-transform:uppercase;--theme-font-size:12px;--theme-line-height:1.3;} [data-prefix=\"single_page\"] .hero-section[data-type=\"type-2\"] {--min-height:526px;background-color:var(--theme-palette-color-6);background-image:none;--container-padding:50px 0px;}","tablet":"","mobile":""},"google_fonts":[],"version":6},"hero_elements":[{"id":"custom_title","enabled":true,"heading_tag":"h1","title":"Strona g\u0142\u00f3wna","__id":"qv0cyFbQXCq3rNrKHTcFY"},{"id":"custom_description","enabled":true,"description_visibility":{"desktop":true,"tablet":true,"mobile":false},"__id":"OABwenFYH8TrA1cCByrWy"},{"id":"custom_meta","enabled":false,"meta_elements":[{"id":"author","enabled":true,"label":"Przez","has_author_avatar":"yes","avatar_size":25},{"id":"post_date","enabled":true,"label":"W\u0142\u0105cz","date_format_source":"default","date_format":"M j, Y"},{"id":"updated_date","enabled":false,"label":"W\u0142\u0105cz","date_format_source":"default","date_format":"M j, Y"},{"id":"categories","enabled":false,"label":"W","style":"simple"},{"id":"comments","enabled":true}],"page_meta_elements":{"joined":true,"articles_count":true,"comments":true},"__id":"r7lyoLy7lmJTAtJrl1HMg"},{"id":"breadcrumbs","enabled":false,"__id":"YYRp96WUYpIBJigdvOk1y"}],"parallax":{"desktop":true,"tablet":false,"mobile":false},"hero_height":{"desktop":"526px","tablet":"526px","mobile":"526px","__changed":[]},"pageTitleFontColor":{"default":{"color":"#ffffff"}}},"yoast_head":"<!-- This site is optimized with the Yoast SEO plugin v22.9 - https:\/\/yoast.com\/wordpress\/plugins\/seo\/ -->\n<title>Technologia - camvi.pl<\/title>\n<meta name=\"robots\" content=\"index, follow, max-snippet:-1, max-image-preview:large, max-video-preview:-1\" \/>\n<link rel=\"canonical\" href=\"https:\/\/camvi.pl\/en\/technologia\/\" \/>\n<meta property=\"og:locale\" content=\"en_GB\" \/>\n<meta property=\"og:type\" content=\"article\" \/>\n<meta property=\"og:title\" content=\"Technologia - camvi.pl\" \/>\n<meta property=\"og:url\" content=\"https:\/\/camvi.pl\/en\/technologia\/\" \/>\n<meta property=\"og:site_name\" content=\"camvi.pl\" \/>\n<meta property=\"article:modified_time\" content=\"2023-07-20T09:13:50+00:00\" \/>\n<meta property=\"og:image\" content=\"https:\/\/ml5rbtdvsjrf.i.optimole.com\/cb:MpvK.129b7\/w:auto\/h:auto\/q:mauto\/f:best\/https:\/\/camvi.pl\/wp-content\/uploads\/2022\/05\/article-image-6.webp\" \/>\n\t<meta property=\"og:image:width\" content=\"1230\" \/>\n\t<meta property=\"og:image:height\" content=\"1020\" \/>\n\t<meta property=\"og:image:type\" content=\"image\/webp\" \/>\n<meta name=\"twitter:card\" content=\"summary_large_image\" \/>\n<script type=\"application\/ld+json\" class=\"yoast-schema-graph\">{\"@context\":\"https:\/\/schema.org\",\"@graph\":[{\"@type\":\"WebPage\",\"@id\":\"https:\/\/camvi.pl\/en\/technologia\/\",\"url\":\"https:\/\/camvi.pl\/en\/technologia\/\",\"name\":\"Technologia - camvi.pl\",\"isPartOf\":{\"@id\":\"https:\/\/camvi.pl\/#website\"},\"primaryImageOfPage\":{\"@id\":\"https:\/\/camvi.pl\/en\/technologia\/#primaryimage\"},\"image\":{\"@id\":\"https:\/\/camvi.pl\/en\/technologia\/#primaryimage\"},\"thumbnailUrl\":\"https:\/\/camvi.pl\/wp-content\/uploads\/2022\/05\/article-image-6.webp\",\"datePublished\":\"2023-07-20T09:13:26+00:00\",\"dateModified\":\"2023-07-20T09:13:50+00:00\",\"breadcrumb\":{\"@id\":\"https:\/\/camvi.pl\/en\/technologia\/#breadcrumb\"},\"inLanguage\":\"en-GB\",\"potentialAction\":[{\"@type\":\"ReadAction\",\"target\":[\"https:\/\/camvi.pl\/en\/technologia\/\"]}]},{\"@type\":\"ImageObject\",\"inLanguage\":\"en-GB\",\"@id\":\"https:\/\/camvi.pl\/en\/technologia\/#primaryimage\",\"url\":\"https:\/\/camvi.pl\/wp-content\/uploads\/2022\/05\/article-image-6.webp\",\"contentUrl\":\"https:\/\/camvi.pl\/wp-content\/uploads\/2022\/05\/article-image-6.webp\",\"width\":1230,\"height\":1020},{\"@type\":\"BreadcrumbList\",\"@id\":\"https:\/\/camvi.pl\/en\/technologia\/#breadcrumb\",\"itemListElement\":[{\"@type\":\"ListItem\",\"position\":1,\"name\":\"Strona g\u0142\u00f3wna\",\"item\":\"https:\/\/camvi.pl\/\"},{\"@type\":\"ListItem\",\"position\":2,\"name\":\"Technologia\"}]},{\"@type\":\"WebSite\",\"@id\":\"https:\/\/camvi.pl\/#website\",\"url\":\"https:\/\/camvi.pl\/\",\"name\":\"camvi.pl\",\"description\":\"Camvi marka kamer IP\",\"potentialAction\":[{\"@type\":\"SearchAction\",\"target\":{\"@type\":\"EntryPoint\",\"urlTemplate\":\"https:\/\/camvi.pl\/?s={search_term_string}\"},\"query-input\":\"required name=search_term_string\"}],\"inLanguage\":\"en-GB\"}]}<\/script>\n<!-- \/ Yoast SEO plugin. -->","yoast_head_json":{"title":"Technologia - camvi.pl","robots":{"index":"index","follow":"follow","max-snippet":"max-snippet:-1","max-image-preview":"max-image-preview:large","max-video-preview":"max-video-preview:-1"},"canonical":"https:\/\/camvi.pl\/en\/technologia\/","og_locale":"en_GB","og_type":"article","og_title":"Technologia - camvi.pl","og_url":"https:\/\/camvi.pl\/en\/technologia\/","og_site_name":"camvi.pl","article_modified_time":"2023-07-20T09:13:50+00:00","og_image":[{"width":1230,"height":1020,"url":"https:\/\/ml5rbtdvsjrf.i.optimole.com\/cb:MpvK.129b7\/w:auto\/h:auto\/q:mauto\/f:best\/https:\/\/camvi.pl\/wp-content\/uploads\/2022\/05\/article-image-6.webp","type":"image\/webp"}],"twitter_card":"summary_large_image","schema":{"@context":"https:\/\/schema.org","@graph":[{"@type":"WebPage","@id":"https:\/\/camvi.pl\/en\/technologia\/","url":"https:\/\/camvi.pl\/en\/technologia\/","name":"Technologia - camvi.pl","isPartOf":{"@id":"https:\/\/camvi.pl\/#website"},"primaryImageOfPage":{"@id":"https:\/\/camvi.pl\/en\/technologia\/#primaryimage"},"image":{"@id":"https:\/\/camvi.pl\/en\/technologia\/#primaryimage"},"thumbnailUrl":"https:\/\/camvi.pl\/wp-content\/uploads\/2022\/05\/article-image-6.webp","datePublished":"2023-07-20T09:13:26+00:00","dateModified":"2023-07-20T09:13:50+00:00","breadcrumb":{"@id":"https:\/\/camvi.pl\/en\/technologia\/#breadcrumb"},"inLanguage":"en-GB","potentialAction":[{"@type":"ReadAction","target":["https:\/\/camvi.pl\/en\/technologia\/"]}]},{"@type":"ImageObject","inLanguage":"en-GB","@id":"https:\/\/camvi.pl\/en\/technologia\/#primaryimage","url":"https:\/\/camvi.pl\/wp-content\/uploads\/2022\/05\/article-image-6.webp","contentUrl":"https:\/\/camvi.pl\/wp-content\/uploads\/2022\/05\/article-image-6.webp","width":1230,"height":1020},{"@type":"BreadcrumbList","@id":"https:\/\/camvi.pl\/en\/technologia\/#breadcrumb","itemListElement":[{"@type":"ListItem","position":1,"name":"Strona g\u0142\u00f3wna","item":"https:\/\/camvi.pl\/"},{"@type":"ListItem","position":2,"name":"Technologia"}]},{"@type":"WebSite","@id":"https:\/\/camvi.pl\/#website","url":"https:\/\/camvi.pl\/","name":"camvi.pl","description":"Camvi marka kamer IP","potentialAction":[{"@type":"SearchAction","target":{"@type":"EntryPoint","urlTemplate":"https:\/\/camvi.pl\/?s={search_term_string}"},"query-input":"required name=search_term_string"}],"inLanguage":"en-GB"}]}},"_links":{"self":[{"href":"https:\/\/camvi.pl\/en\/wp-json\/wp\/v2\/pages\/1330","targetHints":{"allow":["GET"]}}],"collection":[{"href":"https:\/\/camvi.pl\/en\/wp-json\/wp\/v2\/pages"}],"about":[{"href":"https:\/\/camvi.pl\/en\/wp-json\/wp\/v2\/types\/page"}],"author":[{"embeddable":true,"href":"https:\/\/camvi.pl\/en\/wp-json\/wp\/v2\/users\/1"}],"replies":[{"embeddable":true,"href":"https:\/\/camvi.pl\/en\/wp-json\/wp\/v2\/comments?post=1330"}],"version-history":[{"count":1,"href":"https:\/\/camvi.pl\/en\/wp-json\/wp\/v2\/pages\/1330\/revisions"}],"predecessor-version":[{"id":1331,"href":"https:\/\/camvi.pl\/en\/wp-json\/wp\/v2\/pages\/1330\/revisions\/1331"}],"wp:featuredmedia":[{"embeddable":true,"href":"https:\/\/camvi.pl\/en\/wp-json\/wp\/v2\/media\/676"}],"wp:attachment":[{"href":"https:\/\/camvi.pl\/en\/wp-json\/wp\/v2\/media?parent=1330"}],"curies":[{"name":"wp","href":"https:\/\/api.w.org\/{rel}","templated":true}]}}