{"id":1389,"date":"2023-07-31T10:57:13","date_gmt":"2023-07-31T08:57:13","guid":{"rendered":"http:\/\/camvi.pl\/?page_id=1389"},"modified":"2023-08-01T10:32:52","modified_gmt":"2023-08-01T08:32:52","slug":"do-pobrania","status":"publish","type":"page","link":"https:\/\/camvi.pl\/en\/do-pobrania\/","title":{"rendered":"Downloads"},"content":{"rendered":"<div data-elementor-type=\"wp-page\" data-elementor-id=\"1389\" class=\"elementor elementor-1389\">\n\t\t\t\t<div class=\"elementor-element elementor-element-908e630 e-con-full e-flex e-con e-parent\" data-id=\"908e630\" data-element_type=\"container\">\n\t\t<div class=\"elementor-element elementor-element-01bd63a e-flex e-con-boxed e-con e-parent\" data-id=\"01bd63a\" data-element_type=\"container\">\n\t\t\t\t\t<div class=\"e-con-inner\">\n\t\t<div class=\"elementor-element elementor-element-38786c7 e-flex e-con-boxed e-con e-parent\" data-id=\"38786c7\" data-element_type=\"container\">\n\t\t\t\t\t<div class=\"e-con-inner\">\n\t\t\t\t<div class=\"elementor-element elementor-element-5e0c95f elementor-widget elementor-widget-image\" data-id=\"5e0c95f\" data-element_type=\"widget\" data-widget_type=\"image.default\">\n\t\t\t\t<div class=\"elementor-widget-container\">\n\t\t\t<style>\/*! elementor - v3.22.0 - 26-06-2024 *\/\n.elementor-widget-image{text-align:center}.elementor-widget-image a{display:inline-block}.elementor-widget-image a img[src$=\".svg\"]{width:48px}.elementor-widget-image img{vertical-align:middle;display:inline-block}<\/style>\t\t\t\t\t\t\t\t\t\t<img decoding=\"async\" width=\"300\" height=\"125\" src=\"https:\/\/camvi.pl\/wp-content\/uploads\/2023\/07\/PNG-882x397-1-300x125.png\" class=\"attachment-medium size-medium wp-image-1011\" alt=\"\" srcset=\"https:\/\/camvi.pl\/wp-content\/uploads\/2023\/07\/PNG-882x397-1-300x125.png 300w, https:\/\/camvi.pl\/wp-content\/uploads\/2023\/07\/PNG-882x397-1-768x320.png 768w, https:\/\/camvi.pl\/wp-content\/uploads\/2023\/07\/PNG-882x397-1-600x250.png 600w, https:\/\/camvi.pl\/wp-content\/uploads\/2023\/07\/PNG-882x397-1.png 866w\" sizes=\"(max-width: 300px) 100vw, 300px\" \/>\t\t\t\t\t\t\t\t\t\t\t\t\t<\/div>\n\t\t\t\t<\/div>\n\t\t<div class=\"elementor-element elementor-element-ab33d00 e-flex e-con-boxed e-con e-parent\" data-id=\"ab33d00\" data-element_type=\"container\">\n\t\t\t\t\t<div class=\"e-con-inner\">\n\t\t\t\t<div class=\"elementor-element elementor-element-8598e8c elementor-widget elementor-widget-heading\" data-id=\"8598e8c\" data-element_type=\"widget\" data-widget_type=\"heading.default\">\n\t\t\t\t<div class=\"elementor-widget-container\">\n\t\t\t<style>\/*! elementor - v3.22.0 - 26-06-2024 *\/\n.elementor-heading-title{padding:0;margin:0;line-height:1}.elementor-widget-heading .elementor-heading-title[class*=elementor-size-]>a{color:inherit;font-size:inherit;line-height:inherit}.elementor-widget-heading .elementor-heading-title.elementor-size-small{font-size:15px}.elementor-widget-heading .elementor-heading-title.elementor-size-medium{font-size:19px}.elementor-widget-heading .elementor-heading-title.elementor-size-large{font-size:29px}.elementor-widget-heading .elementor-heading-title.elementor-size-xl{font-size:39px}.elementor-widget-heading .elementor-heading-title.elementor-size-xxl{font-size:59px}<\/style><h4 class=\"elementor-heading-title elementor-size-default\">Sizes<\/h4>\t\t<\/div>\n\t\t\t\t<\/div>\n\t\t\t\t<div class=\"elementor-element elementor-element-9b953ad elementor-position-left elementor-mobile-position-left elementor-view-default elementor-vertical-align-top elementor-widget elementor-widget-icon-box\" data-id=\"9b953ad\" data-element_type=\"widget\" data-widget_type=\"icon-box.default\">\n\t\t\t\t<div class=\"elementor-widget-container\">\n\t\t\t<link rel=\"stylesheet\" href=\"https:\/\/camvi.pl\/wp-content\/plugins\/elementor\/assets\/css\/widget-icon-box.min.css\">\t\t<div class=\"elementor-icon-box-wrapper\">\n\n\t\t\t\t\t\t<div class=\"elementor-icon-box-icon\">\n\t\t\t\t<a href=\"http:\/\/camvi.pl\/wp-content\/uploads\/2023\/07\/PNG-90x30-1.png\" target=\"_blank\" rel=\"nofollow\" download=\"camvi72-30.png\" class=\"elementor-icon elementor-animation-\" tabindex=\"-1\">\n\t\t\t\t<i aria-hidden=\"true\" class=\"far fa-file-image\"><\/i>\t\t\t\t<\/a>\n\t\t\t<\/div>\n\t\t\t\n\t\t\t\t\t\t<div class=\"elementor-icon-box-content\">\n\n\t\t\t\t\t\t\t\t\t<h6 class=\"elementor-icon-box-title\">\n\t\t\t\t\t\t<a href=\"http:\/\/camvi.pl\/wp-content\/uploads\/2023\/07\/PNG-90x30-1.png\" target=\"_blank\" rel=\"nofollow\" download=\"camvi72-30.png\" >\n\t\t\t\t\t\t\t72x30px\t\t\t\t\t\t<\/a>\n\t\t\t\t\t<\/h6>\n\t\t\t\t\n\t\t\t\t\n\t\t\t<\/div>\n\t\t\t\n\t\t<\/div>\n\t\t\t\t<\/div>\n\t\t\t\t<\/div>\n\t\t\t\t<div class=\"elementor-element elementor-element-6e26194 elementor-position-left elementor-mobile-position-left elementor-view-default elementor-vertical-align-top elementor-widget elementor-widget-icon-box\" data-id=\"6e26194\" data-element_type=\"widget\" data-widget_type=\"icon-box.default\">\n\t\t\t\t<div class=\"elementor-widget-container\">\n\t\t\t\t\t<div class=\"elementor-icon-box-wrapper\">\n\n\t\t\t\t\t\t<div class=\"elementor-icon-box-icon\">\n\t\t\t\t<a href=\"http:\/\/camvi.pl\/wp-content\/uploads\/2023\/07\/PNG-350x55-1.png\" target=\"_blank\" rel=\"nofollow\" download=\"camvi131-55.png\" class=\"elementor-icon elementor-animation-\" tabindex=\"-1\">\n\t\t\t\t<i aria-hidden=\"true\" class=\"far fa-file-image\"><\/i>\t\t\t\t<\/a>\n\t\t\t<\/div>\n\t\t\t\n\t\t\t\t\t\t<div class=\"elementor-icon-box-content\">\n\n\t\t\t\t\t\t\t\t\t<h6 class=\"elementor-icon-box-title\">\n\t\t\t\t\t\t<a href=\"http:\/\/camvi.pl\/wp-content\/uploads\/2023\/07\/PNG-350x55-1.png\" target=\"_blank\" rel=\"nofollow\" download=\"camvi131-55.png\" >\n\t\t\t\t\t\t\t131x55px\t\t\t\t\t\t<\/a>\n\t\t\t\t\t<\/h6>\n\t\t\t\t\n\t\t\t\t\n\t\t\t<\/div>\n\t\t\t\n\t\t<\/div>\n\t\t\t\t<\/div>\n\t\t\t\t<\/div>\n\t\t\t\t<div class=\"elementor-element elementor-element-258d09e elementor-position-left elementor-mobile-position-left elementor-view-default elementor-vertical-align-top elementor-widget elementor-widget-icon-box\" data-id=\"258d09e\" data-element_type=\"widget\" data-widget_type=\"icon-box.default\">\n\t\t\t\t<div class=\"elementor-widget-container\">\n\t\t\t\t\t<div class=\"elementor-icon-box-wrapper\">\n\n\t\t\t\t\t\t<div class=\"elementor-icon-box-icon\">\n\t\t\t\t<a href=\"http:\/\/camvi.pl\/wp-content\/uploads\/2023\/07\/PNG-882x397-1.png\" target=\"_blank\" rel=\"nofollow\" download=\"camvi866-361.png\" class=\"elementor-icon elementor-animation-\" tabindex=\"-1\">\n\t\t\t\t<i aria-hidden=\"true\" class=\"far fa-file-image\"><\/i>\t\t\t\t<\/a>\n\t\t\t<\/div>\n\t\t\t\n\t\t\t\t\t\t<div class=\"elementor-icon-box-content\">\n\n\t\t\t\t\t\t\t\t\t<h6 class=\"elementor-icon-box-title\">\n\t\t\t\t\t\t<a href=\"http:\/\/camvi.pl\/wp-content\/uploads\/2023\/07\/PNG-882x397-1.png\" target=\"_blank\" rel=\"nofollow\" download=\"camvi866-361.png\" >\n\t\t\t\t\t\t\t866x361px\t\t\t\t\t\t<\/a>\n\t\t\t\t\t<\/h6>\n\t\t\t\t\n\t\t\t\t\n\t\t\t<\/div>\n\t\t\t\n\t\t<\/div>\n\t\t\t\t<\/div>\n\t\t\t\t<\/div>\n\t\t\t\t\t<\/div>\n\t\t\t\t<\/div>\n\t\t\t\t\t<\/div>\n\t\t\t\t<\/div>\n\t\t\t\t\t<\/div>\n\t\t\t\t<\/div>\n\t\t<div class=\"elementor-element elementor-element-37ea234 e-flex e-con-boxed e-con e-parent\" data-id=\"37ea234\" data-element_type=\"container\" data-settings=\"{&quot;background_background&quot;:&quot;classic&quot;}\">\n\t\t\t\t\t<div class=\"e-con-inner\">\n\t\t<div class=\"elementor-element elementor-element-c79afe1 e-flex e-con-boxed e-con e-parent\" data-id=\"c79afe1\" data-element_type=\"container\">\n\t\t\t\t\t<div class=\"e-con-inner\">\n\t\t\t\t<div class=\"elementor-element elementor-element-0e7981e elementor-widget elementor-widget-image\" data-id=\"0e7981e\" data-element_type=\"widget\" data-widget_type=\"image.default\">\n\t\t\t\t<div class=\"elementor-widget-container\">\n\t\t\t\t\t\t\t\t\t\t\t\t\t<img fetchpriority=\"high\" decoding=\"async\" width=\"768\" height=\"320\" src=\"https:\/\/camvi.pl\/wp-content\/uploads\/2023\/07\/camvi866-361-white-768x320.png\" class=\"attachment-medium_large size-medium_large wp-image-1409\" alt=\"Logo Camvi\" srcset=\"https:\/\/camvi.pl\/wp-content\/uploads\/2023\/07\/camvi866-361-white-768x320.png 768w, https:\/\/camvi.pl\/wp-content\/uploads\/2023\/07\/camvi866-361-white-600x250.png 600w, https:\/\/camvi.pl\/wp-content\/uploads\/2023\/07\/camvi866-361-white.png 866w\" sizes=\"(max-width: 768px) 100vw, 768px\" \/>\t\t\t\t\t\t\t\t\t\t\t\t\t<\/div>\n\t\t\t\t<\/div>\n\t\t<div class=\"elementor-element elementor-element-d8f0762 e-flex e-con-boxed e-con e-parent\" data-id=\"d8f0762\" data-element_type=\"container\">\n\t\t\t\t\t<div class=\"e-con-inner\">\n\t\t\t\t<div class=\"elementor-element elementor-element-2af9510 elementor-widget elementor-widget-heading\" data-id=\"2af9510\" data-element_type=\"widget\" data-widget_type=\"heading.default\">\n\t\t\t\t<div class=\"elementor-widget-container\">\n\t\t\t<h4 class=\"elementor-heading-title elementor-size-default\">Sizes<\/h4>\t\t<\/div>\n\t\t\t\t<\/div>\n\t\t\t\t<div class=\"elementor-element elementor-element-924c336 elementor-position-left elementor-mobile-position-left elementor-view-default elementor-vertical-align-top elementor-widget elementor-widget-icon-box\" data-id=\"924c336\" data-element_type=\"widget\" data-widget_type=\"icon-box.default\">\n\t\t\t\t<div class=\"elementor-widget-container\">\n\t\t\t\t\t<div class=\"elementor-icon-box-wrapper\">\n\n\t\t\t\t\t\t<div class=\"elementor-icon-box-icon\">\n\t\t\t\t<a href=\"http:\/\/camvi.pl\/wp-content\/uploads\/2023\/07\/camvi72-30-white.png\" target=\"_blank\" rel=\"nofollow\" download=\"camvi72-30-white.png\" class=\"elementor-icon elementor-animation-\" tabindex=\"-1\">\n\t\t\t\t<i aria-hidden=\"true\" class=\"far fa-file-image\"><\/i>\t\t\t\t<\/a>\n\t\t\t<\/div>\n\t\t\t\n\t\t\t\t\t\t<div class=\"elementor-icon-box-content\">\n\n\t\t\t\t\t\t\t\t\t<h6 class=\"elementor-icon-box-title\">\n\t\t\t\t\t\t<a href=\"http:\/\/camvi.pl\/wp-content\/uploads\/2023\/07\/camvi72-30-white.png\" target=\"_blank\" rel=\"nofollow\" download=\"camvi72-30-white.png\" >\n\t\t\t\t\t\t\t72x30px\t\t\t\t\t\t<\/a>\n\t\t\t\t\t<\/h6>\n\t\t\t\t\n\t\t\t\t\n\t\t\t<\/div>\n\t\t\t\n\t\t<\/div>\n\t\t\t\t<\/div>\n\t\t\t\t<\/div>\n\t\t\t\t<div class=\"elementor-element elementor-element-9af4b24 elementor-position-left elementor-mobile-position-left elementor-view-default elementor-vertical-align-top elementor-widget elementor-widget-icon-box\" data-id=\"9af4b24\" data-element_type=\"widget\" data-widget_type=\"icon-box.default\">\n\t\t\t\t<div class=\"elementor-widget-container\">\n\t\t\t\t\t<div class=\"elementor-icon-box-wrapper\">\n\n\t\t\t\t\t\t<div class=\"elementor-icon-box-icon\">\n\t\t\t\t<a href=\"http:\/\/camvi.pl\/wp-content\/uploads\/2023\/07\/camvi131-550-white.png\" target=\"_blank\" rel=\"nofollow\" download=\"camvi131-55-white.png\" class=\"elementor-icon elementor-animation-\" tabindex=\"-1\">\n\t\t\t\t<i aria-hidden=\"true\" class=\"far fa-file-image\"><\/i>\t\t\t\t<\/a>\n\t\t\t<\/div>\n\t\t\t\n\t\t\t\t\t\t<div class=\"elementor-icon-box-content\">\n\n\t\t\t\t\t\t\t\t\t<h6 class=\"elementor-icon-box-title\">\n\t\t\t\t\t\t<a href=\"http:\/\/camvi.pl\/wp-content\/uploads\/2023\/07\/camvi131-550-white.png\" target=\"_blank\" rel=\"nofollow\" download=\"camvi131-55-white.png\" >\n\t\t\t\t\t\t\t131x55px\t\t\t\t\t\t<\/a>\n\t\t\t\t\t<\/h6>\n\t\t\t\t\n\t\t\t\t\n\t\t\t<\/div>\n\t\t\t\n\t\t<\/div>\n\t\t\t\t<\/div>\n\t\t\t\t<\/div>\n\t\t\t\t<div class=\"elementor-element elementor-element-de2419a elementor-position-left elementor-mobile-position-left elementor-view-default elementor-vertical-align-top elementor-widget elementor-widget-icon-box\" data-id=\"de2419a\" data-element_type=\"widget\" data-widget_type=\"icon-box.default\">\n\t\t\t\t<div class=\"elementor-widget-container\">\n\t\t\t\t\t<div class=\"elementor-icon-box-wrapper\">\n\n\t\t\t\t\t\t<div class=\"elementor-icon-box-icon\">\n\t\t\t\t<a href=\"http:\/\/camvi.pl\/wp-content\/uploads\/2023\/07\/camvi866-361-white.png\" target=\"_blank\" rel=\"nofollow\" download=\"camvi866-361-white.png\" class=\"elementor-icon elementor-animation-\" tabindex=\"-1\">\n\t\t\t\t<i aria-hidden=\"true\" class=\"far fa-file-image\"><\/i>\t\t\t\t<\/a>\n\t\t\t<\/div>\n\t\t\t\n\t\t\t\t\t\t<div class=\"elementor-icon-box-content\">\n\n\t\t\t\t\t\t\t\t\t<h6 class=\"elementor-icon-box-title\">\n\t\t\t\t\t\t<a href=\"http:\/\/camvi.pl\/wp-content\/uploads\/2023\/07\/camvi866-361-white.png\" target=\"_blank\" rel=\"nofollow\" download=\"camvi866-361-white.png\" >\n\t\t\t\t\t\t\t866x361px\t\t\t\t\t\t<\/a>\n\t\t\t\t\t<\/h6>\n\t\t\t\t\n\t\t\t\t\n\t\t\t<\/div>\n\t\t\t\n\t\t<\/div>\n\t\t\t\t<\/div>\n\t\t\t\t<\/div>\n\t\t\t\t\t<\/div>\n\t\t\t\t<\/div>\n\t\t\t\t\t<\/div>\n\t\t\t\t<\/div>\n\t\t\t\t\t<\/div>\n\t\t\t\t<\/div>\n\t\t\t\t<\/div>\n\t\t\t\t<\/div>","protected":false},"excerpt":{"rendered":"<p>Rozmiary 72x30px 131x55px 866x361px Rozmiary 72x30px 131x55px 866x361px<\/p>","protected":false},"author":1,"featured_media":676,"parent":0,"menu_order":0,"comment_status":"closed","ping_status":"closed","template":"","meta":{"footnotes":""},"class_list":["post-1389","page","type-page","status-publish","has-post-thumbnail","hentry"],"blocksy_meta":{"page_structure_type":"type-4","has_hero_section":"enabled","hero_section":"type-2","styles_descriptor":{"styles":{"desktop":"[data-prefix=\"single_page\"] .entry-header .page-title {--theme-font-size:30px;--theme-heading-color:#ffffff;} [data-prefix=\"single_page\"] .entry-header .entry-meta {--theme-font-weight:600;--theme-text-transform:uppercase;--theme-font-size:12px;--theme-line-height:1.3;} [data-prefix=\"single_page\"] .hero-section[data-type=\"type-2\"] {--min-height:526px;background-color:var(--theme-palette-color-6);background-image:none;--container-padding:50px 0px;}","tablet":"","mobile":""},"google_fonts":[],"version":6},"hero_elements":[{"id":"custom_title","enabled":true,"heading_tag":"h1","title":"Strona g\u0142\u00f3wna","__id":"qv0cyFbQXCq3rNrKHTcFY"},{"id":"custom_description","enabled":true,"description_visibility":{"desktop":true,"tablet":true,"mobile":false},"__id":"OABwenFYH8TrA1cCByrWy"},{"id":"custom_meta","enabled":false,"meta_elements":[{"id":"author","enabled":true,"label":"Przez","has_author_avatar":"yes","avatar_size":25},{"id":"post_date","enabled":true,"label":"W\u0142\u0105cz","date_format_source":"default","date_format":"M j, Y"},{"id":"updated_date","enabled":false,"label":"W\u0142\u0105cz","date_format_source":"default","date_format":"M j, Y"},{"id":"categories","enabled":false,"label":"W","style":"simple"},{"id":"comments","enabled":true}],"page_meta_elements":{"joined":true,"articles_count":true,"comments":true},"__id":"r7lyoLy7lmJTAtJrl1HMg"},{"id":"breadcrumbs","enabled":false,"__id":"YYRp96WUYpIBJigdvOk1y"}],"parallax":{"desktop":true,"tablet":false,"mobile":false},"hero_height":{"desktop":"526px","tablet":"526px","mobile":"526px","__changed":[]},"pageTitleFontColor":{"default":{"color":"#ffffff"}}},"yoast_head":"<!-- This site is optimized with the Yoast SEO plugin v22.9 - https:\/\/yoast.com\/wordpress\/plugins\/seo\/ -->\n<title>Do pobrania - camvi.pl<\/title>\n<meta name=\"robots\" content=\"index, follow, max-snippet:-1, max-image-preview:large, max-video-preview:-1\" \/>\n<link rel=\"canonical\" href=\"https:\/\/camvi.pl\/en\/do-pobrania\/\" \/>\n<meta property=\"og:locale\" content=\"en_GB\" \/>\n<meta property=\"og:type\" content=\"article\" \/>\n<meta property=\"og:title\" content=\"Do pobrania - camvi.pl\" \/>\n<meta property=\"og:description\" content=\"Rozmiary 72x30px 131x55px 866x361px Rozmiary 72x30px 131x55px 866x361px\" \/>\n<meta property=\"og:url\" content=\"https:\/\/camvi.pl\/en\/do-pobrania\/\" \/>\n<meta property=\"og:site_name\" content=\"camvi.pl\" \/>\n<meta property=\"article:modified_time\" content=\"2023-08-01T08:32:52+00:00\" \/>\n<meta property=\"og:image\" content=\"https:\/\/ml5rbtdvsjrf.i.optimole.com\/cb:MpvK.129b7\/w:auto\/h:auto\/q:mauto\/f:best\/https:\/\/camvi.pl\/wp-content\/uploads\/2022\/05\/article-image-6.webp\" \/>\n\t<meta property=\"og:image:width\" content=\"1230\" \/>\n\t<meta property=\"og:image:height\" content=\"1020\" \/>\n\t<meta property=\"og:image:type\" content=\"image\/webp\" \/>\n<meta name=\"twitter:card\" content=\"summary_large_image\" \/>\n<script type=\"application\/ld+json\" class=\"yoast-schema-graph\">{\"@context\":\"https:\/\/schema.org\",\"@graph\":[{\"@type\":\"WebPage\",\"@id\":\"https:\/\/camvi.pl\/en\/do-pobrania\/\",\"url\":\"https:\/\/camvi.pl\/en\/do-pobrania\/\",\"name\":\"Do pobrania - camvi.pl\",\"isPartOf\":{\"@id\":\"https:\/\/camvi.pl\/#website\"},\"primaryImageOfPage\":{\"@id\":\"https:\/\/camvi.pl\/en\/do-pobrania\/#primaryimage\"},\"image\":{\"@id\":\"https:\/\/camvi.pl\/en\/do-pobrania\/#primaryimage\"},\"thumbnailUrl\":\"https:\/\/camvi.pl\/wp-content\/uploads\/2022\/05\/article-image-6.webp\",\"datePublished\":\"2023-07-31T08:57:13+00:00\",\"dateModified\":\"2023-08-01T08:32:52+00:00\",\"breadcrumb\":{\"@id\":\"https:\/\/camvi.pl\/en\/do-pobrania\/#breadcrumb\"},\"inLanguage\":\"en-GB\",\"potentialAction\":[{\"@type\":\"ReadAction\",\"target\":[\"https:\/\/camvi.pl\/en\/do-pobrania\/\"]}]},{\"@type\":\"ImageObject\",\"inLanguage\":\"en-GB\",\"@id\":\"https:\/\/camvi.pl\/en\/do-pobrania\/#primaryimage\",\"url\":\"https:\/\/camvi.pl\/wp-content\/uploads\/2022\/05\/article-image-6.webp\",\"contentUrl\":\"https:\/\/camvi.pl\/wp-content\/uploads\/2022\/05\/article-image-6.webp\",\"width\":1230,\"height\":1020},{\"@type\":\"BreadcrumbList\",\"@id\":\"https:\/\/camvi.pl\/en\/do-pobrania\/#breadcrumb\",\"itemListElement\":[{\"@type\":\"ListItem\",\"position\":1,\"name\":\"Strona g\u0142\u00f3wna\",\"item\":\"https:\/\/camvi.pl\/\"},{\"@type\":\"ListItem\",\"position\":2,\"name\":\"Do pobrania\"}]},{\"@type\":\"WebSite\",\"@id\":\"https:\/\/camvi.pl\/#website\",\"url\":\"https:\/\/camvi.pl\/\",\"name\":\"camvi.pl\",\"description\":\"Camvi marka kamer IP\",\"potentialAction\":[{\"@type\":\"SearchAction\",\"target\":{\"@type\":\"EntryPoint\",\"urlTemplate\":\"https:\/\/camvi.pl\/?s={search_term_string}\"},\"query-input\":\"required name=search_term_string\"}],\"inLanguage\":\"en-GB\"}]}<\/script>\n<!-- \/ Yoast SEO plugin. -->","yoast_head_json":{"title":"Do pobrania - camvi.pl","robots":{"index":"index","follow":"follow","max-snippet":"max-snippet:-1","max-image-preview":"max-image-preview:large","max-video-preview":"max-video-preview:-1"},"canonical":"https:\/\/camvi.pl\/en\/do-pobrania\/","og_locale":"en_GB","og_type":"article","og_title":"Do pobrania - camvi.pl","og_description":"Rozmiary 72x30px 131x55px 866x361px Rozmiary 72x30px 131x55px 866x361px","og_url":"https:\/\/camvi.pl\/en\/do-pobrania\/","og_site_name":"camvi.pl","article_modified_time":"2023-08-01T08:32:52+00:00","og_image":[{"width":1230,"height":1020,"url":"https:\/\/ml5rbtdvsjrf.i.optimole.com\/cb:MpvK.129b7\/w:auto\/h:auto\/q:mauto\/f:best\/https:\/\/camvi.pl\/wp-content\/uploads\/2022\/05\/article-image-6.webp","type":"image\/webp"}],"twitter_card":"summary_large_image","schema":{"@context":"https:\/\/schema.org","@graph":[{"@type":"WebPage","@id":"https:\/\/camvi.pl\/en\/do-pobrania\/","url":"https:\/\/camvi.pl\/en\/do-pobrania\/","name":"Do pobrania - camvi.pl","isPartOf":{"@id":"https:\/\/camvi.pl\/#website"},"primaryImageOfPage":{"@id":"https:\/\/camvi.pl\/en\/do-pobrania\/#primaryimage"},"image":{"@id":"https:\/\/camvi.pl\/en\/do-pobrania\/#primaryimage"},"thumbnailUrl":"https:\/\/camvi.pl\/wp-content\/uploads\/2022\/05\/article-image-6.webp","datePublished":"2023-07-31T08:57:13+00:00","dateModified":"2023-08-01T08:32:52+00:00","breadcrumb":{"@id":"https:\/\/camvi.pl\/en\/do-pobrania\/#breadcrumb"},"inLanguage":"en-GB","potentialAction":[{"@type":"ReadAction","target":["https:\/\/camvi.pl\/en\/do-pobrania\/"]}]},{"@type":"ImageObject","inLanguage":"en-GB","@id":"https:\/\/camvi.pl\/en\/do-pobrania\/#primaryimage","url":"https:\/\/camvi.pl\/wp-content\/uploads\/2022\/05\/article-image-6.webp","contentUrl":"https:\/\/camvi.pl\/wp-content\/uploads\/2022\/05\/article-image-6.webp","width":1230,"height":1020},{"@type":"BreadcrumbList","@id":"https:\/\/camvi.pl\/en\/do-pobrania\/#breadcrumb","itemListElement":[{"@type":"ListItem","position":1,"name":"Strona g\u0142\u00f3wna","item":"https:\/\/camvi.pl\/"},{"@type":"ListItem","position":2,"name":"Do pobrania"}]},{"@type":"WebSite","@id":"https:\/\/camvi.pl\/#website","url":"https:\/\/camvi.pl\/","name":"camvi.pl","description":"Camvi marka kamer IP","potentialAction":[{"@type":"SearchAction","target":{"@type":"EntryPoint","urlTemplate":"https:\/\/camvi.pl\/?s={search_term_string}"},"query-input":"required name=search_term_string"}],"inLanguage":"en-GB"}]}},"_links":{"self":[{"href":"https:\/\/camvi.pl\/en\/wp-json\/wp\/v2\/pages\/1389","targetHints":{"allow":["GET"]}}],"collection":[{"href":"https:\/\/camvi.pl\/en\/wp-json\/wp\/v2\/pages"}],"about":[{"href":"https:\/\/camvi.pl\/en\/wp-json\/wp\/v2\/types\/page"}],"author":[{"embeddable":true,"href":"https:\/\/camvi.pl\/en\/wp-json\/wp\/v2\/users\/1"}],"replies":[{"embeddable":true,"href":"https:\/\/camvi.pl\/en\/wp-json\/wp\/v2\/comments?post=1389"}],"version-history":[{"count":34,"href":"https:\/\/camvi.pl\/en\/wp-json\/wp\/v2\/pages\/1389\/revisions"}],"predecessor-version":[{"id":1437,"href":"https:\/\/camvi.pl\/en\/wp-json\/wp\/v2\/pages\/1389\/revisions\/1437"}],"wp:featuredmedia":[{"embeddable":true,"href":"https:\/\/camvi.pl\/en\/wp-json\/wp\/v2\/media\/676"}],"wp:attachment":[{"href":"https:\/\/camvi.pl\/en\/wp-json\/wp\/v2\/media?parent=1389"}],"curies":[{"name":"wp","href":"https:\/\/api.w.org\/{rel}","templated":true}]}}