{"id":1441,"date":"2023-08-01T12:06:18","date_gmt":"2023-08-01T10:06:18","guid":{"rendered":"http:\/\/camvi.pl\/?page_id=1441"},"modified":"2024-02-02T19:59:39","modified_gmt":"2024-02-02T18:59:39","slug":"partnerzy","status":"publish","type":"page","link":"https:\/\/camvi.pl\/en\/partnerzy\/","title":{"rendered":"Partnerzy"},"content":{"rendered":"<div data-elementor-type=\"wp-page\" data-elementor-id=\"1441\" class=\"elementor elementor-1441\">\n\t\t\t\t<div class=\"elementor-element elementor-element-8170fe7 e-flex e-con-boxed e-con e-parent\" data-id=\"8170fe7\" data-element_type=\"container\">\n\t\t\t\t\t<div class=\"e-con-inner\">\n\t\t<div class=\"elementor-element elementor-element-1ed4bf8 e-con-full e-flex e-con e-child\" data-id=\"1ed4bf8\" data-element_type=\"container\" id=\"hero-container\" data-settings=\"{&quot;background_background&quot;:&quot;slideshow&quot;,&quot;background_slideshow_gallery&quot;:[{&quot;id&quot;:1443,&quot;url&quot;:&quot;http:\\\/\\\/camvi.pl\\\/wp-content\\\/uploads\\\/2023\\\/08\\\/hero-image@2x-scaled.webp&quot;}],&quot;background_slideshow_loop&quot;:&quot;yes&quot;,&quot;background_slideshow_slide_duration&quot;:5000,&quot;background_slideshow_slide_transition&quot;:&quot;fade&quot;,&quot;background_slideshow_transition_duration&quot;:500}\">\n\t\t\t\t<div class=\"elementor-element elementor-element-6376618 elementor-widget elementor-widget-image\" data-id=\"6376618\" data-element_type=\"widget\" data-widget_type=\"image.default\">\n\t\t\t\t<div class=\"elementor-widget-container\">\n\t\t\t<style>\/*! elementor - v3.22.0 - 26-06-2024 *\/\n.elementor-widget-image{text-align:center}.elementor-widget-image a{display:inline-block}.elementor-widget-image a img[src$=\".svg\"]{width:48px}.elementor-widget-image img{vertical-align:middle;display:inline-block}<\/style>\t\t\t\t\t\t\t\t\t\t<img decoding=\"async\" width=\"300\" height=\"125\" src=\"https:\/\/camvi.pl\/wp-content\/uploads\/2023\/07\/PNG-882x397-white-300x125.png\" class=\"attachment-medium size-medium wp-image-1016\" alt=\"\" srcset=\"https:\/\/camvi.pl\/wp-content\/uploads\/2023\/07\/PNG-882x397-white-300x125.png 300w, https:\/\/camvi.pl\/wp-content\/uploads\/2023\/07\/PNG-882x397-white-768x320.png 768w, https:\/\/camvi.pl\/wp-content\/uploads\/2023\/07\/PNG-882x397-white-600x250.png 600w, https:\/\/camvi.pl\/wp-content\/uploads\/2023\/07\/PNG-882x397-white.png 866w\" sizes=\"(max-width: 300px) 100vw, 300px\" \/>\t\t\t\t\t\t\t\t\t\t\t\t\t<\/div>\n\t\t\t\t<\/div>\n\t\t\t\t<div class=\"elementor-element elementor-element-c261989 elementor-widget elementor-widget-heading\" data-id=\"c261989\" data-element_type=\"widget\" data-widget_type=\"heading.default\">\n\t\t\t\t<div class=\"elementor-widget-container\">\n\t\t\t<style>\/*! elementor - v3.22.0 - 26-06-2024 *\/\n.elementor-heading-title{padding:0;margin:0;line-height:1}.elementor-widget-heading .elementor-heading-title[class*=elementor-size-]>a{color:inherit;font-size:inherit;line-height:inherit}.elementor-widget-heading .elementor-heading-title.elementor-size-small{font-size:15px}.elementor-widget-heading .elementor-heading-title.elementor-size-medium{font-size:19px}.elementor-widget-heading .elementor-heading-title.elementor-size-large{font-size:29px}.elementor-widget-heading .elementor-heading-title.elementor-size-xl{font-size:39px}.elementor-widget-heading .elementor-heading-title.elementor-size-xxl{font-size:59px}<\/style><h4 class=\"elementor-heading-title elementor-size-xl\">Best ofr the users. Best for the companies<\/h4>\t\t<\/div>\n\t\t\t\t<\/div>\n\t\t\t\t<div class=\"elementor-element elementor-element-b391b32 elementor-widget elementor-widget-heading\" data-id=\"b391b32\" data-element_type=\"widget\" id=\"partner-long-text\" data-widget_type=\"heading.default\">\n\t\t\t\t<div class=\"elementor-widget-container\">\n\t\t\t<h4 class=\"elementor-heading-title elementor-size-medium\">We have created a professional product that meets strict safety requirements. Camvi is an entire ecosystem that will help you accelerate the development of your company<\/h4>\t\t<\/div>\n\t\t\t\t<\/div>\n\t\t\t\t<div class=\"elementor-element elementor-element-fa55bf8 elementor-widget elementor-widget-button\" data-id=\"fa55bf8\" data-element_type=\"widget\" data-widget_type=\"button.default\">\n\t\t\t\t<div class=\"elementor-widget-container\">\n\t\t\t\t\t<div class=\"elementor-button-wrapper\">\n\t\t\t<a class=\"elementor-button elementor-button-link elementor-size-sm\" href=\"https:\/\/camvi.pl\/en\/partnerzy-kontakt\/\" id=\"partner-link-button\">\n\t\t\t\t\t\t<span class=\"elementor-button-content-wrapper\">\n\t\t\t\t\t\t\t\t\t<span class=\"elementor-button-text\">Become a partner<\/span>\n\t\t\t\t\t<\/span>\n\t\t\t\t\t<\/a>\n\t\t<\/div>\n\t\t\t\t<\/div>\n\t\t\t\t<\/div>\n\t\t\t\t<\/div>\n\t\t\t\t\t<\/div>\n\t\t\t\t<\/div>\n\t\t\t\t<\/div>","protected":false},"excerpt":{"rendered":"<p>Najlepszy dla u\u017cytkownik\u00f3w. Najlepszy dla firm Stworzyli\u015bmy profesjonalny produkt, kt\u00f3ry spe\u0142nia surowe wymagania w zakresie bezpiecze\u0144stwa. Camvi to ca\u0142y ekosystem, z kt\u00f3rym przyspieszysz rozw\u00f3j swojej firmy Zosta\u0144 partnerem<\/p>","protected":false},"author":1,"featured_media":0,"parent":0,"menu_order":0,"comment_status":"closed","ping_status":"closed","template":"","meta":{"footnotes":""},"class_list":["post-1441","page","type-page","status-publish","hentry"],"blocksy_meta":[],"yoast_head":"<!-- This site is optimized with the Yoast SEO plugin v22.9 - https:\/\/yoast.com\/wordpress\/plugins\/seo\/ -->\n<title>Partnerzy - camvi.pl<\/title>\n<meta name=\"robots\" content=\"index, follow, max-snippet:-1, max-image-preview:large, max-video-preview:-1\" \/>\n<link rel=\"canonical\" href=\"https:\/\/camvi.pl\/en\/partnerzy\/\" \/>\n<meta property=\"og:locale\" content=\"en_GB\" \/>\n<meta property=\"og:type\" content=\"article\" \/>\n<meta property=\"og:title\" content=\"Partnerzy - camvi.pl\" \/>\n<meta property=\"og:description\" content=\"Najlepszy dla u\u017cytkownik\u00f3w. Najlepszy dla firm Stworzyli\u015bmy profesjonalny produkt, kt\u00f3ry spe\u0142nia surowe wymagania w zakresie bezpiecze\u0144stwa. Camvi to ca\u0142y ekosystem, z kt\u00f3rym przyspieszysz rozw\u00f3j swojej firmy Zosta\u0144 partnerem\" \/>\n<meta property=\"og:url\" content=\"https:\/\/camvi.pl\/en\/partnerzy\/\" \/>\n<meta property=\"og:site_name\" content=\"camvi.pl\" \/>\n<meta property=\"article:modified_time\" content=\"2024-02-02T18:59:39+00:00\" \/>\n<meta property=\"og:image\" content=\"https:\/\/camvi.pl\/wp-content\/uploads\/2023\/07\/PNG-882x397-white-300x125.png\" \/>\n<meta name=\"twitter:card\" content=\"summary_large_image\" \/>\n<script type=\"application\/ld+json\" class=\"yoast-schema-graph\">{\"@context\":\"https:\/\/schema.org\",\"@graph\":[{\"@type\":\"WebPage\",\"@id\":\"https:\/\/camvi.pl\/partnerzy\/\",\"url\":\"https:\/\/camvi.pl\/partnerzy\/\",\"name\":\"Partnerzy - camvi.pl\",\"isPartOf\":{\"@id\":\"https:\/\/camvi.pl\/#website\"},\"primaryImageOfPage\":{\"@id\":\"https:\/\/camvi.pl\/partnerzy\/#primaryimage\"},\"image\":{\"@id\":\"https:\/\/camvi.pl\/partnerzy\/#primaryimage\"},\"thumbnailUrl\":\"https:\/\/camvi.pl\/wp-content\/uploads\/2023\/07\/PNG-882x397-white-300x125.png\",\"datePublished\":\"2023-08-01T10:06:18+00:00\",\"dateModified\":\"2024-02-02T18:59:39+00:00\",\"breadcrumb\":{\"@id\":\"https:\/\/camvi.pl\/partnerzy\/#breadcrumb\"},\"inLanguage\":\"en-GB\",\"potentialAction\":[{\"@type\":\"ReadAction\",\"target\":[\"https:\/\/camvi.pl\/partnerzy\/\"]}]},{\"@type\":\"ImageObject\",\"inLanguage\":\"en-GB\",\"@id\":\"https:\/\/camvi.pl\/partnerzy\/#primaryimage\",\"url\":\"https:\/\/camvi.pl\/wp-content\/uploads\/2023\/07\/PNG-882x397-white-300x125.png\",\"contentUrl\":\"https:\/\/camvi.pl\/wp-content\/uploads\/2023\/07\/PNG-882x397-white-300x125.png\"},{\"@type\":\"BreadcrumbList\",\"@id\":\"https:\/\/camvi.pl\/partnerzy\/#breadcrumb\",\"itemListElement\":[{\"@type\":\"ListItem\",\"position\":1,\"name\":\"Strona g\u0142\u00f3wna\",\"item\":\"https:\/\/camvi.pl\/\"},{\"@type\":\"ListItem\",\"position\":2,\"name\":\"Partnerzy\"}]},{\"@type\":\"WebSite\",\"@id\":\"https:\/\/camvi.pl\/#website\",\"url\":\"https:\/\/camvi.pl\/\",\"name\":\"camvi.pl\",\"description\":\"Camvi marka kamer IP\",\"potentialAction\":[{\"@type\":\"SearchAction\",\"target\":{\"@type\":\"EntryPoint\",\"urlTemplate\":\"https:\/\/camvi.pl\/?s={search_term_string}\"},\"query-input\":\"required name=search_term_string\"}],\"inLanguage\":\"en-GB\"}]}<\/script>\n<!-- \/ Yoast SEO plugin. -->","yoast_head_json":{"title":"Partnerzy - camvi.pl","robots":{"index":"index","follow":"follow","max-snippet":"max-snippet:-1","max-image-preview":"max-image-preview:large","max-video-preview":"max-video-preview:-1"},"canonical":"https:\/\/camvi.pl\/en\/partnerzy\/","og_locale":"en_GB","og_type":"article","og_title":"Partnerzy - camvi.pl","og_description":"Najlepszy dla u\u017cytkownik\u00f3w. Najlepszy dla firm Stworzyli\u015bmy profesjonalny produkt, kt\u00f3ry spe\u0142nia surowe wymagania w zakresie bezpiecze\u0144stwa. Camvi to ca\u0142y ekosystem, z kt\u00f3rym przyspieszysz rozw\u00f3j swojej firmy Zosta\u0144 partnerem","og_url":"https:\/\/camvi.pl\/en\/partnerzy\/","og_site_name":"camvi.pl","article_modified_time":"2024-02-02T18:59:39+00:00","og_image":[{"url":"https:\/\/camvi.pl\/wp-content\/uploads\/2023\/07\/PNG-882x397-white-300x125.png"}],"twitter_card":"summary_large_image","schema":{"@context":"https:\/\/schema.org","@graph":[{"@type":"WebPage","@id":"https:\/\/camvi.pl\/partnerzy\/","url":"https:\/\/camvi.pl\/partnerzy\/","name":"Partnerzy - camvi.pl","isPartOf":{"@id":"https:\/\/camvi.pl\/#website"},"primaryImageOfPage":{"@id":"https:\/\/camvi.pl\/partnerzy\/#primaryimage"},"image":{"@id":"https:\/\/camvi.pl\/partnerzy\/#primaryimage"},"thumbnailUrl":"https:\/\/camvi.pl\/wp-content\/uploads\/2023\/07\/PNG-882x397-white-300x125.png","datePublished":"2023-08-01T10:06:18+00:00","dateModified":"2024-02-02T18:59:39+00:00","breadcrumb":{"@id":"https:\/\/camvi.pl\/partnerzy\/#breadcrumb"},"inLanguage":"en-GB","potentialAction":[{"@type":"ReadAction","target":["https:\/\/camvi.pl\/partnerzy\/"]}]},{"@type":"ImageObject","inLanguage":"en-GB","@id":"https:\/\/camvi.pl\/partnerzy\/#primaryimage","url":"https:\/\/camvi.pl\/wp-content\/uploads\/2023\/07\/PNG-882x397-white-300x125.png","contentUrl":"https:\/\/camvi.pl\/wp-content\/uploads\/2023\/07\/PNG-882x397-white-300x125.png"},{"@type":"BreadcrumbList","@id":"https:\/\/camvi.pl\/partnerzy\/#breadcrumb","itemListElement":[{"@type":"ListItem","position":1,"name":"Strona g\u0142\u00f3wna","item":"https:\/\/camvi.pl\/"},{"@type":"ListItem","position":2,"name":"Partnerzy"}]},{"@type":"WebSite","@id":"https:\/\/camvi.pl\/#website","url":"https:\/\/camvi.pl\/","name":"camvi.pl","description":"Camvi marka kamer IP","potentialAction":[{"@type":"SearchAction","target":{"@type":"EntryPoint","urlTemplate":"https:\/\/camvi.pl\/?s={search_term_string}"},"query-input":"required name=search_term_string"}],"inLanguage":"en-GB"}]}},"_links":{"self":[{"href":"https:\/\/camvi.pl\/en\/wp-json\/wp\/v2\/pages\/1441","targetHints":{"allow":["GET"]}}],"collection":[{"href":"https:\/\/camvi.pl\/en\/wp-json\/wp\/v2\/pages"}],"about":[{"href":"https:\/\/camvi.pl\/en\/wp-json\/wp\/v2\/types\/page"}],"author":[{"embeddable":true,"href":"https:\/\/camvi.pl\/en\/wp-json\/wp\/v2\/users\/1"}],"replies":[{"embeddable":true,"href":"https:\/\/camvi.pl\/en\/wp-json\/wp\/v2\/comments?post=1441"}],"version-history":[{"count":30,"href":"https:\/\/camvi.pl\/en\/wp-json\/wp\/v2\/pages\/1441\/revisions"}],"predecessor-version":[{"id":1926,"href":"https:\/\/camvi.pl\/en\/wp-json\/wp\/v2\/pages\/1441\/revisions\/1926"}],"wp:attachment":[{"href":"https:\/\/camvi.pl\/en\/wp-json\/wp\/v2\/media?parent=1441"}],"curies":[{"name":"wp","href":"https:\/\/api.w.org\/{rel}","templated":true}]}}