{"id":1466,"date":"2023-08-01T12:50:43","date_gmt":"2023-08-01T10:50:43","guid":{"rendered":"http:\/\/camvi.pl\/?page_id=1466"},"modified":"2023-08-09T11:00:09","modified_gmt":"2023-08-09T09:00:09","slug":"partnerzy-kontakt","status":"publish","type":"page","link":"https:\/\/camvi.pl\/en\/partnerzy-kontakt\/","title":{"rendered":"Partnerzy kontakt"},"content":{"rendered":"<div data-elementor-type=\"wp-page\" data-elementor-id=\"1466\" class=\"elementor elementor-1466\">\n\t\t\t\t<div class=\"elementor-element elementor-element-266ba31 e-flex e-con-boxed e-con e-parent\" data-id=\"266ba31\" data-element_type=\"container\">\n\t\t\t\t\t<div class=\"e-con-inner\">\n\t\t\t\t<div class=\"elementor-element elementor-element-e3cb4bd elementor-widget elementor-widget-heading\" data-id=\"e3cb4bd\" data-element_type=\"widget\" data-widget_type=\"heading.default\">\n\t\t\t\t<div class=\"elementor-widget-container\">\n\t\t\t<style>\/*! elementor - v3.22.0 - 26-06-2024 *\/\n.elementor-heading-title{padding:0;margin:0;line-height:1}.elementor-widget-heading .elementor-heading-title[class*=elementor-size-]>a{color:inherit;font-size:inherit;line-height:inherit}.elementor-widget-heading .elementor-heading-title.elementor-size-small{font-size:15px}.elementor-widget-heading .elementor-heading-title.elementor-size-medium{font-size:19px}.elementor-widget-heading .elementor-heading-title.elementor-size-large{font-size:29px}.elementor-widget-heading .elementor-heading-title.elementor-size-xl{font-size:39px}.elementor-widget-heading .elementor-heading-title.elementor-size-xxl{font-size:59px}<\/style><h2 class=\"elementor-heading-title elementor-size-default\">Write your own history<\/h2>\t\t<\/div>\n\t\t\t\t<\/div>\n\t\t\t\t\t<\/div>\n\t\t\t\t<\/div>\n\t\t<div class=\"elementor-element elementor-element-8170fe7 e-flex e-con-boxed e-con e-parent\" data-id=\"8170fe7\" data-element_type=\"container\">\n\t\t\t\t\t<div class=\"e-con-inner\">\n\t\t\t\t<div class=\"elementor-element elementor-element-ff0d0d7 elementor-widget elementor-widget-heading\" data-id=\"ff0d0d7\" data-element_type=\"widget\" data-widget_type=\"heading.default\">\n\t\t\t\t<div class=\"elementor-widget-container\">\n\t\t\t<h6 class=\"elementor-heading-title elementor-size-medium\">Wy\u015blij zapytanie, aby zosta\u0107 oficjalnym dystrybutorem, autoryzowanym resellerza, agencj\u0105 ochrony lub instalatorem<\/h6>\t\t<\/div>\n\t\t\t\t<\/div>\n\t\t\t\t<div class=\"elementor-element elementor-element-e76388a elementor-widget elementor-widget-wpforms\" data-id=\"e76388a\" data-element_type=\"widget\" data-widget_type=\"wpforms.default\">\n\t\t\t\t<div class=\"elementor-widget-container\">\n\t\t\t<style id=\"wpforms-css-vars-root\">\n\t\t\t\t:root {\n\t\t\t\t\t--wpforms-field-border-radius: 3px;\n--wpforms-field-border-style: solid;\n--wpforms-field-border-size: 1px;\n--wpforms-field-background-color: #ffffff;\n--wpforms-field-border-color: rgba( 0, 0, 0, 0.25 );\n--wpforms-field-border-color-spare: rgba( 0, 0, 0, 0.25 );\n--wpforms-field-text-color: rgba( 0, 0, 0, 0.7 );\n--wpforms-field-menu-color: #ffffff;\n--wpforms-label-color: rgba( 0, 0, 0, 0.85 );\n--wpforms-label-sublabel-color: rgba( 0, 0, 0, 0.55 );\n--wpforms-label-error-color: #d63637;\n--wpforms-button-border-radius: 3px;\n--wpforms-button-border-style: none;\n--wpforms-button-border-size: 1px;\n--wpforms-button-background-color: #066aab;\n--wpforms-button-border-color: #066aab;\n--wpforms-button-text-color: #ffffff;\n--wpforms-page-break-color: #066aab;\n--wpforms-background-image: none;\n--wpforms-background-position: center center;\n--wpforms-background-repeat: no-repeat;\n--wpforms-background-size: cover;\n--wpforms-background-width: 100px;\n--wpforms-background-height: 100px;\n--wpforms-background-color: rgba( 0, 0, 0, 0 );\n--wpforms-background-url: none;\n--wpforms-container-padding: 0px;\n--wpforms-container-border-style: none;\n--wpforms-container-border-width: 1px;\n--wpforms-container-border-color: #000000;\n--wpforms-container-border-radius: 3px;\n--wpforms-field-size-input-height: 43px;\n--wpforms-field-size-input-spacing: 15px;\n--wpforms-field-size-font-size: 16px;\n--wpforms-field-size-line-height: 19px;\n--wpforms-field-size-padding-h: 14px;\n--wpforms-field-size-checkbox-size: 16px;\n--wpforms-field-size-sublabel-spacing: 5px;\n--wpforms-field-size-icon-size: 1;\n--wpforms-label-size-font-size: 16px;\n--wpforms-label-size-line-height: 19px;\n--wpforms-label-size-sublabel-font-size: 14px;\n--wpforms-label-size-sublabel-line-height: 17px;\n--wpforms-button-size-font-size: 17px;\n--wpforms-button-size-height: 41px;\n--wpforms-button-size-padding-h: 15px;\n--wpforms-button-size-margin-top: 10px;\n--wpforms-container-shadow-size-box-shadow: none;\n\n\t\t\t\t}\n\t\t\t<\/style><div class=\"wpforms-container wpforms-render-modern\" id=\"wpforms-1472\"><form id=\"wpforms-form-1472\" class=\"wpforms-validate wpforms-form wpforms-ajax-form\" data-formid=\"1472\" method=\"post\" enctype=\"multipart\/form-data\" action=\"\/en\/wp-json\/wp\/v2\/pages\/1466\" data-token=\"834ff75be81c8fdd0136f5d2e30630e3\" data-token-time=\"1776299400\" data-trp-original-action=\"\/en\/wp-json\/wp\/v2\/pages\/1466\"><noscript class=\"wpforms-error-noscript\">Please enable JavaScript in your browser to complete this form.<\/noscript><div class=\"wpforms-hidden\" id=\"wpforms-error-noscript\">Please enable JavaScript in your browser to complete this form.<\/div><div class=\"wpforms-field-container\"><div id=\"wpforms-1472-field_1-container\" class=\"wpforms-field wpforms-field-text wp-form-input\" data-field-id=\"1\"><label class=\"wpforms-field-label\" for=\"wpforms-1472-field_1\">Imi\u0119 i nazwisko <span class=\"wpforms-required-label\" aria-hidden=\"true\">*<\/span><\/label><input type=\"text\" id=\"wpforms-1472-field_1\" class=\"wpforms-field-large wpforms-field-required\" name=\"wpforms[fields][1]\" aria-errormessage=\"wpforms-1472-field_1-error\" required><\/div><div id=\"wpforms-1472-field_2-container\" class=\"wpforms-field wpforms-field-text wp-form-input\" data-field-id=\"2\"><label class=\"wpforms-field-label\" for=\"wpforms-1472-field_2\">Firma <span class=\"wpforms-required-label\" aria-hidden=\"true\">*<\/span><\/label><input type=\"text\" id=\"wpforms-1472-field_2\" class=\"wpforms-field-large wpforms-field-required\" name=\"wpforms[fields][2]\" aria-errormessage=\"wpforms-1472-field_2-error\" required><\/div><div id=\"wpforms-1472-field_3-container\" class=\"wpforms-field wpforms-field-text wp-form-input\" data-field-id=\"3\"><label class=\"wpforms-field-label\" for=\"wpforms-1472-field_3\">Miasto <span class=\"wpforms-required-label\" aria-hidden=\"true\">*<\/span><\/label><input type=\"text\" id=\"wpforms-1472-field_3\" class=\"wpforms-field-large wpforms-field-required\" name=\"wpforms[fields][3]\" aria-errormessage=\"wpforms-1472-field_3-error\" required><\/div><div id=\"wpforms-1472-field_7-container\" class=\"wpforms-field wpforms-field-select wp-form-input wpforms-field-select-style-classic\" data-field-id=\"7\"><label class=\"wpforms-field-label\" for=\"wpforms-1472-field_7\">Dzia\u0142alno\u015b\u0107<\/label><select id=\"wpforms-1472-field_7\" class=\"wpforms-field-large\" name=\"wpforms[fields][7]\"><option value=\"Dystrybutor\" >Dystrybutor<\/option><option value=\"Dealer\" >Dealer<\/option><option value=\"Integrator\" >Integrator<\/option><option value=\"Sprzeda\u017c detaliczna\" >Sprzeda\u017c detaliczna<\/option><option value=\"Stacja Monitorowania Alarm\u00f3w\" >Stacja Monitorowania Alarm\u00f3w<\/option><option value=\"Instalator\" >Instalator<\/option><option value=\"Inne\" >Inne<\/option><\/select><\/div><div id=\"wpforms-1472-field_4-container\" class=\"wpforms-field wpforms-field-text wp-form-input\" data-field-id=\"4\"><label class=\"wpforms-field-label\" for=\"wpforms-1472-field_4\">Phone number <span class=\"wpforms-required-label\" aria-hidden=\"true\">*<\/span><\/label><input type=\"text\" id=\"wpforms-1472-field_4\" class=\"wpforms-field-large wpforms-field-required\" name=\"wpforms[fields][4]\" aria-errormessage=\"wpforms-1472-field_4-error\" required><\/div><div id=\"wpforms-1472-field_8-container\" class=\"wpforms-field wpforms-field-email wp-form-input\" data-field-id=\"8\"><label class=\"wpforms-field-label\" for=\"wpforms-1472-field_8\">Email <span class=\"wpforms-required-label\" aria-hidden=\"true\">*<\/span><\/label><input type=\"email\" id=\"wpforms-1472-field_8\" class=\"wpforms-field-large wpforms-field-required\" name=\"wpforms[fields][8]\" spellcheck=\"false\" aria-errormessage=\"wpforms-1472-field_8-error\" required><\/div><div id=\"wpforms-1472-field_6-container\" class=\"wpforms-field wpforms-field-text wp-form-input\" data-field-id=\"6\"><label class=\"wpforms-field-label\" for=\"wpforms-1472-field_6\">Strona internetowa<\/label><input type=\"text\" id=\"wpforms-1472-field_6\" class=\"wpforms-field-large\" name=\"wpforms[fields][6]\" aria-errormessage=\"wpforms-1472-field_6-error\" ><\/div><\/div><!-- .wpforms-field-container --><div class=\"wpforms-submit-container\" ><input type=\"hidden\" name=\"wpforms[id]\" value=\"1472\"><input type=\"hidden\" name=\"page_title\" value=\"\"><input type=\"hidden\" name=\"page_url\" value=\"https:\/\/camvi.pl\/en\/wp-json\/wp\/v2\/pages\/1466\"><button type=\"submit\" name=\"wpforms[submit]\" id=\"wpforms-submit-1472\" class=\"wpforms-submit\" data-alt-text=\"Wysy\u0142anie...\" data-submit-text=\"Prze\u015blij\" aria-live=\"assertive\" value=\"wpforms-submit\">Send<\/button><img decoding=\"async\" src=\"https:\/\/camvi.pl\/wp-content\/plugins\/wpforms-lite\/assets\/images\/submit-spin.svg\" class=\"wpforms-submit-spinner\" style=\"display: none;\" width=\"26\" height=\"26\" alt=\"Loading\"><\/div><input type=\"hidden\" name=\"trp-form-language\" value=\"en\"\/><\/form><\/div>  <!-- .wpforms-container -->\t\t<\/div>\n\t\t\t\t<\/div>\n\t\t\t\t\t<\/div>\n\t\t\t\t<\/div>\n\t\t\t\t<\/div>","protected":false},"excerpt":{"rendered":"<p>Napisz swoj\u0105 histori\u0119 Wy\u015blij zapytanie, aby zosta\u0107 oficjalnym dystrybutorem, autoryzowanym resellerza, agencj\u0105 ochrony lub instalatorem<\/p>","protected":false},"author":1,"featured_media":0,"parent":0,"menu_order":0,"comment_status":"closed","ping_status":"closed","template":"","meta":{"footnotes":""},"class_list":["post-1466","page","type-page","status-publish","hentry"],"blocksy_meta":[],"yoast_head":"<!-- This site is optimized with the Yoast SEO plugin v22.9 - https:\/\/yoast.com\/wordpress\/plugins\/seo\/ -->\n<title>Partnerzy kontakt - camvi.pl<\/title>\n<meta name=\"robots\" content=\"index, follow, max-snippet:-1, max-image-preview:large, max-video-preview:-1\" \/>\n<link rel=\"canonical\" href=\"https:\/\/camvi.pl\/en\/partnerzy-kontakt\/\" \/>\n<meta property=\"og:locale\" content=\"en_GB\" \/>\n<meta property=\"og:type\" content=\"article\" \/>\n<meta property=\"og:title\" content=\"Partnerzy kontakt - camvi.pl\" \/>\n<meta property=\"og:description\" content=\"Napisz swoj\u0105 histori\u0119 Wy\u015blij zapytanie, aby zosta\u0107 oficjalnym dystrybutorem, autoryzowanym resellerza, agencj\u0105 ochrony lub instalatorem\" \/>\n<meta property=\"og:url\" content=\"https:\/\/camvi.pl\/en\/partnerzy-kontakt\/\" \/>\n<meta property=\"og:site_name\" content=\"camvi.pl\" \/>\n<meta property=\"article:modified_time\" content=\"2023-08-09T09:00:09+00:00\" \/>\n<meta name=\"twitter:card\" content=\"summary_large_image\" \/>\n<script type=\"application\/ld+json\" class=\"yoast-schema-graph\">{\"@context\":\"https:\/\/schema.org\",\"@graph\":[{\"@type\":\"WebPage\",\"@id\":\"https:\/\/camvi.pl\/en\/partnerzy-kontakt\/\",\"url\":\"https:\/\/camvi.pl\/en\/partnerzy-kontakt\/\",\"name\":\"Partnerzy kontakt - camvi.pl\",\"isPartOf\":{\"@id\":\"https:\/\/camvi.pl\/#website\"},\"datePublished\":\"2023-08-01T10:50:43+00:00\",\"dateModified\":\"2023-08-09T09:00:09+00:00\",\"breadcrumb\":{\"@id\":\"https:\/\/camvi.pl\/en\/partnerzy-kontakt\/#breadcrumb\"},\"inLanguage\":\"en-GB\",\"potentialAction\":[{\"@type\":\"ReadAction\",\"target\":[\"https:\/\/camvi.pl\/en\/partnerzy-kontakt\/\"]}]},{\"@type\":\"BreadcrumbList\",\"@id\":\"https:\/\/camvi.pl\/en\/partnerzy-kontakt\/#breadcrumb\",\"itemListElement\":[{\"@type\":\"ListItem\",\"position\":1,\"name\":\"Strona g\u0142\u00f3wna\",\"item\":\"https:\/\/camvi.pl\/\"},{\"@type\":\"ListItem\",\"position\":2,\"name\":\"Partnerzy kontakt\"}]},{\"@type\":\"WebSite\",\"@id\":\"https:\/\/camvi.pl\/#website\",\"url\":\"https:\/\/camvi.pl\/\",\"name\":\"camvi.pl\",\"description\":\"Camvi marka kamer IP\",\"potentialAction\":[{\"@type\":\"SearchAction\",\"target\":{\"@type\":\"EntryPoint\",\"urlTemplate\":\"https:\/\/camvi.pl\/?s={search_term_string}\"},\"query-input\":\"required name=search_term_string\"}],\"inLanguage\":\"en-GB\"}]}<\/script>\n<!-- \/ Yoast SEO plugin. -->","yoast_head_json":{"title":"Partnerzy kontakt - camvi.pl","robots":{"index":"index","follow":"follow","max-snippet":"max-snippet:-1","max-image-preview":"max-image-preview:large","max-video-preview":"max-video-preview:-1"},"canonical":"https:\/\/camvi.pl\/en\/partnerzy-kontakt\/","og_locale":"en_GB","og_type":"article","og_title":"Partnerzy kontakt - camvi.pl","og_description":"Napisz swoj\u0105 histori\u0119 Wy\u015blij zapytanie, aby zosta\u0107 oficjalnym dystrybutorem, autoryzowanym resellerza, agencj\u0105 ochrony lub instalatorem","og_url":"https:\/\/camvi.pl\/en\/partnerzy-kontakt\/","og_site_name":"camvi.pl","article_modified_time":"2023-08-09T09:00:09+00:00","twitter_card":"summary_large_image","schema":{"@context":"https:\/\/schema.org","@graph":[{"@type":"WebPage","@id":"https:\/\/camvi.pl\/en\/partnerzy-kontakt\/","url":"https:\/\/camvi.pl\/en\/partnerzy-kontakt\/","name":"Partnerzy kontakt - camvi.pl","isPartOf":{"@id":"https:\/\/camvi.pl\/#website"},"datePublished":"2023-08-01T10:50:43+00:00","dateModified":"2023-08-09T09:00:09+00:00","breadcrumb":{"@id":"https:\/\/camvi.pl\/en\/partnerzy-kontakt\/#breadcrumb"},"inLanguage":"en-GB","potentialAction":[{"@type":"ReadAction","target":["https:\/\/camvi.pl\/en\/partnerzy-kontakt\/"]}]},{"@type":"BreadcrumbList","@id":"https:\/\/camvi.pl\/en\/partnerzy-kontakt\/#breadcrumb","itemListElement":[{"@type":"ListItem","position":1,"name":"Strona g\u0142\u00f3wna","item":"https:\/\/camvi.pl\/"},{"@type":"ListItem","position":2,"name":"Partnerzy kontakt"}]},{"@type":"WebSite","@id":"https:\/\/camvi.pl\/#website","url":"https:\/\/camvi.pl\/","name":"camvi.pl","description":"Camvi marka kamer IP","potentialAction":[{"@type":"SearchAction","target":{"@type":"EntryPoint","urlTemplate":"https:\/\/camvi.pl\/?s={search_term_string}"},"query-input":"required name=search_term_string"}],"inLanguage":"en-GB"}]}},"_links":{"self":[{"href":"https:\/\/camvi.pl\/en\/wp-json\/wp\/v2\/pages\/1466","targetHints":{"allow":["GET"]}}],"collection":[{"href":"https:\/\/camvi.pl\/en\/wp-json\/wp\/v2\/pages"}],"about":[{"href":"https:\/\/camvi.pl\/en\/wp-json\/wp\/v2\/types\/page"}],"author":[{"embeddable":true,"href":"https:\/\/camvi.pl\/en\/wp-json\/wp\/v2\/users\/1"}],"replies":[{"embeddable":true,"href":"https:\/\/camvi.pl\/en\/wp-json\/wp\/v2\/comments?post=1466"}],"version-history":[{"count":16,"href":"https:\/\/camvi.pl\/en\/wp-json\/wp\/v2\/pages\/1466\/revisions"}],"predecessor-version":[{"id":1577,"href":"https:\/\/camvi.pl\/en\/wp-json\/wp\/v2\/pages\/1466\/revisions\/1577"}],"wp:attachment":[{"href":"https:\/\/camvi.pl\/en\/wp-json\/wp\/v2\/media?parent=1466"}],"curies":[{"name":"wp","href":"https:\/\/api.w.org\/{rel}","templated":true}]}}