{"id":1591,"date":"2023-08-09T11:48:09","date_gmt":"2023-08-09T09:48:09","guid":{"rendered":"http:\/\/camvi.pl\/?page_id=1591"},"modified":"2023-08-09T11:49:26","modified_gmt":"2023-08-09T09:49:26","slug":"projekty-kontakt","status":"publish","type":"page","link":"https:\/\/camvi.pl\/en\/projekty-kontakt\/","title":{"rendered":"Projekty kontakt"},"content":{"rendered":"<div data-elementor-type=\"wp-page\" data-elementor-id=\"1591\" class=\"elementor elementor-1591\">\n\t\t\t\t<div class=\"elementor-element elementor-element-266ba31 e-flex e-con-boxed e-con e-parent\" data-id=\"266ba31\" data-element_type=\"container\">\n\t\t\t\t\t<div class=\"e-con-inner\">\n\t\t\t\t<div class=\"elementor-element elementor-element-e3cb4bd elementor-widget elementor-widget-heading\" data-id=\"e3cb4bd\" data-element_type=\"widget\" data-widget_type=\"heading.default\">\n\t\t\t\t<div class=\"elementor-widget-container\">\n\t\t\t<style>\/*! elementor - v3.22.0 - 26-06-2024 *\/\n.elementor-heading-title{padding:0;margin:0;line-height:1}.elementor-widget-heading .elementor-heading-title[class*=elementor-size-]>a{color:inherit;font-size:inherit;line-height:inherit}.elementor-widget-heading .elementor-heading-title.elementor-size-small{font-size:15px}.elementor-widget-heading .elementor-heading-title.elementor-size-medium{font-size:19px}.elementor-widget-heading .elementor-heading-title.elementor-size-large{font-size:29px}.elementor-widget-heading .elementor-heading-title.elementor-size-xl{font-size:39px}.elementor-widget-heading .elementor-heading-title.elementor-size-xxl{font-size:59px}<\/style><h2 class=\"elementor-heading-title elementor-size-default\">Write your own history<\/h2>\t\t<\/div>\n\t\t\t\t<\/div>\n\t\t\t\t\t<\/div>\n\t\t\t\t<\/div>\n\t\t<div class=\"elementor-element elementor-element-8170fe7 e-flex e-con-boxed e-con e-parent\" data-id=\"8170fe7\" data-element_type=\"container\">\n\t\t\t\t\t<div class=\"e-con-inner\">\n\t\t\t\t<div class=\"elementor-element elementor-element-ff0d0d7 elementor-widget elementor-widget-heading\" data-id=\"ff0d0d7\" data-element_type=\"widget\" data-widget_type=\"heading.default\">\n\t\t\t\t<div class=\"elementor-widget-container\">\n\t\t\t<h6 class=\"elementor-heading-title elementor-size-medium\">Send an inquiry to submit your project. Together we can do more<\/h6>\t\t<\/div>\n\t\t\t\t<\/div>\n\t\t\t\t<div class=\"elementor-element elementor-element-e76388a elementor-widget elementor-widget-wpforms\" data-id=\"e76388a\" data-element_type=\"widget\" data-widget_type=\"wpforms.default\">\n\t\t\t\t<div class=\"elementor-widget-container\">\n\t\t\t<style id=\"wpforms-css-vars-root\">\n\t\t\t\t:root {\n\t\t\t\t\t--wpforms-field-border-radius: 3px;\n--wpforms-field-border-style: solid;\n--wpforms-field-border-size: 1px;\n--wpforms-field-background-color: #ffffff;\n--wpforms-field-border-color: rgba( 0, 0, 0, 0.25 );\n--wpforms-field-border-color-spare: rgba( 0, 0, 0, 0.25 );\n--wpforms-field-text-color: rgba( 0, 0, 0, 0.7 );\n--wpforms-field-menu-color: #ffffff;\n--wpforms-label-color: rgba( 0, 0, 0, 0.85 );\n--wpforms-label-sublabel-color: rgba( 0, 0, 0, 0.55 );\n--wpforms-label-error-color: #d63637;\n--wpforms-button-border-radius: 3px;\n--wpforms-button-border-style: none;\n--wpforms-button-border-size: 1px;\n--wpforms-button-background-color: #066aab;\n--wpforms-button-border-color: #066aab;\n--wpforms-button-text-color: #ffffff;\n--wpforms-page-break-color: #066aab;\n--wpforms-background-image: none;\n--wpforms-background-position: center center;\n--wpforms-background-repeat: no-repeat;\n--wpforms-background-size: cover;\n--wpforms-background-width: 100px;\n--wpforms-background-height: 100px;\n--wpforms-background-color: rgba( 0, 0, 0, 0 );\n--wpforms-background-url: none;\n--wpforms-container-padding: 0px;\n--wpforms-container-border-style: none;\n--wpforms-container-border-width: 1px;\n--wpforms-container-border-color: #000000;\n--wpforms-container-border-radius: 3px;\n--wpforms-field-size-input-height: 43px;\n--wpforms-field-size-input-spacing: 15px;\n--wpforms-field-size-font-size: 16px;\n--wpforms-field-size-line-height: 19px;\n--wpforms-field-size-padding-h: 14px;\n--wpforms-field-size-checkbox-size: 16px;\n--wpforms-field-size-sublabel-spacing: 5px;\n--wpforms-field-size-icon-size: 1;\n--wpforms-label-size-font-size: 16px;\n--wpforms-label-size-line-height: 19px;\n--wpforms-label-size-sublabel-font-size: 14px;\n--wpforms-label-size-sublabel-line-height: 17px;\n--wpforms-button-size-font-size: 17px;\n--wpforms-button-size-height: 41px;\n--wpforms-button-size-padding-h: 15px;\n--wpforms-button-size-margin-top: 10px;\n--wpforms-container-shadow-size-box-shadow: none;\n\n\t\t\t\t}\n\t\t\t<\/style><div class=\"wpforms-container wpforms-render-modern\" id=\"wpforms-1587\"><form id=\"wpforms-form-1587\" class=\"wpforms-validate wpforms-form wpforms-ajax-form\" data-formid=\"1587\" method=\"post\" enctype=\"multipart\/form-data\" action=\"\/en\/wp-json\/wp\/v2\/pages\/1591\" data-token=\"062156278cfa724e76306ce3beb7041e\" data-token-time=\"1778888633\" data-trp-original-action=\"\/en\/wp-json\/wp\/v2\/pages\/1591\"><noscript class=\"wpforms-error-noscript\">Please enable JavaScript in your browser to complete this form.<\/noscript><div class=\"wpforms-hidden\" id=\"wpforms-error-noscript\">Please enable JavaScript in your browser to complete this form.<\/div><div class=\"wpforms-field-container\"><div id=\"wpforms-1587-field_1-container\" class=\"wpforms-field wpforms-field-text wp-form-input\" data-field-id=\"1\"><label class=\"wpforms-field-label\" for=\"wpforms-1587-field_1\">Name of the project <span class=\"wpforms-required-label\" aria-hidden=\"true\">*<\/span><\/label><input type=\"text\" id=\"wpforms-1587-field_1\" class=\"wpforms-field-medium wpforms-field-required\" name=\"wpforms[fields][1]\" aria-errormessage=\"wpforms-1587-field_1-error\" required><\/div><div id=\"wpforms-1587-field_2-container\" class=\"wpforms-field wpforms-field-text wp-form-input\" data-field-id=\"2\"><label class=\"wpforms-field-label\" for=\"wpforms-1587-field_2\">Name of the end customer \/ investor <span class=\"wpforms-required-label\" aria-hidden=\"true\">*<\/span><\/label><input type=\"text\" id=\"wpforms-1587-field_2\" class=\"wpforms-field-medium wpforms-field-required\" name=\"wpforms[fields][2]\" aria-errormessage=\"wpforms-1587-field_2-error\" required><\/div><div id=\"wpforms-1587-field_3-container\" class=\"wpforms-field wpforms-field-text wp-form-input\" data-field-id=\"3\"><label class=\"wpforms-field-label\" for=\"wpforms-1587-field_3\">City \/ address <span class=\"wpforms-required-label\" aria-hidden=\"true\">*<\/span><\/label><input type=\"text\" id=\"wpforms-1587-field_3\" class=\"wpforms-field-medium wpforms-field-required\" name=\"wpforms[fields][3]\" aria-errormessage=\"wpforms-1587-field_3-error\" required><\/div><div id=\"wpforms-1587-field_4-container\" class=\"wpforms-field wpforms-field-text wp-form-input\" data-field-id=\"4\"><label class=\"wpforms-field-label\" for=\"wpforms-1587-field_4\">Installation site address <span class=\"wpforms-required-label\" aria-hidden=\"true\">*<\/span><\/label><input type=\"text\" id=\"wpforms-1587-field_4\" class=\"wpforms-field-medium wpforms-field-required\" name=\"wpforms[fields][4]\" aria-errormessage=\"wpforms-1587-field_4-error\" required><\/div><div id=\"wpforms-1587-field_5-container\" class=\"wpforms-field wpforms-field-text wp-form-input\" data-field-id=\"5\"><label class=\"wpforms-field-label\" for=\"wpforms-1587-field_5\">Designer \/ Design office<\/label><input type=\"text\" id=\"wpforms-1587-field_5\" class=\"wpforms-field-medium\" name=\"wpforms[fields][5]\" aria-errormessage=\"wpforms-1587-field_5-error\" ><\/div><div id=\"wpforms-1587-field_6-container\" class=\"wpforms-field wpforms-field-text wp-form-input-date\" data-field-id=\"6\"><label class=\"wpforms-field-label\" for=\"wpforms-1587-field_6\">Deadline for submitting the offer <span class=\"wpforms-required-label\" aria-hidden=\"true\">*<\/span><\/label><input type=\"text\" id=\"wpforms-1587-field_6\" class=\"wpforms-field-medium wpforms-field-required\" name=\"wpforms[fields][6]\" aria-errormessage=\"wpforms-1587-field_6-error\" required><\/div><div id=\"wpforms-1587-field_7-container\" class=\"wpforms-field wpforms-field-text wp-form-input-date\" data-field-id=\"7\"><label class=\"wpforms-field-label\" for=\"wpforms-1587-field_7\">Delivery time <span class=\"wpforms-required-label\" aria-hidden=\"true\">*<\/span><\/label><input type=\"text\" id=\"wpforms-1587-field_7\" class=\"wpforms-field-medium wpforms-field-required\" name=\"wpforms[fields][7]\" aria-errormessage=\"wpforms-1587-field_7-error\" required><\/div><div id=\"wpforms-1587-field_8-container\" class=\"wpforms-field wpforms-field-textarea wp-form-margin\" data-field-id=\"8\"><label class=\"wpforms-field-label wpforms-label-hide\" for=\"wpforms-1587-field_8\" aria-hidden=\"false\">Akapit tekstu<\/label><textarea id=\"wpforms-1587-field_8\" class=\"wpforms-field-small\" name=\"wpforms[fields][8]\" aria-errormessage=\"wpforms-1587-field_8-error\" ><\/textarea><\/div><div id=\"wpforms-1587-field_10-container\" class=\"wpforms-field wpforms-field-textarea wp-form-section-title\" data-field-id=\"10\"><label class=\"wpforms-field-label\" for=\"wpforms-1587-field_10\">Details of the installation contractor to whom the offer is addressed<\/label><textarea id=\"wpforms-1587-field_10\" class=\"wpforms-field-medium\" name=\"wpforms[fields][10]\" aria-errormessage=\"wpforms-1587-field_10-error\" ><\/textarea><\/div><div id=\"wpforms-1587-field_11-container\" class=\"wpforms-field wpforms-field-text wp-form-input\" data-field-id=\"11\"><label class=\"wpforms-field-label\" for=\"wpforms-1587-field_11\">Name of the installation company \/ system integrator <span class=\"wpforms-required-label\" aria-hidden=\"true\">*<\/span><\/label><input type=\"text\" id=\"wpforms-1587-field_11\" class=\"wpforms-field-medium wpforms-field-required\" name=\"wpforms[fields][11]\" aria-errormessage=\"wpforms-1587-field_11-error\" required><\/div><div id=\"wpforms-1587-field_12-container\" class=\"wpforms-field wpforms-field-number wp-form-input-nip\" data-field-id=\"12\"><label class=\"wpforms-field-label\" for=\"wpforms-1587-field_12\">Contractor's Tax Identification Number <span class=\"wpforms-required-label\" aria-hidden=\"true\">*<\/span><\/label><input type=\"number\" id=\"wpforms-1587-field_12\" class=\"wpforms-field-medium wpforms-field-required\" name=\"wpforms[fields][12]\" aria-errormessage=\"wpforms-1587-field_12-error\" required><\/div><div id=\"wpforms-1587-field_13-container\" class=\"wpforms-field wpforms-field-text wp-form-input\" data-field-id=\"13\"><label class=\"wpforms-field-label\" for=\"wpforms-1587-field_13\">Name and surname of the person responsible for the project <span class=\"wpforms-required-label\" aria-hidden=\"true\">*<\/span><\/label><input type=\"text\" id=\"wpforms-1587-field_13\" class=\"wpforms-field-medium wpforms-field-required\" name=\"wpforms[fields][13]\" aria-errormessage=\"wpforms-1587-field_13-error\" required><\/div><div id=\"wpforms-1587-field_14-container\" class=\"wpforms-field wpforms-field-text wp-form-input\" data-field-id=\"14\"><label class=\"wpforms-field-label\" for=\"wpforms-1587-field_14\">Phone number<\/label><input type=\"text\" id=\"wpforms-1587-field_14\" class=\"wpforms-field-medium\" name=\"wpforms[fields][14]\" aria-errormessage=\"wpforms-1587-field_14-error\" ><\/div><div id=\"wpforms-1587-field_15-container\" class=\"wpforms-field wpforms-field-email wp-form-input\" data-field-id=\"15\"><label class=\"wpforms-field-label\" for=\"wpforms-1587-field_15\">E-mail <span class=\"wpforms-required-label\" aria-hidden=\"true\">*<\/span><\/label><input type=\"email\" id=\"wpforms-1587-field_15\" class=\"wpforms-field-medium wpforms-field-required\" name=\"wpforms[fields][15]\" spellcheck=\"false\" aria-errormessage=\"wpforms-1587-field_15-error\" required><\/div><\/div><!-- .wpforms-field-container --><div class=\"wpforms-submit-container\" ><input type=\"hidden\" name=\"wpforms[id]\" value=\"1587\"><input type=\"hidden\" name=\"page_title\" value=\"\"><input type=\"hidden\" name=\"page_url\" value=\"https:\/\/camvi.pl\/en\/wp-json\/wp\/v2\/pages\/1591\"><button type=\"submit\" name=\"wpforms[submit]\" id=\"wpforms-submit-1587\" class=\"wpforms-submit\" data-alt-text=\"Wysy\u0142anie...\" data-submit-text=\"Prze\u015blij\" aria-live=\"assertive\" value=\"wpforms-submit\">Send<\/button><img decoding=\"async\" src=\"https:\/\/camvi.pl\/wp-content\/plugins\/wpforms-lite\/assets\/images\/submit-spin.svg\" class=\"wpforms-submit-spinner\" style=\"display: none;\" width=\"26\" height=\"26\" alt=\"Loading\"><\/div><input type=\"hidden\" name=\"trp-form-language\" value=\"en\"\/><\/form><\/div>  <!-- .wpforms-container -->\t\t<\/div>\n\t\t\t\t<\/div>\n\t\t\t\t\t<\/div>\n\t\t\t\t<\/div>\n\t\t\t\t<\/div>","protected":false},"excerpt":{"rendered":"<p>Napisz swoj\u0105 histori\u0119 Wy\u015blij zapytanie, aby zg\u0142osi\u0107 sw\u00f3j projekt. Razem mo\u017cemy wi\u0119cej<\/p>","protected":false},"author":1,"featured_media":0,"parent":0,"menu_order":0,"comment_status":"closed","ping_status":"closed","template":"","meta":{"footnotes":""},"class_list":["post-1591","page","type-page","status-publish","hentry"],"blocksy_meta":[],"yoast_head":"<!-- This site is optimized with the Yoast SEO plugin v22.9 - https:\/\/yoast.com\/wordpress\/plugins\/seo\/ -->\n<title>Projekty kontakt - camvi.pl<\/title>\n<meta name=\"robots\" content=\"index, follow, max-snippet:-1, max-image-preview:large, max-video-preview:-1\" \/>\n<link rel=\"canonical\" href=\"https:\/\/camvi.pl\/en\/projekty-kontakt\/\" \/>\n<meta property=\"og:locale\" content=\"en_GB\" \/>\n<meta property=\"og:type\" content=\"article\" \/>\n<meta property=\"og:title\" content=\"Projekty kontakt - camvi.pl\" \/>\n<meta property=\"og:description\" content=\"Napisz swoj\u0105 histori\u0119 Wy\u015blij zapytanie, aby zg\u0142osi\u0107 sw\u00f3j projekt. Razem mo\u017cemy wi\u0119cej\" \/>\n<meta property=\"og:url\" content=\"https:\/\/camvi.pl\/en\/projekty-kontakt\/\" \/>\n<meta property=\"og:site_name\" content=\"camvi.pl\" \/>\n<meta property=\"article:modified_time\" content=\"2023-08-09T09:49:26+00:00\" \/>\n<meta name=\"twitter:card\" content=\"summary_large_image\" \/>\n<script type=\"application\/ld+json\" class=\"yoast-schema-graph\">{\"@context\":\"https:\/\/schema.org\",\"@graph\":[{\"@type\":\"WebPage\",\"@id\":\"https:\/\/camvi.pl\/en\/projekty-kontakt\/\",\"url\":\"https:\/\/camvi.pl\/en\/projekty-kontakt\/\",\"name\":\"Projekty kontakt - camvi.pl\",\"isPartOf\":{\"@id\":\"https:\/\/camvi.pl\/#website\"},\"datePublished\":\"2023-08-09T09:48:09+00:00\",\"dateModified\":\"2023-08-09T09:49:26+00:00\",\"breadcrumb\":{\"@id\":\"https:\/\/camvi.pl\/en\/projekty-kontakt\/#breadcrumb\"},\"inLanguage\":\"en-GB\",\"potentialAction\":[{\"@type\":\"ReadAction\",\"target\":[\"https:\/\/camvi.pl\/en\/projekty-kontakt\/\"]}]},{\"@type\":\"BreadcrumbList\",\"@id\":\"https:\/\/camvi.pl\/en\/projekty-kontakt\/#breadcrumb\",\"itemListElement\":[{\"@type\":\"ListItem\",\"position\":1,\"name\":\"Strona g\u0142\u00f3wna\",\"item\":\"https:\/\/camvi.pl\/\"},{\"@type\":\"ListItem\",\"position\":2,\"name\":\"Projekty kontakt\"}]},{\"@type\":\"WebSite\",\"@id\":\"https:\/\/camvi.pl\/#website\",\"url\":\"https:\/\/camvi.pl\/\",\"name\":\"camvi.pl\",\"description\":\"Camvi marka kamer IP\",\"potentialAction\":[{\"@type\":\"SearchAction\",\"target\":{\"@type\":\"EntryPoint\",\"urlTemplate\":\"https:\/\/camvi.pl\/?s={search_term_string}\"},\"query-input\":\"required name=search_term_string\"}],\"inLanguage\":\"en-GB\"}]}<\/script>\n<!-- \/ Yoast SEO plugin. -->","yoast_head_json":{"title":"Projekty kontakt - camvi.pl","robots":{"index":"index","follow":"follow","max-snippet":"max-snippet:-1","max-image-preview":"max-image-preview:large","max-video-preview":"max-video-preview:-1"},"canonical":"https:\/\/camvi.pl\/en\/projekty-kontakt\/","og_locale":"en_GB","og_type":"article","og_title":"Projekty kontakt - camvi.pl","og_description":"Napisz swoj\u0105 histori\u0119 Wy\u015blij zapytanie, aby zg\u0142osi\u0107 sw\u00f3j projekt. Razem mo\u017cemy wi\u0119cej","og_url":"https:\/\/camvi.pl\/en\/projekty-kontakt\/","og_site_name":"camvi.pl","article_modified_time":"2023-08-09T09:49:26+00:00","twitter_card":"summary_large_image","schema":{"@context":"https:\/\/schema.org","@graph":[{"@type":"WebPage","@id":"https:\/\/camvi.pl\/en\/projekty-kontakt\/","url":"https:\/\/camvi.pl\/en\/projekty-kontakt\/","name":"Projekty kontakt - camvi.pl","isPartOf":{"@id":"https:\/\/camvi.pl\/#website"},"datePublished":"2023-08-09T09:48:09+00:00","dateModified":"2023-08-09T09:49:26+00:00","breadcrumb":{"@id":"https:\/\/camvi.pl\/en\/projekty-kontakt\/#breadcrumb"},"inLanguage":"en-GB","potentialAction":[{"@type":"ReadAction","target":["https:\/\/camvi.pl\/en\/projekty-kontakt\/"]}]},{"@type":"BreadcrumbList","@id":"https:\/\/camvi.pl\/en\/projekty-kontakt\/#breadcrumb","itemListElement":[{"@type":"ListItem","position":1,"name":"Strona g\u0142\u00f3wna","item":"https:\/\/camvi.pl\/"},{"@type":"ListItem","position":2,"name":"Projekty kontakt"}]},{"@type":"WebSite","@id":"https:\/\/camvi.pl\/#website","url":"https:\/\/camvi.pl\/","name":"camvi.pl","description":"Camvi marka kamer IP","potentialAction":[{"@type":"SearchAction","target":{"@type":"EntryPoint","urlTemplate":"https:\/\/camvi.pl\/?s={search_term_string}"},"query-input":"required name=search_term_string"}],"inLanguage":"en-GB"}]}},"_links":{"self":[{"href":"https:\/\/camvi.pl\/en\/wp-json\/wp\/v2\/pages\/1591","targetHints":{"allow":["GET"]}}],"collection":[{"href":"https:\/\/camvi.pl\/en\/wp-json\/wp\/v2\/pages"}],"about":[{"href":"https:\/\/camvi.pl\/en\/wp-json\/wp\/v2\/types\/page"}],"author":[{"embeddable":true,"href":"https:\/\/camvi.pl\/en\/wp-json\/wp\/v2\/users\/1"}],"replies":[{"embeddable":true,"href":"https:\/\/camvi.pl\/en\/wp-json\/wp\/v2\/comments?post=1591"}],"version-history":[{"count":4,"href":"https:\/\/camvi.pl\/en\/wp-json\/wp\/v2\/pages\/1591\/revisions"}],"predecessor-version":[{"id":1595,"href":"https:\/\/camvi.pl\/en\/wp-json\/wp\/v2\/pages\/1591\/revisions\/1595"}],"wp:attachment":[{"href":"https:\/\/camvi.pl\/en\/wp-json\/wp\/v2\/media?parent=1591"}],"curies":[{"name":"wp","href":"https:\/\/api.w.org\/{rel}","templated":true}]}}