{"id":1707,"date":"2023-09-05T22:26:26","date_gmt":"2023-09-05T20:26:26","guid":{"rendered":"http:\/\/camvi.pl\/?page_id=1707"},"modified":"2025-04-14T10:22:17","modified_gmt":"2025-04-14T08:22:17","slug":"programy","status":"publish","type":"page","link":"https:\/\/camvi.pl\/en\/programy\/","title":{"rendered":"Software"},"content":{"rendered":"<div data-elementor-type=\"wp-page\" data-elementor-id=\"1707\" class=\"elementor elementor-1707\">\n\t\t\t\t<div class=\"elementor-element elementor-element-d8d53ab e-con-full e-flex e-con e-parent\" data-id=\"d8d53ab\" data-element_type=\"container\" id=\"download-programs-wrapper\">\n\t\t<div class=\"elementor-element elementor-element-4cbfe06 e-con-full e-flex e-con e-child\" data-id=\"4cbfe06\" data-element_type=\"container\" data-settings=\"{&quot;background_background&quot;:&quot;classic&quot;}\">\n\t\t<div class=\"elementor-element elementor-element-dad4e78 elementor-hidden-mobile e-flex e-con-boxed e-con e-child\" data-id=\"dad4e78\" data-element_type=\"container\">\n\t\t\t\t\t<div class=\"e-con-inner\">\n\t\t\t\t<div class=\"elementor-element elementor-element-dc277f7 elementor-widget elementor-widget-heading\" data-id=\"dc277f7\" data-element_type=\"widget\" data-widget_type=\"heading.default\">\n\t\t\t\t<div class=\"elementor-widget-container\">\n\t\t\t<style>\/*! elementor - v3.22.0 - 26-06-2024 *\/\n.elementor-heading-title{padding:0;margin:0;line-height:1}.elementor-widget-heading .elementor-heading-title[class*=elementor-size-]>a{color:inherit;font-size:inherit;line-height:inherit}.elementor-widget-heading .elementor-heading-title.elementor-size-small{font-size:15px}.elementor-widget-heading .elementor-heading-title.elementor-size-medium{font-size:19px}.elementor-widget-heading .elementor-heading-title.elementor-size-large{font-size:29px}.elementor-widget-heading .elementor-heading-title.elementor-size-xl{font-size:39px}.elementor-widget-heading .elementor-heading-title.elementor-size-xxl{font-size:59px}<\/style><h5 class=\"elementor-heading-title elementor-size-default\">Name<\/h5>\t\t<\/div>\n\t\t\t\t<\/div>\n\t\t<div class=\"elementor-element elementor-element-202f164 elementor-hidden-mobile e-flex e-con-boxed e-con e-child\" data-id=\"202f164\" data-element_type=\"container\">\n\t\t\t\t\t<div class=\"e-con-inner\">\n\t\t\t\t<div class=\"elementor-element elementor-element-323d8b9 elementor-widget elementor-widget-heading\" data-id=\"323d8b9\" data-element_type=\"widget\" data-widget_type=\"heading.default\">\n\t\t\t\t<div class=\"elementor-widget-container\">\n\t\t\t<h5 class=\"elementor-heading-title elementor-size-default\">Update<\/h5>\t\t<\/div>\n\t\t\t\t<\/div>\n\t\t\t\t<div class=\"elementor-element elementor-element-ef3301f elementor-widget elementor-widget-heading\" data-id=\"ef3301f\" data-element_type=\"widget\" data-widget_type=\"heading.default\">\n\t\t\t\t<div class=\"elementor-widget-container\">\n\t\t\t<h5 class=\"elementor-heading-title elementor-size-default\">Size<\/h5>\t\t<\/div>\n\t\t\t\t<\/div>\n\t\t\t\t\t<\/div>\n\t\t\t\t<\/div>\n\t\t\t\t\t<\/div>\n\t\t\t\t<\/div>\n\t\t\t\t<\/div>\n\t\t<div class=\"elementor-element elementor-element-e9f3468 e-con-full e-flex e-con e-child\" data-id=\"e9f3468\" data-element_type=\"container\" data-settings=\"{&quot;background_background&quot;:&quot;classic&quot;}\">\n\t\t<div class=\"elementor-element elementor-element-7c9554b e-flex e-con-boxed e-con e-child\" data-id=\"7c9554b\" data-element_type=\"container\">\n\t\t\t\t\t<div class=\"e-con-inner\">\n\t\t\t\t<div class=\"elementor-element elementor-element-95ba940 elementor-widget elementor-widget-heading\" data-id=\"95ba940\" data-element_type=\"widget\" data-widget_type=\"heading.default\">\n\t\t\t\t<div class=\"elementor-widget-container\">\n\t\t\t<h6 class=\"elementor-heading-title elementor-size-default\">NVMS Software<\/h6>\t\t<\/div>\n\t\t\t\t<\/div>\n\t\t\t\t\t<\/div>\n\t\t\t\t<\/div>\n\t\t\t\t<\/div>\n\t\t<div class=\"elementor-element elementor-element-c788b82 e-flex e-con-boxed e-con e-child\" data-id=\"c788b82\" data-element_type=\"container\">\n\t\t\t\t\t<div class=\"e-con-inner\">\n\t\t\t\t<div class=\"elementor-element elementor-element-2275272 elementor-position-left elementor-mobile-position-left elementor-view-default elementor-vertical-align-top elementor-widget elementor-widget-icon-box\" data-id=\"2275272\" data-element_type=\"widget\" data-widget_type=\"icon-box.default\">\n\t\t\t\t<div class=\"elementor-widget-container\">\n\t\t\t<link rel=\"stylesheet\" href=\"https:\/\/camvi.pl\/wp-content\/plugins\/elementor\/assets\/css\/widget-icon-box.min.css\">\t\t<div class=\"elementor-icon-box-wrapper\">\n\n\t\t\t\t\t\t<div class=\"elementor-icon-box-icon\">\n\t\t\t\t<a href=\"https:\/\/mega.nz\/file\/6Qg1xLSI#ZBzlJfe6m50S7eDXWZRKPMuduJtYx3d4Y0PXMi4sl04\" target=\"_blank\" rel=\"nofollow\" class=\"elementor-icon elementor-animation-\" tabindex=\"-1\">\n\t\t\t\t<i aria-hidden=\"true\" class=\"far fa-file-image\"><\/i>\t\t\t\t<\/a>\n\t\t\t<\/div>\n\t\t\t\n\t\t\t\t\t\t<div class=\"elementor-icon-box-content\">\n\n\t\t\t\t\t\t\t\t\t<h6 class=\"elementor-icon-box-title\">\n\t\t\t\t\t\t<a href=\"https:\/\/mega.nz\/file\/6Qg1xLSI#ZBzlJfe6m50S7eDXWZRKPMuduJtYx3d4Y0PXMi4sl04\" target=\"_blank\" rel=\"nofollow\" >\n\t\t\t\t\t\t\tNVMS 2.0 Lite (Windows) wersja 2.1.4.40731\t\t\t\t\t\t<\/a>\n\t\t\t\t\t<\/h6>\n\t\t\t\t\n\t\t\t\t\n\t\t\t<\/div>\n\t\t\t\n\t\t<\/div>\n\t\t\t\t<\/div>\n\t\t\t\t<\/div>\n\t\t<div class=\"elementor-element elementor-element-60e0e70 e-con-full elementor-hidden-mobile e-flex e-con e-child\" data-id=\"60e0e70\" data-element_type=\"container\">\n\t\t\t\t<div class=\"elementor-element elementor-element-6de5685 elementor-widget elementor-widget-heading\" data-id=\"6de5685\" data-element_type=\"widget\" data-widget_type=\"heading.default\">\n\t\t\t\t<div class=\"elementor-widget-container\">\n\t\t\t<h6 class=\"elementor-heading-title elementor-size-small\">14.04.2025<\/h6>\t\t<\/div>\n\t\t\t\t<\/div>\n\t\t\t\t<div class=\"elementor-element elementor-element-2b1e944 elementor-widget elementor-widget-heading\" data-id=\"2b1e944\" data-element_type=\"widget\" data-widget_type=\"heading.default\">\n\t\t\t\t<div class=\"elementor-widget-container\">\n\t\t\t<h6 class=\"elementor-heading-title elementor-size-small\">339 MB<\/h6>\t\t<\/div>\n\t\t\t\t<\/div>\n\t\t\t\t<\/div>\n\t\t\t\t\t<\/div>\n\t\t\t\t<\/div>\n\t\t<div class=\"elementor-element elementor-element-5c92a05 e-con-full e-flex e-con e-child\" data-id=\"5c92a05\" data-element_type=\"container\" data-settings=\"{&quot;background_background&quot;:&quot;classic&quot;}\">\n\t\t<div class=\"elementor-element elementor-element-28c5210 e-flex e-con-boxed e-con e-child\" data-id=\"28c5210\" data-element_type=\"container\">\n\t\t\t\t\t<div class=\"e-con-inner\">\n\t\t\t\t<div class=\"elementor-element elementor-element-39ea6c9 elementor-widget elementor-widget-heading\" data-id=\"39ea6c9\" data-element_type=\"widget\" data-widget_type=\"heading.default\">\n\t\t\t\t<div class=\"elementor-widget-container\">\n\t\t\t<h6 class=\"elementor-heading-title elementor-size-default\">Camera search<\/h6>\t\t<\/div>\n\t\t\t\t<\/div>\n\t\t\t\t\t<\/div>\n\t\t\t\t<\/div>\n\t\t\t\t<\/div>\n\t\t<div class=\"elementor-element elementor-element-238988f e-flex e-con-boxed e-con e-child\" data-id=\"238988f\" data-element_type=\"container\">\n\t\t\t\t\t<div class=\"e-con-inner\">\n\t\t\t\t<div class=\"elementor-element elementor-element-9725391 elementor-position-left elementor-mobile-position-left elementor-view-default elementor-vertical-align-top elementor-widget elementor-widget-icon-box\" data-id=\"9725391\" data-element_type=\"widget\" data-widget_type=\"icon-box.default\">\n\t\t\t\t<div class=\"elementor-widget-container\">\n\t\t\t\t\t<div class=\"elementor-icon-box-wrapper\">\n\n\t\t\t\t\t\t<div class=\"elementor-icon-box-icon\">\n\t\t\t\t<a href=\"https:\/\/camvi.pl\/wp-content\/uploads\/2023\/09\/IP-Manager-Tool_1.0.7.18.zip\" target=\"_blank\" rel=\"nofollow\" download=\"IP Manager Tool_1.0.7.18.zip\" class=\"elementor-icon elementor-animation-\" tabindex=\"-1\">\n\t\t\t\t<i aria-hidden=\"true\" class=\"far fa-file-image\"><\/i>\t\t\t\t<\/a>\n\t\t\t<\/div>\n\t\t\t\n\t\t\t\t\t\t<div class=\"elementor-icon-box-content\">\n\n\t\t\t\t\t\t\t\t\t<h6 class=\"elementor-icon-box-title\">\n\t\t\t\t\t\t<a href=\"https:\/\/camvi.pl\/wp-content\/uploads\/2023\/09\/IP-Manager-Tool_1.0.7.18.zip\" target=\"_blank\" rel=\"nofollow\" download=\"IP Manager Tool_1.0.7.18.zip\" >\n\t\t\t\t\t\t\tIP Manager Tool (Windows) version 1.0.7.18\t\t\t\t\t\t<\/a>\n\t\t\t\t\t<\/h6>\n\t\t\t\t\n\t\t\t\t\n\t\t\t<\/div>\n\t\t\t\n\t\t<\/div>\n\t\t\t\t<\/div>\n\t\t\t\t<\/div>\n\t\t<div class=\"elementor-element elementor-element-cb84a8f e-con-full elementor-hidden-mobile e-flex e-con e-child\" data-id=\"cb84a8f\" data-element_type=\"container\">\n\t\t\t\t<div class=\"elementor-element elementor-element-66ad327 elementor-widget elementor-widget-heading\" data-id=\"66ad327\" data-element_type=\"widget\" data-widget_type=\"heading.default\">\n\t\t\t\t<div class=\"elementor-widget-container\">\n\t\t\t<h6 class=\"elementor-heading-title elementor-size-small\">6.05.2023<\/h6>\t\t<\/div>\n\t\t\t\t<\/div>\n\t\t\t\t<div class=\"elementor-element elementor-element-2090251 elementor-widget elementor-widget-heading\" data-id=\"2090251\" data-element_type=\"widget\" data-widget_type=\"heading.default\">\n\t\t\t\t<div class=\"elementor-widget-container\">\n\t\t\t<h6 class=\"elementor-heading-title elementor-size-small\">10.2 MB<\/h6>\t\t<\/div>\n\t\t\t\t<\/div>\n\t\t\t\t<\/div>\n\t\t\t\t\t<\/div>\n\t\t\t\t<\/div>\n\t\t<div class=\"elementor-element elementor-element-ce579ad e-con-full e-flex e-con e-child\" data-id=\"ce579ad\" data-element_type=\"container\" data-settings=\"{&quot;background_background&quot;:&quot;classic&quot;}\">\n\t\t<div class=\"elementor-element elementor-element-a849a72 e-flex e-con-boxed e-con e-child\" data-id=\"a849a72\" data-element_type=\"container\">\n\t\t\t\t\t<div class=\"e-con-inner\">\n\t\t\t\t<div class=\"elementor-element elementor-element-26f22e8 elementor-widget elementor-widget-heading\" data-id=\"26f22e8\" data-element_type=\"widget\" data-widget_type=\"heading.default\">\n\t\t\t\t<div class=\"elementor-widget-container\">\n\t\t\t<h6 class=\"elementor-heading-title elementor-size-default\">Mobile devices<\/h6>\t\t<\/div>\n\t\t\t\t<\/div>\n\t\t\t\t\t<\/div>\n\t\t\t\t<\/div>\n\t\t\t\t<\/div>\n\t\t<div class=\"elementor-element elementor-element-489e37e e-flex e-con-boxed e-con e-child\" data-id=\"489e37e\" data-element_type=\"container\">\n\t\t\t\t\t<div class=\"e-con-inner\">\n\t\t\t\t<div class=\"elementor-element elementor-element-8e5ad01 elementor-widget elementor-widget-image\" data-id=\"8e5ad01\" data-element_type=\"widget\" data-widget_type=\"image.default\">\n\t\t\t\t<div class=\"elementor-widget-container\">\n\t\t\t<style>\/*! elementor - v3.22.0 - 26-06-2024 *\/\n.elementor-widget-image{text-align:center}.elementor-widget-image a{display:inline-block}.elementor-widget-image a img[src$=\".svg\"]{width:48px}.elementor-widget-image img{vertical-align:middle;display:inline-block}<\/style>\t\t\t\t\t\t\t\t\t\t<img decoding=\"async\" src=\"https:\/\/camvi.pl\/wp-content\/uploads\/elementor\/thumbs\/super-live-plus-1-qgd4jukoxgzblwuueu4o0k7kc4wiia4sxz26ouxmvy.png\" title=\"super-live-plus\" alt=\"Logo programu SuperLive Plus\" loading=\"lazy\" \/>\t\t\t\t\t\t\t\t\t\t\t\t\t<\/div>\n\t\t\t\t<\/div>\n\t\t\t\t<div class=\"elementor-element elementor-element-7de86a9 elementor-widget elementor-widget-heading\" data-id=\"7de86a9\" data-element_type=\"widget\" data-widget_type=\"heading.default\">\n\t\t\t\t<div class=\"elementor-widget-container\">\n\t\t\t<h6 class=\"elementor-heading-title elementor-size-small\"><a href=\"https:\/\/play.google.com\/store\/apps\/details?id=com.tvt.superliveplus&#038;hl=pl\">SuperLive Plus (Google Play)<\/a><\/h6>\t\t<\/div>\n\t\t\t\t<\/div>\n\t\t\t\t\t<\/div>\n\t\t\t\t<\/div>\n\t\t<div class=\"elementor-element elementor-element-a23c98f e-flex e-con-boxed e-con e-child\" data-id=\"a23c98f\" data-element_type=\"container\" data-settings=\"{&quot;background_background&quot;:&quot;classic&quot;}\">\n\t\t\t\t\t<div class=\"e-con-inner\">\n\t\t\t\t<div class=\"elementor-element elementor-element-f31429a elementor-widget elementor-widget-image\" data-id=\"f31429a\" data-element_type=\"widget\" data-widget_type=\"image.default\">\n\t\t\t\t<div class=\"elementor-widget-container\">\n\t\t\t\t\t\t\t\t\t\t\t\t\t<img decoding=\"async\" src=\"https:\/\/camvi.pl\/wp-content\/uploads\/elementor\/thumbs\/super-live-plus-1-qgd4jukoxgzblwuueu4o0k7kc4wiia4sxz26ouxmvy.png\" title=\"super-live-plus\" alt=\"Logo programu SuperLive Plus\" loading=\"lazy\" \/>\t\t\t\t\t\t\t\t\t\t\t\t\t<\/div>\n\t\t\t\t<\/div>\n\t\t\t\t<div class=\"elementor-element elementor-element-27fcf6e elementor-widget elementor-widget-heading\" data-id=\"27fcf6e\" data-element_type=\"widget\" data-widget_type=\"heading.default\">\n\t\t\t\t<div class=\"elementor-widget-container\">\n\t\t\t<h6 class=\"elementor-heading-title elementor-size-small\"><a href=\"https:\/\/apps.apple.com\/pl\/app\/superlive-plus\/id1058758642?l=pl\">SuperLive Plus (IOS)<\/a><\/h6>\t\t<\/div>\n\t\t\t\t<\/div>\n\t\t\t\t\t<\/div>\n\t\t\t\t<\/div>\n\t\t\t\t<\/div>\n\t\t\t\t<\/div>","protected":false},"excerpt":{"rendered":"<p>Nazwa Aktualizacja Rozmiar Oprogramowanie NVMS NVMS 2.0 Lite (Windows) wersja 2.1.4.40731 14.04.2025 339 MB Wyszukiwanie kamer IP Manager Tool (Windows) wersja 1.0.7.18 6.05.2023 10.2 MB Urz\u0105dzenia mobilne SuperLive Plus (Google Play) SuperLive Plus (IOS)<\/p>","protected":false},"author":1,"featured_media":676,"parent":0,"menu_order":0,"comment_status":"closed","ping_status":"closed","template":"","meta":{"footnotes":""},"class_list":["post-1707","page","type-page","status-publish","has-post-thumbnail","hentry"],"blocksy_meta":{"page_structure_type":"type-4","has_hero_section":"enabled","hero_section":"type-2","styles_descriptor":{"styles":{"desktop":"[data-prefix=\"single_page\"] .entry-header .page-title {--theme-font-size:30px;--theme-heading-color:#ffffff;} [data-prefix=\"single_page\"] .entry-header .entry-meta {--theme-font-weight:600;--theme-text-transform:uppercase;--theme-font-size:12px;--theme-line-height:1.3;} [data-prefix=\"single_page\"] .hero-section[data-type=\"type-2\"] {--min-height:526px;background-color:var(--theme-palette-color-6);background-image:none;--container-padding:50px 0px;}","tablet":"","mobile":""},"google_fonts":[],"version":6},"hero_elements":[{"id":"custom_title","enabled":true,"heading_tag":"h1","title":"Strona g\u0142\u00f3wna","__id":"qv0cyFbQXCq3rNrKHTcFY"},{"id":"custom_description","enabled":true,"description_visibility":{"desktop":true,"tablet":true,"mobile":false},"__id":"OABwenFYH8TrA1cCByrWy"},{"id":"custom_meta","enabled":false,"meta_elements":[{"id":"author","enabled":true,"label":"Przez","has_author_avatar":"yes","avatar_size":25},{"id":"post_date","enabled":true,"label":"W\u0142\u0105cz","date_format_source":"default","date_format":"M j, Y"},{"id":"updated_date","enabled":false,"label":"W\u0142\u0105cz","date_format_source":"default","date_format":"M j, Y"},{"id":"categories","enabled":false,"label":"W","style":"simple"},{"id":"comments","enabled":true}],"page_meta_elements":{"joined":true,"articles_count":true,"comments":true},"__id":"r7lyoLy7lmJTAtJrl1HMg"},{"id":"breadcrumbs","enabled":false,"__id":"YYRp96WUYpIBJigdvOk1y"}],"parallax":{"desktop":true,"tablet":false,"mobile":false},"hero_height":{"desktop":"526px","tablet":"526px","mobile":"526px","__changed":[]},"pageTitleFontColor":{"default":{"color":"#ffffff"}}},"yoast_head":"<!-- This site is optimized with the Yoast SEO plugin v22.9 - https:\/\/yoast.com\/wordpress\/plugins\/seo\/ -->\n<title>Programy - camvi.pl<\/title>\n<meta name=\"robots\" content=\"index, follow, max-snippet:-1, max-image-preview:large, max-video-preview:-1\" \/>\n<link rel=\"canonical\" href=\"https:\/\/camvi.pl\/en\/programy\/\" \/>\n<meta property=\"og:locale\" content=\"en_GB\" \/>\n<meta property=\"og:type\" content=\"article\" \/>\n<meta property=\"og:title\" content=\"Programy - camvi.pl\" \/>\n<meta property=\"og:description\" content=\"Nazwa Aktualizacja Rozmiar Oprogramowanie NVMS NVMS 2.0 Lite (Windows) wersja 2.1.4.40731 14.04.2025 339 MB Wyszukiwanie kamer IP Manager Tool (Windows) wersja 1.0.7.18 6.05.2023 10.2 MB Urz\u0105dzenia mobilne SuperLive Plus (Google Play) SuperLive Plus (IOS)\" \/>\n<meta property=\"og:url\" content=\"https:\/\/camvi.pl\/en\/programy\/\" \/>\n<meta property=\"og:site_name\" content=\"camvi.pl\" \/>\n<meta property=\"article:modified_time\" content=\"2025-04-14T08:22:17+00:00\" \/>\n<meta property=\"og:image\" content=\"https:\/\/camvi.pl\/wp-content\/uploads\/2022\/05\/article-image-6.webp\" \/>\n\t<meta property=\"og:image:width\" content=\"1230\" \/>\n\t<meta property=\"og:image:height\" content=\"1020\" \/>\n\t<meta property=\"og:image:type\" content=\"image\/webp\" \/>\n<meta name=\"twitter:card\" content=\"summary_large_image\" \/>\n<meta name=\"twitter:label1\" content=\"Estimated reading time\" \/>\n\t<meta name=\"twitter:data1\" content=\"1 minute\" \/>\n<script type=\"application\/ld+json\" class=\"yoast-schema-graph\">{\"@context\":\"https:\/\/schema.org\",\"@graph\":[{\"@type\":\"WebPage\",\"@id\":\"https:\/\/camvi.pl\/programy\/\",\"url\":\"https:\/\/camvi.pl\/programy\/\",\"name\":\"Programy - camvi.pl\",\"isPartOf\":{\"@id\":\"https:\/\/camvi.pl\/#website\"},\"primaryImageOfPage\":{\"@id\":\"https:\/\/camvi.pl\/programy\/#primaryimage\"},\"image\":{\"@id\":\"https:\/\/camvi.pl\/programy\/#primaryimage\"},\"thumbnailUrl\":\"https:\/\/camvi.pl\/wp-content\/uploads\/2022\/05\/article-image-6.webp\",\"datePublished\":\"2023-09-05T20:26:26+00:00\",\"dateModified\":\"2025-04-14T08:22:17+00:00\",\"breadcrumb\":{\"@id\":\"https:\/\/camvi.pl\/programy\/#breadcrumb\"},\"inLanguage\":\"en-GB\",\"potentialAction\":[{\"@type\":\"ReadAction\",\"target\":[\"https:\/\/camvi.pl\/programy\/\"]}]},{\"@type\":\"ImageObject\",\"inLanguage\":\"en-GB\",\"@id\":\"https:\/\/camvi.pl\/programy\/#primaryimage\",\"url\":\"https:\/\/camvi.pl\/wp-content\/uploads\/2022\/05\/article-image-6.webp\",\"contentUrl\":\"https:\/\/camvi.pl\/wp-content\/uploads\/2022\/05\/article-image-6.webp\",\"width\":1230,\"height\":1020},{\"@type\":\"BreadcrumbList\",\"@id\":\"https:\/\/camvi.pl\/programy\/#breadcrumb\",\"itemListElement\":[{\"@type\":\"ListItem\",\"position\":1,\"name\":\"Strona g\u0142\u00f3wna\",\"item\":\"https:\/\/camvi.pl\/\"},{\"@type\":\"ListItem\",\"position\":2,\"name\":\"Programy\"}]},{\"@type\":\"WebSite\",\"@id\":\"https:\/\/camvi.pl\/#website\",\"url\":\"https:\/\/camvi.pl\/\",\"name\":\"camvi.pl\",\"description\":\"Camvi marka kamer IP\",\"potentialAction\":[{\"@type\":\"SearchAction\",\"target\":{\"@type\":\"EntryPoint\",\"urlTemplate\":\"https:\/\/camvi.pl\/?s={search_term_string}\"},\"query-input\":\"required name=search_term_string\"}],\"inLanguage\":\"en-GB\"}]}<\/script>\n<!-- \/ Yoast SEO plugin. -->","yoast_head_json":{"title":"Programy - camvi.pl","robots":{"index":"index","follow":"follow","max-snippet":"max-snippet:-1","max-image-preview":"max-image-preview:large","max-video-preview":"max-video-preview:-1"},"canonical":"https:\/\/camvi.pl\/en\/programy\/","og_locale":"en_GB","og_type":"article","og_title":"Programy - camvi.pl","og_description":"Nazwa Aktualizacja Rozmiar Oprogramowanie NVMS NVMS 2.0 Lite (Windows) wersja 2.1.4.40731 14.04.2025 339 MB Wyszukiwanie kamer IP Manager Tool (Windows) wersja 1.0.7.18 6.05.2023 10.2 MB Urz\u0105dzenia mobilne SuperLive Plus (Google Play) SuperLive Plus (IOS)","og_url":"https:\/\/camvi.pl\/en\/programy\/","og_site_name":"camvi.pl","article_modified_time":"2025-04-14T08:22:17+00:00","og_image":[{"width":1230,"height":1020,"url":"https:\/\/camvi.pl\/wp-content\/uploads\/2022\/05\/article-image-6.webp","type":"image\/webp"}],"twitter_card":"summary_large_image","twitter_misc":{"Estimated reading time":"1 minute"},"schema":{"@context":"https:\/\/schema.org","@graph":[{"@type":"WebPage","@id":"https:\/\/camvi.pl\/programy\/","url":"https:\/\/camvi.pl\/programy\/","name":"Programy - camvi.pl","isPartOf":{"@id":"https:\/\/camvi.pl\/#website"},"primaryImageOfPage":{"@id":"https:\/\/camvi.pl\/programy\/#primaryimage"},"image":{"@id":"https:\/\/camvi.pl\/programy\/#primaryimage"},"thumbnailUrl":"https:\/\/camvi.pl\/wp-content\/uploads\/2022\/05\/article-image-6.webp","datePublished":"2023-09-05T20:26:26+00:00","dateModified":"2025-04-14T08:22:17+00:00","breadcrumb":{"@id":"https:\/\/camvi.pl\/programy\/#breadcrumb"},"inLanguage":"en-GB","potentialAction":[{"@type":"ReadAction","target":["https:\/\/camvi.pl\/programy\/"]}]},{"@type":"ImageObject","inLanguage":"en-GB","@id":"https:\/\/camvi.pl\/programy\/#primaryimage","url":"https:\/\/camvi.pl\/wp-content\/uploads\/2022\/05\/article-image-6.webp","contentUrl":"https:\/\/camvi.pl\/wp-content\/uploads\/2022\/05\/article-image-6.webp","width":1230,"height":1020},{"@type":"BreadcrumbList","@id":"https:\/\/camvi.pl\/programy\/#breadcrumb","itemListElement":[{"@type":"ListItem","position":1,"name":"Strona g\u0142\u00f3wna","item":"https:\/\/camvi.pl\/"},{"@type":"ListItem","position":2,"name":"Programy"}]},{"@type":"WebSite","@id":"https:\/\/camvi.pl\/#website","url":"https:\/\/camvi.pl\/","name":"camvi.pl","description":"Camvi marka kamer IP","potentialAction":[{"@type":"SearchAction","target":{"@type":"EntryPoint","urlTemplate":"https:\/\/camvi.pl\/?s={search_term_string}"},"query-input":"required name=search_term_string"}],"inLanguage":"en-GB"}]}},"_links":{"self":[{"href":"https:\/\/camvi.pl\/en\/wp-json\/wp\/v2\/pages\/1707","targetHints":{"allow":["GET"]}}],"collection":[{"href":"https:\/\/camvi.pl\/en\/wp-json\/wp\/v2\/pages"}],"about":[{"href":"https:\/\/camvi.pl\/en\/wp-json\/wp\/v2\/types\/page"}],"author":[{"embeddable":true,"href":"https:\/\/camvi.pl\/en\/wp-json\/wp\/v2\/users\/1"}],"replies":[{"embeddable":true,"href":"https:\/\/camvi.pl\/en\/wp-json\/wp\/v2\/comments?post=1707"}],"version-history":[{"count":79,"href":"https:\/\/camvi.pl\/en\/wp-json\/wp\/v2\/pages\/1707\/revisions"}],"predecessor-version":[{"id":2084,"href":"https:\/\/camvi.pl\/en\/wp-json\/wp\/v2\/pages\/1707\/revisions\/2084"}],"wp:featuredmedia":[{"embeddable":true,"href":"https:\/\/camvi.pl\/en\/wp-json\/wp\/v2\/media\/676"}],"wp:attachment":[{"href":"https:\/\/camvi.pl\/en\/wp-json\/wp\/v2\/media?parent=1707"}],"curies":[{"name":"wp","href":"https:\/\/api.w.org\/{rel}","templated":true}]}}