{"id":988,"date":"2023-07-11T12:25:57","date_gmt":"2023-07-11T10:25:57","guid":{"rendered":"http:\/\/camvi.pl\/?page_id=988"},"modified":"2023-09-18T13:20:09","modified_gmt":"2023-09-18T11:20:09","slug":"kontakt","status":"publish","type":"page","link":"https:\/\/camvi.pl\/en\/kontakt\/","title":{"rendered":"Contact"},"content":{"rendered":"<div data-elementor-type=\"wp-page\" data-elementor-id=\"988\" class=\"elementor elementor-988\">\n\t\t\t\t<div class=\"elementor-element elementor-element-0e8ecb8 e-flex e-con-boxed e-con e-parent\" data-id=\"0e8ecb8\" data-element_type=\"container\">\n\t\t\t\t\t<div class=\"e-con-inner\">\n\t\t\t\t<div class=\"elementor-element elementor-element-8a44edb elementor-widget elementor-widget-wpforms\" data-id=\"8a44edb\" data-element_type=\"widget\" data-widget_type=\"wpforms.default\">\n\t\t\t\t<div class=\"elementor-widget-container\">\n\t\t\t<style id=\"wpforms-css-vars-root\">\n\t\t\t\t:root {\n\t\t\t\t\t--wpforms-field-border-radius: 3px;\n--wpforms-field-border-style: solid;\n--wpforms-field-border-size: 1px;\n--wpforms-field-background-color: #ffffff;\n--wpforms-field-border-color: rgba( 0, 0, 0, 0.25 );\n--wpforms-field-border-color-spare: rgba( 0, 0, 0, 0.25 );\n--wpforms-field-text-color: rgba( 0, 0, 0, 0.7 );\n--wpforms-field-menu-color: #ffffff;\n--wpforms-label-color: rgba( 0, 0, 0, 0.85 );\n--wpforms-label-sublabel-color: rgba( 0, 0, 0, 0.55 );\n--wpforms-label-error-color: #d63637;\n--wpforms-button-border-radius: 3px;\n--wpforms-button-border-style: none;\n--wpforms-button-border-size: 1px;\n--wpforms-button-background-color: #066aab;\n--wpforms-button-border-color: #066aab;\n--wpforms-button-text-color: #ffffff;\n--wpforms-page-break-color: #066aab;\n--wpforms-background-image: none;\n--wpforms-background-position: center center;\n--wpforms-background-repeat: no-repeat;\n--wpforms-background-size: cover;\n--wpforms-background-width: 100px;\n--wpforms-background-height: 100px;\n--wpforms-background-color: rgba( 0, 0, 0, 0 );\n--wpforms-background-url: none;\n--wpforms-container-padding: 0px;\n--wpforms-container-border-style: none;\n--wpforms-container-border-width: 1px;\n--wpforms-container-border-color: #000000;\n--wpforms-container-border-radius: 3px;\n--wpforms-field-size-input-height: 43px;\n--wpforms-field-size-input-spacing: 15px;\n--wpforms-field-size-font-size: 16px;\n--wpforms-field-size-line-height: 19px;\n--wpforms-field-size-padding-h: 14px;\n--wpforms-field-size-checkbox-size: 16px;\n--wpforms-field-size-sublabel-spacing: 5px;\n--wpforms-field-size-icon-size: 1;\n--wpforms-label-size-font-size: 16px;\n--wpforms-label-size-line-height: 19px;\n--wpforms-label-size-sublabel-font-size: 14px;\n--wpforms-label-size-sublabel-line-height: 17px;\n--wpforms-button-size-font-size: 17px;\n--wpforms-button-size-height: 41px;\n--wpforms-button-size-padding-h: 15px;\n--wpforms-button-size-margin-top: 10px;\n--wpforms-container-shadow-size-box-shadow: none;\n\n\t\t\t\t}\n\t\t\t<\/style><div class=\"wpforms-container wpforms-render-modern\" id=\"wpforms-439\"><form id=\"wpforms-form-439\" class=\"wpforms-validate wpforms-form wpforms-ajax-form\" data-formid=\"439\" method=\"post\" enctype=\"multipart\/form-data\" action=\"\/en\/wp-json\/wp\/v2\/pages\/988\" data-token=\"89a7db871a5ac3fb4a81c5da29568aad\" data-token-time=\"1776294050\" data-trp-original-action=\"\/en\/wp-json\/wp\/v2\/pages\/988\"><noscript class=\"wpforms-error-noscript\">Please enable JavaScript in your browser to complete this form.<\/noscript><div class=\"wpforms-hidden\" id=\"wpforms-error-noscript\">Please enable JavaScript in your browser to complete this form.<\/div><div class=\"wpforms-field-container\"><div id=\"wpforms-439-field_8-container\" class=\"wpforms-field wpforms-field-text wp-form-input\" data-field-id=\"8\"><label class=\"wpforms-field-label\" for=\"wpforms-439-field_8\">Name and surname <span class=\"wpforms-required-label\" aria-hidden=\"true\">*<\/span><\/label><input type=\"text\" id=\"wpforms-439-field_8\" class=\"wpforms-field-large wpforms-field-required\" name=\"wpforms[fields][8]\" aria-errormessage=\"wpforms-439-field_8-error\" required><\/div><div id=\"wpforms-439-field_1-container\" class=\"wpforms-field wpforms-field-email wp-form-input\" data-field-id=\"1\"><label class=\"wpforms-field-label\" for=\"wpforms-439-field_1\">Email <span class=\"wpforms-required-label\" aria-hidden=\"true\">*<\/span><\/label><input type=\"email\" id=\"wpforms-439-field_1\" class=\"wpforms-field-large wpforms-field-required\" name=\"wpforms[fields][1]\" spellcheck=\"false\" aria-errormessage=\"wpforms-439-field_1-error\" required><\/div><div id=\"wpforms-439-field_7-container\" class=\"wpforms-field wpforms-field-text wp-form-input\" data-field-id=\"7\"><label class=\"wpforms-field-label\" for=\"wpforms-439-field_7\">Topic <span class=\"wpforms-required-label\" aria-hidden=\"true\">*<\/span><\/label><input type=\"text\" id=\"wpforms-439-field_7\" class=\"wpforms-field-large wpforms-field-required\" name=\"wpforms[fields][7]\" aria-errormessage=\"wpforms-439-field_7-error\" required><\/div><div id=\"wpforms-439-field_2-container\" class=\"wpforms-field wpforms-field-textarea wp-form-textarea\" data-field-id=\"2\"><label class=\"wpforms-field-label\" for=\"wpforms-439-field_2\">Message <span class=\"wpforms-required-label\" aria-hidden=\"true\">*<\/span><\/label><textarea id=\"wpforms-439-field_2\" class=\"wpforms-field-large wpforms-field-required\" name=\"wpforms[fields][2]\" aria-errormessage=\"wpforms-439-field_2-error\" required><\/textarea><\/div><\/div><!-- .wpforms-field-container --><div class=\"wpforms-submit-container\" ><input type=\"hidden\" name=\"wpforms[id]\" value=\"439\"><input type=\"hidden\" name=\"page_title\" value=\"\"><input type=\"hidden\" name=\"page_url\" value=\"https:\/\/camvi.pl\/en\/wp-json\/wp\/v2\/pages\/988\"><button type=\"submit\" name=\"wpforms[submit]\" id=\"wpforms-submit-439\" class=\"wpforms-submit wp-form-submit-button\" data-alt-text=\"Wysy\u0142anie\" data-submit-text=\"Wy\u015blij wiadomo\u015b\u0107\" aria-live=\"assertive\" value=\"wpforms-submit\">Send a message<\/button><img decoding=\"async\" src=\"https:\/\/camvi.pl\/wp-content\/plugins\/wpforms-lite\/assets\/images\/submit-spin.svg\" class=\"wpforms-submit-spinner\" style=\"display: none;\" width=\"26\" height=\"26\" alt=\"Loading\"><\/div><input type=\"hidden\" name=\"trp-form-language\" value=\"en\"\/><\/form><\/div>  <!-- .wpforms-container -->\t\t<\/div>\n\t\t\t\t<\/div>\n\t\t\t\t\t<\/div>\n\t\t\t\t<\/div>\n\t\t\t\t<\/div>","protected":false},"excerpt":{"rendered":"","protected":false},"author":1,"featured_media":676,"parent":0,"menu_order":0,"comment_status":"closed","ping_status":"closed","template":"","meta":{"footnotes":""},"class_list":["post-988","page","type-page","status-publish","has-post-thumbnail","hentry"],"blocksy_meta":{"page_structure_type":"type-4","has_hero_section":"enabled","hero_section":"type-2","styles_descriptor":{"styles":{"desktop":"[data-prefix=\"single_page\"] .entry-header .page-title {--theme-font-size:30px;--theme-heading-color:#ffffff;} [data-prefix=\"single_page\"] .entry-header .entry-meta {--theme-font-weight:600;--theme-text-transform:uppercase;--theme-font-size:12px;--theme-line-height:1.3;} [data-prefix=\"single_page\"] .hero-section[data-type=\"type-2\"] {--min-height:526px;background-color:var(--theme-palette-color-6);background-image:none;--container-padding:50px 0px;}","tablet":"","mobile":""},"google_fonts":[],"version":6},"hero_elements":[{"id":"custom_title","enabled":true,"heading_tag":"h1","title":"Strona g\u0142\u00f3wna","__id":"qv0cyFbQXCq3rNrKHTcFY"},{"id":"custom_description","enabled":true,"description_visibility":{"desktop":true,"tablet":true,"mobile":false},"__id":"OABwenFYH8TrA1cCByrWy"},{"id":"custom_meta","enabled":false,"meta_elements":[{"id":"author","enabled":true,"label":"Przez","has_author_avatar":"yes","avatar_size":25},{"id":"post_date","enabled":true,"label":"W\u0142\u0105cz","date_format_source":"default","date_format":"M j, Y"},{"id":"updated_date","enabled":false,"label":"W\u0142\u0105cz","date_format_source":"default","date_format":"M j, Y"},{"id":"categories","enabled":false,"label":"W","style":"simple"},{"id":"comments","enabled":true}],"page_meta_elements":{"joined":true,"articles_count":true,"comments":true},"__id":"r7lyoLy7lmJTAtJrl1HMg"},{"id":"breadcrumbs","enabled":false,"__id":"YYRp96WUYpIBJigdvOk1y"}],"parallax":{"desktop":true,"tablet":false,"mobile":false},"hero_height":{"desktop":"526px","tablet":"526px","mobile":"526px","__changed":[]},"pageTitleFontColor":{"default":{"color":"#ffffff"}}},"yoast_head":"<!-- This site is optimized with the Yoast SEO plugin v22.9 - https:\/\/yoast.com\/wordpress\/plugins\/seo\/ -->\n<title>Kontakt - camvi.pl<\/title>\n<meta name=\"robots\" content=\"index, follow, max-snippet:-1, max-image-preview:large, max-video-preview:-1\" \/>\n<link rel=\"canonical\" href=\"https:\/\/camvi.pl\/en\/kontakt\/\" \/>\n<meta property=\"og:locale\" content=\"en_GB\" \/>\n<meta property=\"og:type\" content=\"article\" \/>\n<meta property=\"og:title\" content=\"Kontakt - camvi.pl\" \/>\n<meta property=\"og:url\" content=\"https:\/\/camvi.pl\/en\/kontakt\/\" \/>\n<meta property=\"og:site_name\" content=\"camvi.pl\" \/>\n<meta property=\"article:modified_time\" content=\"2023-09-18T11:20:09+00:00\" \/>\n<meta property=\"og:image\" content=\"https:\/\/ml5rbtdvsjrf.i.optimole.com\/cb:MpvK.129b7\/w:auto\/h:auto\/q:mauto\/f:best\/https:\/\/camvi.pl\/wp-content\/uploads\/2022\/05\/article-image-6.webp\" \/>\n\t<meta property=\"og:image:width\" content=\"1230\" \/>\n\t<meta property=\"og:image:height\" content=\"1020\" \/>\n\t<meta property=\"og:image:type\" content=\"image\/webp\" \/>\n<meta name=\"twitter:card\" content=\"summary_large_image\" \/>\n<script type=\"application\/ld+json\" class=\"yoast-schema-graph\">{\"@context\":\"https:\/\/schema.org\",\"@graph\":[{\"@type\":\"WebPage\",\"@id\":\"https:\/\/camvi.pl\/kontakt\/\",\"url\":\"https:\/\/camvi.pl\/kontakt\/\",\"name\":\"Kontakt - camvi.pl\",\"isPartOf\":{\"@id\":\"https:\/\/camvi.pl\/#website\"},\"primaryImageOfPage\":{\"@id\":\"https:\/\/camvi.pl\/kontakt\/#primaryimage\"},\"image\":{\"@id\":\"https:\/\/camvi.pl\/kontakt\/#primaryimage\"},\"thumbnailUrl\":\"https:\/\/camvi.pl\/wp-content\/uploads\/2022\/05\/article-image-6.webp\",\"datePublished\":\"2023-07-11T10:25:57+00:00\",\"dateModified\":\"2023-09-18T11:20:09+00:00\",\"breadcrumb\":{\"@id\":\"https:\/\/camvi.pl\/kontakt\/#breadcrumb\"},\"inLanguage\":\"en-GB\",\"potentialAction\":[{\"@type\":\"ReadAction\",\"target\":[\"https:\/\/camvi.pl\/kontakt\/\"]}]},{\"@type\":\"ImageObject\",\"inLanguage\":\"en-GB\",\"@id\":\"https:\/\/camvi.pl\/kontakt\/#primaryimage\",\"url\":\"https:\/\/camvi.pl\/wp-content\/uploads\/2022\/05\/article-image-6.webp\",\"contentUrl\":\"https:\/\/camvi.pl\/wp-content\/uploads\/2022\/05\/article-image-6.webp\",\"width\":1230,\"height\":1020},{\"@type\":\"BreadcrumbList\",\"@id\":\"https:\/\/camvi.pl\/kontakt\/#breadcrumb\",\"itemListElement\":[{\"@type\":\"ListItem\",\"position\":1,\"name\":\"Strona g\u0142\u00f3wna\",\"item\":\"https:\/\/camvi.pl\/\"},{\"@type\":\"ListItem\",\"position\":2,\"name\":\"Kontakt\"}]},{\"@type\":\"WebSite\",\"@id\":\"https:\/\/camvi.pl\/#website\",\"url\":\"https:\/\/camvi.pl\/\",\"name\":\"camvi.pl\",\"description\":\"Camvi marka kamer IP\",\"potentialAction\":[{\"@type\":\"SearchAction\",\"target\":{\"@type\":\"EntryPoint\",\"urlTemplate\":\"https:\/\/camvi.pl\/?s={search_term_string}\"},\"query-input\":\"required name=search_term_string\"}],\"inLanguage\":\"en-GB\"}]}<\/script>\n<!-- \/ Yoast SEO plugin. -->","yoast_head_json":{"title":"Kontakt - camvi.pl","robots":{"index":"index","follow":"follow","max-snippet":"max-snippet:-1","max-image-preview":"max-image-preview:large","max-video-preview":"max-video-preview:-1"},"canonical":"https:\/\/camvi.pl\/en\/kontakt\/","og_locale":"en_GB","og_type":"article","og_title":"Kontakt - camvi.pl","og_url":"https:\/\/camvi.pl\/en\/kontakt\/","og_site_name":"camvi.pl","article_modified_time":"2023-09-18T11:20:09+00:00","og_image":[{"width":1230,"height":1020,"url":"https:\/\/ml5rbtdvsjrf.i.optimole.com\/cb:MpvK.129b7\/w:auto\/h:auto\/q:mauto\/f:best\/https:\/\/camvi.pl\/wp-content\/uploads\/2022\/05\/article-image-6.webp","type":"image\/webp"}],"twitter_card":"summary_large_image","schema":{"@context":"https:\/\/schema.org","@graph":[{"@type":"WebPage","@id":"https:\/\/camvi.pl\/kontakt\/","url":"https:\/\/camvi.pl\/kontakt\/","name":"Kontakt - camvi.pl","isPartOf":{"@id":"https:\/\/camvi.pl\/#website"},"primaryImageOfPage":{"@id":"https:\/\/camvi.pl\/kontakt\/#primaryimage"},"image":{"@id":"https:\/\/camvi.pl\/kontakt\/#primaryimage"},"thumbnailUrl":"https:\/\/camvi.pl\/wp-content\/uploads\/2022\/05\/article-image-6.webp","datePublished":"2023-07-11T10:25:57+00:00","dateModified":"2023-09-18T11:20:09+00:00","breadcrumb":{"@id":"https:\/\/camvi.pl\/kontakt\/#breadcrumb"},"inLanguage":"en-GB","potentialAction":[{"@type":"ReadAction","target":["https:\/\/camvi.pl\/kontakt\/"]}]},{"@type":"ImageObject","inLanguage":"en-GB","@id":"https:\/\/camvi.pl\/kontakt\/#primaryimage","url":"https:\/\/camvi.pl\/wp-content\/uploads\/2022\/05\/article-image-6.webp","contentUrl":"https:\/\/camvi.pl\/wp-content\/uploads\/2022\/05\/article-image-6.webp","width":1230,"height":1020},{"@type":"BreadcrumbList","@id":"https:\/\/camvi.pl\/kontakt\/#breadcrumb","itemListElement":[{"@type":"ListItem","position":1,"name":"Strona g\u0142\u00f3wna","item":"https:\/\/camvi.pl\/"},{"@type":"ListItem","position":2,"name":"Kontakt"}]},{"@type":"WebSite","@id":"https:\/\/camvi.pl\/#website","url":"https:\/\/camvi.pl\/","name":"camvi.pl","description":"Camvi marka kamer IP","potentialAction":[{"@type":"SearchAction","target":{"@type":"EntryPoint","urlTemplate":"https:\/\/camvi.pl\/?s={search_term_string}"},"query-input":"required name=search_term_string"}],"inLanguage":"en-GB"}]}},"_links":{"self":[{"href":"https:\/\/camvi.pl\/en\/wp-json\/wp\/v2\/pages\/988","targetHints":{"allow":["GET"]}}],"collection":[{"href":"https:\/\/camvi.pl\/en\/wp-json\/wp\/v2\/pages"}],"about":[{"href":"https:\/\/camvi.pl\/en\/wp-json\/wp\/v2\/types\/page"}],"author":[{"embeddable":true,"href":"https:\/\/camvi.pl\/en\/wp-json\/wp\/v2\/users\/1"}],"replies":[{"embeddable":true,"href":"https:\/\/camvi.pl\/en\/wp-json\/wp\/v2\/comments?post=988"}],"version-history":[{"count":5,"href":"https:\/\/camvi.pl\/en\/wp-json\/wp\/v2\/pages\/988\/revisions"}],"predecessor-version":[{"id":1433,"href":"https:\/\/camvi.pl\/en\/wp-json\/wp\/v2\/pages\/988\/revisions\/1433"}],"wp:featuredmedia":[{"embeddable":true,"href":"https:\/\/camvi.pl\/en\/wp-json\/wp\/v2\/media\/676"}],"wp:attachment":[{"href":"https:\/\/camvi.pl\/en\/wp-json\/wp\/v2\/media?parent=988"}],"curies":[{"name":"wp","href":"https:\/\/api.w.org\/{rel}","templated":true}]}}