{"id":1106,"date":"2023-07-13T11:11:36","date_gmt":"2023-07-13T09:11:36","guid":{"rendered":"http:\/\/camvi.pl\/?post_type=product&#038;p=1106"},"modified":"2024-03-04T15:28:20","modified_gmt":"2024-03-04T14:28:20","slug":"kamera-ip-4-mpx","status":"publish","type":"product","link":"https:\/\/camvi.pl\/en\/produkty\/kamera-ip-4-mpx\/","title":{"rendered":"IP 4 Mpx CV-IPB2428-A-AI Camera"},"content":{"rendered":"","protected":false},"excerpt":{"rendered":"<div id=\"tw-container\" data-cp=\"1\" data-is-ver=\"false\" data-nnttsvi=\"1\" data-sbsl=\".*\" data-sm=\"1\" data-ssbp=\"false\" data-sugg-time=\"500\" data-sugg-url=\"https:\/\/clients1.google.com\/complete\/search\" data-uilc=\"pl\" data-vil=\",af,af-ZA,am,am-ET,ar-EG,ar-AE,ar-KW,ar-QA,ar,ar-IL,ar-JO,ar-LB,ar-PS,az,az-AZ,bg,bg-BG,bn,bn-BD,bn-IN,ca,ca-es,cs,cs-CZ,de,de-DE,de-CH,de-AT,de-LI,en,en-US,en-CA,en-AU,en-NZ,en-GB,en-IN,en-KE,en-TZ,en-NG,en-GH,en-PH,en-ZA,es,es-ES,es-AR,es-UY,es-419,es-BO,es-CL,es-CR,es-CO,es-DO,es-EC,es-GT,es-HN,es-NI,es-PA,es-PE,es-PR,es-PY,es-SV,es-VE,es-MX,es-US,eu,eu-ES,fi,fi-FI,fr,fr-FR,fr-CH,fr-BE,gl,gl-ES,gu,gu-IN,he,he-IL,iw,iw-IL,hu,hu-HU,hy,hy-AM,id,id-ID,is,is-IS,it,it-IT,it-CH,ja,ja-JP,jv,jv-ID,ka,ka-GE,km,km-KH,kn,kn-IN,ko,ko-KR,la,lo,lo-LA,lv,lv-LV,ml,ml-IN,mr,mr-IN,ms,ms-MY,nl,nl-NL,nb,nb-NO,ne,ne-NP,pl,pl-PL,pt,pt-BR,pt-PT,ro,ro-RO,ru,ru-RU,si-LK,sk,sk-SK,sr,sr-RS,su,su-ID,sv,sv-SE,sw,sw-TZ,sw-KE,ta,ta-IN,ta-SG,ta-LK,ta-MY,te,te-IN,tr,tr-TR,ur,ur-PK,ur-IN,yue,yue-HK,yue-Hant-HK,zh-HK,zh,zh-CN,zh-cmn,zh-cmn-CN,zh-Hans,zh-Hans-CN,zh-cmn-Hans,zh-cmn-Hans-CN,cmn-CN,cmn-Hans,cmn-Hans-CN,zh-TW,zh-Hant-TW,cmn-TW,cmn-Hant-TW,zh-cmn-TW,zh-cmn-Hant-TW,zu,zu-ZA\">\n<div id=\"tw-ob\" class=\"tw-src-ltr\">\n<div class=\"oSioSc\">\n<div id=\"tw-target\">\n<div id=\"kAz1tf\" class=\"g9WsWb\">\n<div id=\"tw-target-text-container\" class=\"tw-ta-container F0azHf tw-nfl\" tabindex=\"0\"><\/div>\n<div class=\"iYB33c\">\n<div id=\"tw-tmenu\" class=\"tw-menu\">\n<ul>\n<li><strong>4 Mpx IP<\/strong>\u00a0Kamera<\/li>\n<li>Obiektyw\u00a0<strong>2.8 mm<\/strong><\/li>\n<li><strong>Intelligent Image Analysis<\/strong><\/li>\n<li>IR LED zasi\u0119g<strong>\u00a0do 30 m<\/strong><\/li>\n<li>3D DNR,\u00a0<strong>WDR 120 dB<\/strong>, HLC, BLC, smart IR, ROI itp<\/li>\n<li><strong>Funkcje AI: ochrona perymetryczna, klasyfikacja wykrytego obiektu (cz\u0142owiek\/pojazd)<\/strong><\/li>\n<li><b>0.005 lux @F1.6, AGC ON; 0 lux z IR<\/b><\/li>\n<li>Klasa szczelno\u015bci\u00a0<strong>IP67<\/strong><\/li>\n<li>Wbudowany <strong>slot kart\u00a0SD do 256GB<\/strong><\/li>\n<li>Zasilanie <strong>DC12V\/PoE<\/strong><\/li>\n<li>Automatic ICR switch<\/li>\n<li>Obs\u0142uga\u00a0<strong>3 strumieni<\/strong><\/li>\n<li>Zdalny dost\u0119p z urz\u0105dze\u0144 mobilnych IOS i Android OS<\/li>\n<li>Kompresja\u00a0<strong>H.265\/H.264\/MJPG<\/strong><\/li>\n<\/ul>\n<\/div>\n<\/div>\n<\/div>\n<\/div>\n<\/div>\n<\/div>\n<div id=\"tw-images\"><\/div>\n<div class=\"dURPtb\"><\/div>\n<div>\n<div><\/div>\n<\/div>\n<\/div>\n<div class=\"KFFQ0c xKf9F\"><\/div>","protected":false},"featured_media":1104,"template":"","meta":[],"product_cat":[20],"product_tag":[],"class_list":{"0":"post-1106","1":"product","2":"type-product","3":"status-publish","4":"has-post-thumbnail","6":"product_cat-kamery-ip","8":"first","9":"instock","10":"downloadable","11":"shipping-taxable","12":"product-type-simple"},"yoast_head":"<!-- This site is optimized with the Yoast SEO plugin v22.9 - https:\/\/yoast.com\/wordpress\/plugins\/seo\/ -->\n<title>Kamera IP 4 Mpx CV-IPB2428-A-AI - camvi.pl<\/title>\n<meta name=\"robots\" content=\"index, follow, max-snippet:-1, max-image-preview:large, max-video-preview:-1\" \/>\n<link rel=\"canonical\" href=\"https:\/\/camvi.pl\/en\/produkty\/kamera-ip-4-mpx\/\" \/>\n<meta property=\"og:locale\" content=\"en_GB\" \/>\n<meta property=\"og:type\" content=\"article\" \/>\n<meta property=\"og:title\" content=\"Kamera IP 4 Mpx CV-IPB2428-A-AI - camvi.pl\" \/>\n<meta property=\"og:description\" content=\"4 Mpx IP\u00a0Kamera  Obiektyw\u00a02.8 mm  Inteligentna Analiza obrazu  IR LED zasi\u0119g\u00a0do 30 m  3D DNR,\u00a0WDR 120 dB, HLC, BLC, smart IR, ROI itp  Funkcje AI: ochrona perymetryczna, klasyfikacja wykrytego obiektu (cz\u0142owiek\/pojazd)  0.005 lux @F1.6, AGC ON; 0 lux z IR  Klasa szczelno\u015bci\u00a0IP67  Wbudowany slot kart\u00a0SD do 256GB  Zasilanie DC12V\/PoE  Automatyczny prze\u0142\u0105cznik ICR  Obs\u0142uga\u00a03 strumieni  Zdalny dost\u0119p z urz\u0105dze\u0144 mobilnych IOS i Android OS  Kompresja\u00a0H.265\/H.264\/MJPG\" \/>\n<meta property=\"og:url\" content=\"https:\/\/camvi.pl\/en\/produkty\/kamera-ip-4-mpx\/\" \/>\n<meta property=\"og:site_name\" content=\"camvi.pl\" \/>\n<meta property=\"article:modified_time\" content=\"2024-03-04T14:28:20+00:00\" \/>\n<meta property=\"og:image\" content=\"https:\/\/camvi.pl\/wp-content\/uploads\/2023\/07\/CR15-1A-PL29.png\" \/>\n\t<meta property=\"og:image:width\" content=\"1920\" \/>\n\t<meta property=\"og:image:height\" content=\"1291\" \/>\n\t<meta property=\"og:image:type\" content=\"image\/png\" \/>\n<meta name=\"twitter:card\" content=\"summary_large_image\" \/>\n<meta name=\"twitter:label1\" content=\"Estimated reading time\" \/>\n\t<meta name=\"twitter:data1\" content=\"1 minute\" \/>\n<script type=\"application\/ld+json\" class=\"yoast-schema-graph\">{\"@context\":\"https:\/\/schema.org\",\"@graph\":[{\"@type\":\"WebPage\",\"@id\":\"https:\/\/camvi.pl\/produkty\/kamera-ip-4-mpx\/\",\"url\":\"https:\/\/camvi.pl\/produkty\/kamera-ip-4-mpx\/\",\"name\":\"Kamera IP 4 Mpx CV-IPB2428-A-AI - camvi.pl\",\"isPartOf\":{\"@id\":\"https:\/\/camvi.pl\/#website\"},\"primaryImageOfPage\":{\"@id\":\"https:\/\/camvi.pl\/produkty\/kamera-ip-4-mpx\/#primaryimage\"},\"image\":{\"@id\":\"https:\/\/camvi.pl\/produkty\/kamera-ip-4-mpx\/#primaryimage\"},\"thumbnailUrl\":\"https:\/\/camvi.pl\/wp-content\/uploads\/2023\/07\/CR15-1A-PL29.png\",\"datePublished\":\"2023-07-13T09:11:36+00:00\",\"dateModified\":\"2024-03-04T14:28:20+00:00\",\"breadcrumb\":{\"@id\":\"https:\/\/camvi.pl\/produkty\/kamera-ip-4-mpx\/#breadcrumb\"},\"inLanguage\":\"en-GB\",\"potentialAction\":[{\"@type\":\"ReadAction\",\"target\":[\"https:\/\/camvi.pl\/produkty\/kamera-ip-4-mpx\/\"]}]},{\"@type\":\"ImageObject\",\"inLanguage\":\"en-GB\",\"@id\":\"https:\/\/camvi.pl\/produkty\/kamera-ip-4-mpx\/#primaryimage\",\"url\":\"https:\/\/camvi.pl\/wp-content\/uploads\/2023\/07\/CR15-1A-PL29.png\",\"contentUrl\":\"https:\/\/camvi.pl\/wp-content\/uploads\/2023\/07\/CR15-1A-PL29.png\",\"width\":1920,\"height\":1291,\"caption\":\"Kamera CR15-1A- PL29 - bia\u0142a\"},{\"@type\":\"BreadcrumbList\",\"@id\":\"https:\/\/camvi.pl\/produkty\/kamera-ip-4-mpx\/#breadcrumb\",\"itemListElement\":[{\"@type\":\"ListItem\",\"position\":1,\"name\":\"Strona g\u0142\u00f3wna\",\"item\":\"https:\/\/camvi.pl\/\"},{\"@type\":\"ListItem\",\"position\":2,\"name\":\"Produkty\",\"item\":\"https:\/\/camvi.pl\/produkty\/\"},{\"@type\":\"ListItem\",\"position\":3,\"name\":\"Kamera IP 4 Mpx CV-IPB2428-A-AI\"}]},{\"@type\":\"WebSite\",\"@id\":\"https:\/\/camvi.pl\/#website\",\"url\":\"https:\/\/camvi.pl\/\",\"name\":\"camvi.pl\",\"description\":\"Camvi marka kamer IP\",\"potentialAction\":[{\"@type\":\"SearchAction\",\"target\":{\"@type\":\"EntryPoint\",\"urlTemplate\":\"https:\/\/camvi.pl\/?s={search_term_string}\"},\"query-input\":\"required name=search_term_string\"}],\"inLanguage\":\"en-GB\"}]}<\/script>\n<!-- \/ Yoast SEO plugin. -->","yoast_head_json":{"title":"Kamera IP 4 Mpx CV-IPB2428-A-AI - camvi.pl","robots":{"index":"index","follow":"follow","max-snippet":"max-snippet:-1","max-image-preview":"max-image-preview:large","max-video-preview":"max-video-preview:-1"},"canonical":"https:\/\/camvi.pl\/en\/produkty\/kamera-ip-4-mpx\/","og_locale":"en_GB","og_type":"article","og_title":"Kamera IP 4 Mpx CV-IPB2428-A-AI - camvi.pl","og_description":"4 Mpx IP\u00a0Kamera  Obiektyw\u00a02.8 mm  Inteligentna Analiza obrazu  IR LED zasi\u0119g\u00a0do 30 m  3D DNR,\u00a0WDR 120 dB, HLC, BLC, smart IR, ROI itp  Funkcje AI: ochrona perymetryczna, klasyfikacja wykrytego obiektu (cz\u0142owiek\/pojazd)  0.005 lux @F1.6, AGC ON; 0 lux z IR  Klasa szczelno\u015bci\u00a0IP67  Wbudowany slot kart\u00a0SD do 256GB  Zasilanie DC12V\/PoE  Automatyczny prze\u0142\u0105cznik ICR  Obs\u0142uga\u00a03 strumieni  Zdalny dost\u0119p z urz\u0105dze\u0144 mobilnych IOS i Android OS  Kompresja\u00a0H.265\/H.264\/MJPG","og_url":"https:\/\/camvi.pl\/en\/produkty\/kamera-ip-4-mpx\/","og_site_name":"camvi.pl","article_modified_time":"2024-03-04T14:28:20+00:00","og_image":[{"width":1920,"height":1291,"url":"https:\/\/camvi.pl\/wp-content\/uploads\/2023\/07\/CR15-1A-PL29.png","type":"image\/png"}],"twitter_card":"summary_large_image","twitter_misc":{"Estimated reading time":"1 minute"},"schema":{"@context":"https:\/\/schema.org","@graph":[{"@type":"WebPage","@id":"https:\/\/camvi.pl\/produkty\/kamera-ip-4-mpx\/","url":"https:\/\/camvi.pl\/produkty\/kamera-ip-4-mpx\/","name":"Kamera IP 4 Mpx CV-IPB2428-A-AI - camvi.pl","isPartOf":{"@id":"https:\/\/camvi.pl\/#website"},"primaryImageOfPage":{"@id":"https:\/\/camvi.pl\/produkty\/kamera-ip-4-mpx\/#primaryimage"},"image":{"@id":"https:\/\/camvi.pl\/produkty\/kamera-ip-4-mpx\/#primaryimage"},"thumbnailUrl":"https:\/\/camvi.pl\/wp-content\/uploads\/2023\/07\/CR15-1A-PL29.png","datePublished":"2023-07-13T09:11:36+00:00","dateModified":"2024-03-04T14:28:20+00:00","breadcrumb":{"@id":"https:\/\/camvi.pl\/produkty\/kamera-ip-4-mpx\/#breadcrumb"},"inLanguage":"en-GB","potentialAction":[{"@type":"ReadAction","target":["https:\/\/camvi.pl\/produkty\/kamera-ip-4-mpx\/"]}]},{"@type":"ImageObject","inLanguage":"en-GB","@id":"https:\/\/camvi.pl\/produkty\/kamera-ip-4-mpx\/#primaryimage","url":"https:\/\/camvi.pl\/wp-content\/uploads\/2023\/07\/CR15-1A-PL29.png","contentUrl":"https:\/\/camvi.pl\/wp-content\/uploads\/2023\/07\/CR15-1A-PL29.png","width":1920,"height":1291,"caption":"Kamera CR15-1A- PL29 - bia\u0142a"},{"@type":"BreadcrumbList","@id":"https:\/\/camvi.pl\/produkty\/kamera-ip-4-mpx\/#breadcrumb","itemListElement":[{"@type":"ListItem","position":1,"name":"Strona g\u0142\u00f3wna","item":"https:\/\/camvi.pl\/"},{"@type":"ListItem","position":2,"name":"Produkty","item":"https:\/\/camvi.pl\/produkty\/"},{"@type":"ListItem","position":3,"name":"Kamera IP 4 Mpx CV-IPB2428-A-AI"}]},{"@type":"WebSite","@id":"https:\/\/camvi.pl\/#website","url":"https:\/\/camvi.pl\/","name":"camvi.pl","description":"Camvi marka kamer IP","potentialAction":[{"@type":"SearchAction","target":{"@type":"EntryPoint","urlTemplate":"https:\/\/camvi.pl\/?s={search_term_string}"},"query-input":"required name=search_term_string"}],"inLanguage":"en-GB"}]}},"_links":{"self":[{"href":"https:\/\/camvi.pl\/en\/wp-json\/wp\/v2\/product\/1106","targetHints":{"allow":["GET"]}}],"collection":[{"href":"https:\/\/camvi.pl\/en\/wp-json\/wp\/v2\/product"}],"about":[{"href":"https:\/\/camvi.pl\/en\/wp-json\/wp\/v2\/types\/product"}],"wp:featuredmedia":[{"embeddable":true,"href":"https:\/\/camvi.pl\/en\/wp-json\/wp\/v2\/media\/1104"}],"wp:attachment":[{"href":"https:\/\/camvi.pl\/en\/wp-json\/wp\/v2\/media?parent=1106"}],"wp:term":[{"taxonomy":"product_cat","embeddable":true,"href":"https:\/\/camvi.pl\/en\/wp-json\/wp\/v2\/product_cat?post=1106"},{"taxonomy":"product_tag","embeddable":true,"href":"https:\/\/camvi.pl\/en\/wp-json\/wp\/v2\/product_tag?post=1106"}],"curies":[{"name":"wp","href":"https:\/\/api.w.org\/{rel}","templated":true}]}}