{"id":1610,"date":"2023-08-16T18:26:36","date_gmt":"2023-08-16T16:26:36","guid":{"rendered":"http:\/\/camvi.pl\/?post_type=product&#038;p=1610"},"modified":"2024-03-04T15:29:52","modified_gmt":"2024-03-04T14:29:52","slug":"kamera-ip-ptz-4-mpx-cv-ptz2425-ta","status":"publish","type":"product","link":"https:\/\/camvi.pl\/en\/produkty\/kamera-ip-ptz-4-mpx-cv-ptz2425-ta\/","title":{"rendered":"IP PTZ 4 Mpx  CV-PTZ2425-TA Camera"},"content":{"rendered":"","protected":false},"excerpt":{"rendered":"<ul>\n<li><strong>4 Mpx IP PTZ<\/strong><\/li>\n<li>Obiektyw<strong>\u00a04.8 ~ 120 mm, 25X Zoom optyczny<\/strong><\/li>\n<li><strong>Intelligent video analysis<\/strong><\/li>\n<li>WDR, 3D DNR, Smart<strong>\u00a0IR do 160 m<\/strong><\/li>\n<li><strong>BSI+NIR<\/strong>\u00a0progressive scan\u00a0<strong>CMOS<\/strong><\/li>\n<li>Min. o\u015bwietlenie:\u00a0<strong>Kolor: 0.01 lux @ (F1.65 AGC ON),0 Lux z IR<\/strong><\/li>\n<li>25-krotny zoom optyczny,\u00a0<strong>dok\u0142adne i szybkie ustawianie ostro\u015bci<\/strong><\/li>\n<li>Smart\u00a0<strong>H.265+<\/strong>\/H.265\/H.264+\/ H.264<\/li>\n<li><strong>1-kana\u0142owe wej\u015bcie alarmowe,\u00a0 1-kana\u0142owe wyj\u015bcie alarmowe<\/strong><\/li>\n<li>Inteligentne \u015bledzenie ludzi \/pojazd\u00f3w\u00a0<strong>(Autotracking)<\/strong><\/li>\n<li>Intelligent detection and perimeter protection<\/li>\n<li><strong>ONVIF<\/strong>, API i SDK<\/li>\n<li><strong>PoE+ i DC12V<\/strong><\/li>\n<li>Klasa szczelno\u015bci\u00a0<strong>IP66<\/strong><\/li>\n<\/ul>","protected":false},"featured_media":1247,"template":"","meta":[],"product_cat":[20,52],"product_tag":[],"class_list":{"0":"post-1610","1":"product","2":"type-product","3":"status-publish","4":"has-post-thumbnail","6":"product_cat-kamery-ip","7":"product_cat-kamery-ip-ptz","9":"first","10":"instock","11":"downloadable","12":"shipping-taxable","13":"product-type-simple"},"yoast_head":"<!-- This site is optimized with the Yoast SEO plugin v22.9 - https:\/\/yoast.com\/wordpress\/plugins\/seo\/ -->\n<title>Kamera IP PTZ 4 Mpx CV-PTZ2425-TA - camvi.pl<\/title>\n<meta name=\"robots\" content=\"index, follow, max-snippet:-1, max-image-preview:large, max-video-preview:-1\" \/>\n<link rel=\"canonical\" href=\"https:\/\/camvi.pl\/en\/produkty\/kamera-ip-ptz-4-mpx-cv-ptz2425-ta\/\" \/>\n<meta property=\"og:locale\" content=\"en_GB\" \/>\n<meta property=\"og:type\" content=\"article\" \/>\n<meta property=\"og:title\" content=\"Kamera IP PTZ 4 Mpx CV-PTZ2425-TA - camvi.pl\" \/>\n<meta property=\"og:description\" content=\"4 Mpx IP PTZ  Obiektyw\u00a04.8 ~ 120 mm, 25X Zoom optyczny  Inteligentna analiza wideo  WDR, 3D DNR, Smart\u00a0IR do 160 m  BSI+NIR\u00a0progressive scan\u00a0CMOS  Min. o\u015bwietlenie:\u00a0Kolor: 0.01 lux @ (F1.65 AGC ON),0 Lux z IR  25-krotny zoom optyczny,\u00a0dok\u0142adne i szybkie ustawianie ostro\u015bci  Smart\u00a0H.265+\/H.265\/H.264+\/ H.264  1-kana\u0142owe wej\u015bcie alarmowe,\u00a0 1-kana\u0142owe wyj\u015bcie alarmowe  Inteligentne \u015bledzenie ludzi \/pojazd\u00f3w\u00a0(Autotracking)  Inteligentne wykrywanie i ochrona obwodowa  ONVIF, API i SDK  PoE+ i DC12V  Klasa szczelno\u015bci\u00a0IP66\" \/>\n<meta property=\"og:url\" content=\"https:\/\/camvi.pl\/en\/produkty\/kamera-ip-ptz-4-mpx-cv-ptz2425-ta\/\" \/>\n<meta property=\"og:site_name\" content=\"camvi.pl\" \/>\n<meta property=\"article:modified_time\" content=\"2024-03-04T14:29:52+00:00\" \/>\n<meta property=\"og:image\" content=\"https:\/\/camvi.pl\/wp-content\/uploads\/2023\/07\/CS43A-CS43B_PL29.png\" \/>\n\t<meta property=\"og:image:width\" content=\"1416\" \/>\n\t<meta property=\"og:image:height\" content=\"1600\" \/>\n\t<meta property=\"og:image:type\" content=\"image\/png\" \/>\n<meta name=\"twitter:card\" content=\"summary_large_image\" \/>\n<meta name=\"twitter:label1\" content=\"Estimated reading time\" \/>\n\t<meta name=\"twitter:data1\" content=\"1 minute\" \/>\n<script type=\"application\/ld+json\" class=\"yoast-schema-graph\">{\"@context\":\"https:\/\/schema.org\",\"@graph\":[{\"@type\":\"WebPage\",\"@id\":\"https:\/\/camvi.pl\/produkty\/kamera-ip-ptz-4-mpx-cv-ptz2425-ta\/\",\"url\":\"https:\/\/camvi.pl\/produkty\/kamera-ip-ptz-4-mpx-cv-ptz2425-ta\/\",\"name\":\"Kamera IP PTZ 4 Mpx CV-PTZ2425-TA - camvi.pl\",\"isPartOf\":{\"@id\":\"https:\/\/camvi.pl\/#website\"},\"primaryImageOfPage\":{\"@id\":\"https:\/\/camvi.pl\/produkty\/kamera-ip-ptz-4-mpx-cv-ptz2425-ta\/#primaryimage\"},\"image\":{\"@id\":\"https:\/\/camvi.pl\/produkty\/kamera-ip-ptz-4-mpx-cv-ptz2425-ta\/#primaryimage\"},\"thumbnailUrl\":\"https:\/\/camvi.pl\/wp-content\/uploads\/2023\/07\/CS43A-CS43B_PL29.png\",\"datePublished\":\"2023-08-16T16:26:36+00:00\",\"dateModified\":\"2024-03-04T14:29:52+00:00\",\"breadcrumb\":{\"@id\":\"https:\/\/camvi.pl\/produkty\/kamera-ip-ptz-4-mpx-cv-ptz2425-ta\/#breadcrumb\"},\"inLanguage\":\"en-GB\",\"potentialAction\":[{\"@type\":\"ReadAction\",\"target\":[\"https:\/\/camvi.pl\/produkty\/kamera-ip-ptz-4-mpx-cv-ptz2425-ta\/\"]}]},{\"@type\":\"ImageObject\",\"inLanguage\":\"en-GB\",\"@id\":\"https:\/\/camvi.pl\/produkty\/kamera-ip-ptz-4-mpx-cv-ptz2425-ta\/#primaryimage\",\"url\":\"https:\/\/camvi.pl\/wp-content\/uploads\/2023\/07\/CS43A-CS43B_PL29.png\",\"contentUrl\":\"https:\/\/camvi.pl\/wp-content\/uploads\/2023\/07\/CS43A-CS43B_PL29.png\",\"width\":1416,\"height\":1600,\"caption\":\"Bia\u0142o-czarna kamera marki Camvi\"},{\"@type\":\"BreadcrumbList\",\"@id\":\"https:\/\/camvi.pl\/produkty\/kamera-ip-ptz-4-mpx-cv-ptz2425-ta\/#breadcrumb\",\"itemListElement\":[{\"@type\":\"ListItem\",\"position\":1,\"name\":\"Strona g\u0142\u00f3wna\",\"item\":\"https:\/\/camvi.pl\/\"},{\"@type\":\"ListItem\",\"position\":2,\"name\":\"Produkty\",\"item\":\"https:\/\/camvi.pl\/produkty\/\"},{\"@type\":\"ListItem\",\"position\":3,\"name\":\"Kamera IP PTZ 4 Mpx CV-PTZ2425-TA\"}]},{\"@type\":\"WebSite\",\"@id\":\"https:\/\/camvi.pl\/#website\",\"url\":\"https:\/\/camvi.pl\/\",\"name\":\"camvi.pl\",\"description\":\"Camvi marka kamer IP\",\"potentialAction\":[{\"@type\":\"SearchAction\",\"target\":{\"@type\":\"EntryPoint\",\"urlTemplate\":\"https:\/\/camvi.pl\/?s={search_term_string}\"},\"query-input\":\"required name=search_term_string\"}],\"inLanguage\":\"en-GB\"}]}<\/script>\n<!-- \/ Yoast SEO plugin. -->","yoast_head_json":{"title":"Kamera IP PTZ 4 Mpx CV-PTZ2425-TA - camvi.pl","robots":{"index":"index","follow":"follow","max-snippet":"max-snippet:-1","max-image-preview":"max-image-preview:large","max-video-preview":"max-video-preview:-1"},"canonical":"https:\/\/camvi.pl\/en\/produkty\/kamera-ip-ptz-4-mpx-cv-ptz2425-ta\/","og_locale":"en_GB","og_type":"article","og_title":"Kamera IP PTZ 4 Mpx CV-PTZ2425-TA - camvi.pl","og_description":"4 Mpx IP PTZ  Obiektyw\u00a04.8 ~ 120 mm, 25X Zoom optyczny  Inteligentna analiza wideo  WDR, 3D DNR, Smart\u00a0IR do 160 m  BSI+NIR\u00a0progressive scan\u00a0CMOS  Min. o\u015bwietlenie:\u00a0Kolor: 0.01 lux @ (F1.65 AGC ON),0 Lux z IR  25-krotny zoom optyczny,\u00a0dok\u0142adne i szybkie ustawianie ostro\u015bci  Smart\u00a0H.265+\/H.265\/H.264+\/ H.264  1-kana\u0142owe wej\u015bcie alarmowe,\u00a0 1-kana\u0142owe wyj\u015bcie alarmowe  Inteligentne \u015bledzenie ludzi \/pojazd\u00f3w\u00a0(Autotracking)  Inteligentne wykrywanie i ochrona obwodowa  ONVIF, API i SDK  PoE+ i DC12V  Klasa szczelno\u015bci\u00a0IP66","og_url":"https:\/\/camvi.pl\/en\/produkty\/kamera-ip-ptz-4-mpx-cv-ptz2425-ta\/","og_site_name":"camvi.pl","article_modified_time":"2024-03-04T14:29:52+00:00","og_image":[{"width":1416,"height":1600,"url":"https:\/\/camvi.pl\/wp-content\/uploads\/2023\/07\/CS43A-CS43B_PL29.png","type":"image\/png"}],"twitter_card":"summary_large_image","twitter_misc":{"Estimated reading time":"1 minute"},"schema":{"@context":"https:\/\/schema.org","@graph":[{"@type":"WebPage","@id":"https:\/\/camvi.pl\/produkty\/kamera-ip-ptz-4-mpx-cv-ptz2425-ta\/","url":"https:\/\/camvi.pl\/produkty\/kamera-ip-ptz-4-mpx-cv-ptz2425-ta\/","name":"Kamera IP PTZ 4 Mpx CV-PTZ2425-TA - camvi.pl","isPartOf":{"@id":"https:\/\/camvi.pl\/#website"},"primaryImageOfPage":{"@id":"https:\/\/camvi.pl\/produkty\/kamera-ip-ptz-4-mpx-cv-ptz2425-ta\/#primaryimage"},"image":{"@id":"https:\/\/camvi.pl\/produkty\/kamera-ip-ptz-4-mpx-cv-ptz2425-ta\/#primaryimage"},"thumbnailUrl":"https:\/\/camvi.pl\/wp-content\/uploads\/2023\/07\/CS43A-CS43B_PL29.png","datePublished":"2023-08-16T16:26:36+00:00","dateModified":"2024-03-04T14:29:52+00:00","breadcrumb":{"@id":"https:\/\/camvi.pl\/produkty\/kamera-ip-ptz-4-mpx-cv-ptz2425-ta\/#breadcrumb"},"inLanguage":"en-GB","potentialAction":[{"@type":"ReadAction","target":["https:\/\/camvi.pl\/produkty\/kamera-ip-ptz-4-mpx-cv-ptz2425-ta\/"]}]},{"@type":"ImageObject","inLanguage":"en-GB","@id":"https:\/\/camvi.pl\/produkty\/kamera-ip-ptz-4-mpx-cv-ptz2425-ta\/#primaryimage","url":"https:\/\/camvi.pl\/wp-content\/uploads\/2023\/07\/CS43A-CS43B_PL29.png","contentUrl":"https:\/\/camvi.pl\/wp-content\/uploads\/2023\/07\/CS43A-CS43B_PL29.png","width":1416,"height":1600,"caption":"Bia\u0142o-czarna kamera marki Camvi"},{"@type":"BreadcrumbList","@id":"https:\/\/camvi.pl\/produkty\/kamera-ip-ptz-4-mpx-cv-ptz2425-ta\/#breadcrumb","itemListElement":[{"@type":"ListItem","position":1,"name":"Strona g\u0142\u00f3wna","item":"https:\/\/camvi.pl\/"},{"@type":"ListItem","position":2,"name":"Produkty","item":"https:\/\/camvi.pl\/produkty\/"},{"@type":"ListItem","position":3,"name":"Kamera IP PTZ 4 Mpx CV-PTZ2425-TA"}]},{"@type":"WebSite","@id":"https:\/\/camvi.pl\/#website","url":"https:\/\/camvi.pl\/","name":"camvi.pl","description":"Camvi marka kamer IP","potentialAction":[{"@type":"SearchAction","target":{"@type":"EntryPoint","urlTemplate":"https:\/\/camvi.pl\/?s={search_term_string}"},"query-input":"required name=search_term_string"}],"inLanguage":"en-GB"}]}},"_links":{"self":[{"href":"https:\/\/camvi.pl\/en\/wp-json\/wp\/v2\/product\/1610","targetHints":{"allow":["GET"]}}],"collection":[{"href":"https:\/\/camvi.pl\/en\/wp-json\/wp\/v2\/product"}],"about":[{"href":"https:\/\/camvi.pl\/en\/wp-json\/wp\/v2\/types\/product"}],"wp:featuredmedia":[{"embeddable":true,"href":"https:\/\/camvi.pl\/en\/wp-json\/wp\/v2\/media\/1247"}],"wp:attachment":[{"href":"https:\/\/camvi.pl\/en\/wp-json\/wp\/v2\/media?parent=1610"}],"wp:term":[{"taxonomy":"product_cat","embeddable":true,"href":"https:\/\/camvi.pl\/en\/wp-json\/wp\/v2\/product_cat?post=1610"},{"taxonomy":"product_tag","embeddable":true,"href":"https:\/\/camvi.pl\/en\/wp-json\/wp\/v2\/product_tag?post=1610"}],"curies":[{"name":"wp","href":"https:\/\/api.w.org\/{rel}","templated":true}]}}