{"id":1677,"date":"2023-08-21T14:18:22","date_gmt":"2023-08-21T12:18:22","guid":{"rendered":"http:\/\/camvi.pl\/?post_type=product&#038;p=1677"},"modified":"2024-03-04T15:16:20","modified_gmt":"2024-03-04T14:16:20","slug":"kamera-ip-4-mpx-cv-ipb24-mza-ai","status":"publish","type":"product","link":"https:\/\/camvi.pl\/en\/produkty\/kamera-ip-4-mpx-cv-ipb24-mza-ai\/","title":{"rendered":"IP 4 Mpx CV-IPB24-MZA-AI Camera"},"content":{"rendered":"","protected":false},"excerpt":{"rendered":"<ul>\n<li><strong>4 Mpx IP\u00a0<\/strong>Kamera<\/li>\n<li>Obiektyw\u00a0<strong>2.8 ~\u00a012mm\u00a0<\/strong><\/li>\n<li><strong>Intelligent Image Analysis<\/strong><\/li>\n<li>Zasi\u0119g<strong> IR<\/strong> do\u00a0<strong>50 m<\/strong><\/li>\n<li><b>Czu\u0142o\u015b\u0107 0.005 lux@ F1.6, AGC ON; 0 lux z IR<\/b><\/li>\n<li>3D DNR,\u00a0<strong>WDR 120dB<\/strong>, HLC, BLC, smart IR, ROI<\/li>\n<li>Wbudowany <strong>slot kart\u00a0SD\u00a0do\u00a0256GB<\/strong><\/li>\n<li>Klasa szczelno\u015bci\u00a0IP67<\/li>\n<li>Automatic ICR switch<\/li>\n<li>Zasilanie<strong>\u00a0DC12V\/PoE<\/strong><\/li>\n<li>Obs\u0142uga\u00a03 strumieni<\/li>\n<li>Zdalny dost\u0119p z urz\u0105dze\u0144 mobilnych IOS i Android OS<\/li>\n<li>Kompresja\u00a0<strong>H.265\/H.264\/MJPG<\/strong><\/li>\n<\/ul>","protected":false},"featured_media":1679,"template":"","meta":[],"product_cat":[20],"product_tag":[],"class_list":{"0":"post-1677","1":"product","2":"type-product","3":"status-publish","4":"has-post-thumbnail","6":"product_cat-kamery-ip","8":"first","9":"instock","10":"downloadable","11":"shipping-taxable","12":"product-type-simple"},"yoast_head":"<!-- This site is optimized with the Yoast SEO plugin v22.9 - https:\/\/yoast.com\/wordpress\/plugins\/seo\/ -->\n<title>Kamera IP 4 Mpx CV-IPB24-MZA-AI - camvi.pl<\/title>\n<meta name=\"robots\" content=\"index, follow, max-snippet:-1, max-image-preview:large, max-video-preview:-1\" \/>\n<link rel=\"canonical\" href=\"https:\/\/camvi.pl\/en\/produkty\/kamera-ip-4-mpx-cv-ipb24-mza-ai\/\" \/>\n<meta property=\"og:locale\" content=\"en_GB\" \/>\n<meta property=\"og:type\" content=\"article\" \/>\n<meta property=\"og:title\" content=\"Kamera IP 4 Mpx CV-IPB24-MZA-AI - camvi.pl\" \/>\n<meta property=\"og:description\" content=\"4 Mpx IP\u00a0Kamera  Obiektyw\u00a02.8 ~\u00a012mm\u00a0  Inteligentna Analiza obrazu  Zasi\u0119g IR do\u00a050 m  Czu\u0142o\u015b\u0107 0.005 lux@ F1.6, AGC ON; 0 lux z IR  3D DNR,\u00a0WDR 120dB, HLC, BLC, smart IR, ROI  Wbudowany slot kart\u00a0SD\u00a0do\u00a0256GB  Klasa szczelno\u015bci\u00a0IP67  Automatyczny prze\u0142\u0105cznik ICR  Zasilanie\u00a0DC12V\/PoE  Obs\u0142uga\u00a03 strumieni  Zdalny dost\u0119p z urz\u0105dze\u0144 mobilnych IOS i Android OS  Kompresja\u00a0H.265\/H.264\/MJPG\" \/>\n<meta property=\"og:url\" content=\"https:\/\/camvi.pl\/en\/produkty\/kamera-ip-4-mpx-cv-ipb24-mza-ai\/\" \/>\n<meta property=\"og:site_name\" content=\"camvi.pl\" \/>\n<meta property=\"article:modified_time\" content=\"2024-03-04T14:16:20+00:00\" \/>\n<meta property=\"og:image\" content=\"https:\/\/camvi.pl\/wp-content\/uploads\/2023\/08\/CR24-1-PL29-CV-IPB24-MZA-AI-2.png\" \/>\n\t<meta property=\"og:image:width\" content=\"1920\" \/>\n\t<meta property=\"og:image:height\" content=\"1080\" \/>\n\t<meta property=\"og:image:type\" content=\"image\/png\" \/>\n<meta name=\"twitter:card\" content=\"summary_large_image\" \/>\n<meta name=\"twitter:label1\" content=\"Estimated reading time\" \/>\n\t<meta name=\"twitter:data1\" content=\"1 minute\" \/>\n<script type=\"application\/ld+json\" class=\"yoast-schema-graph\">{\"@context\":\"https:\/\/schema.org\",\"@graph\":[{\"@type\":\"WebPage\",\"@id\":\"https:\/\/camvi.pl\/produkty\/kamera-ip-4-mpx-cv-ipb24-mza-ai\/\",\"url\":\"https:\/\/camvi.pl\/produkty\/kamera-ip-4-mpx-cv-ipb24-mza-ai\/\",\"name\":\"Kamera IP 4 Mpx CV-IPB24-MZA-AI - camvi.pl\",\"isPartOf\":{\"@id\":\"https:\/\/camvi.pl\/#website\"},\"primaryImageOfPage\":{\"@id\":\"https:\/\/camvi.pl\/produkty\/kamera-ip-4-mpx-cv-ipb24-mza-ai\/#primaryimage\"},\"image\":{\"@id\":\"https:\/\/camvi.pl\/produkty\/kamera-ip-4-mpx-cv-ipb24-mza-ai\/#primaryimage\"},\"thumbnailUrl\":\"https:\/\/camvi.pl\/wp-content\/uploads\/2023\/08\/CR24-1-PL29-CV-IPB24-MZA-AI-2.png\",\"datePublished\":\"2023-08-21T12:18:22+00:00\",\"dateModified\":\"2024-03-04T14:16:20+00:00\",\"breadcrumb\":{\"@id\":\"https:\/\/camvi.pl\/produkty\/kamera-ip-4-mpx-cv-ipb24-mza-ai\/#breadcrumb\"},\"inLanguage\":\"en-GB\",\"potentialAction\":[{\"@type\":\"ReadAction\",\"target\":[\"https:\/\/camvi.pl\/produkty\/kamera-ip-4-mpx-cv-ipb24-mza-ai\/\"]}]},{\"@type\":\"ImageObject\",\"inLanguage\":\"en-GB\",\"@id\":\"https:\/\/camvi.pl\/produkty\/kamera-ip-4-mpx-cv-ipb24-mza-ai\/#primaryimage\",\"url\":\"https:\/\/camvi.pl\/wp-content\/uploads\/2023\/08\/CR24-1-PL29-CV-IPB24-MZA-AI-2.png\",\"contentUrl\":\"https:\/\/camvi.pl\/wp-content\/uploads\/2023\/08\/CR24-1-PL29-CV-IPB24-MZA-AI-2.png\",\"width\":1920,\"height\":1080,\"caption\":\"Kamera IP 4 Mpx CV-IPB24-MZA-AI\"},{\"@type\":\"BreadcrumbList\",\"@id\":\"https:\/\/camvi.pl\/produkty\/kamera-ip-4-mpx-cv-ipb24-mza-ai\/#breadcrumb\",\"itemListElement\":[{\"@type\":\"ListItem\",\"position\":1,\"name\":\"Strona g\u0142\u00f3wna\",\"item\":\"https:\/\/camvi.pl\/\"},{\"@type\":\"ListItem\",\"position\":2,\"name\":\"Produkty\",\"item\":\"https:\/\/camvi.pl\/produkty\/\"},{\"@type\":\"ListItem\",\"position\":3,\"name\":\"Kamera IP 4 Mpx CV-IPB24-MZA-AI\"}]},{\"@type\":\"WebSite\",\"@id\":\"https:\/\/camvi.pl\/#website\",\"url\":\"https:\/\/camvi.pl\/\",\"name\":\"camvi.pl\",\"description\":\"Camvi marka kamer IP\",\"potentialAction\":[{\"@type\":\"SearchAction\",\"target\":{\"@type\":\"EntryPoint\",\"urlTemplate\":\"https:\/\/camvi.pl\/?s={search_term_string}\"},\"query-input\":\"required name=search_term_string\"}],\"inLanguage\":\"en-GB\"}]}<\/script>\n<!-- \/ Yoast SEO plugin. -->","yoast_head_json":{"title":"Kamera IP 4 Mpx CV-IPB24-MZA-AI - camvi.pl","robots":{"index":"index","follow":"follow","max-snippet":"max-snippet:-1","max-image-preview":"max-image-preview:large","max-video-preview":"max-video-preview:-1"},"canonical":"https:\/\/camvi.pl\/en\/produkty\/kamera-ip-4-mpx-cv-ipb24-mza-ai\/","og_locale":"en_GB","og_type":"article","og_title":"Kamera IP 4 Mpx CV-IPB24-MZA-AI - camvi.pl","og_description":"4 Mpx IP\u00a0Kamera  Obiektyw\u00a02.8 ~\u00a012mm\u00a0  Inteligentna Analiza obrazu  Zasi\u0119g IR do\u00a050 m  Czu\u0142o\u015b\u0107 0.005 lux@ F1.6, AGC ON; 0 lux z IR  3D DNR,\u00a0WDR 120dB, HLC, BLC, smart IR, ROI  Wbudowany slot kart\u00a0SD\u00a0do\u00a0256GB  Klasa szczelno\u015bci\u00a0IP67  Automatyczny prze\u0142\u0105cznik ICR  Zasilanie\u00a0DC12V\/PoE  Obs\u0142uga\u00a03 strumieni  Zdalny dost\u0119p z urz\u0105dze\u0144 mobilnych IOS i Android OS  Kompresja\u00a0H.265\/H.264\/MJPG","og_url":"https:\/\/camvi.pl\/en\/produkty\/kamera-ip-4-mpx-cv-ipb24-mza-ai\/","og_site_name":"camvi.pl","article_modified_time":"2024-03-04T14:16:20+00:00","og_image":[{"width":1920,"height":1080,"url":"https:\/\/camvi.pl\/wp-content\/uploads\/2023\/08\/CR24-1-PL29-CV-IPB24-MZA-AI-2.png","type":"image\/png"}],"twitter_card":"summary_large_image","twitter_misc":{"Estimated reading time":"1 minute"},"schema":{"@context":"https:\/\/schema.org","@graph":[{"@type":"WebPage","@id":"https:\/\/camvi.pl\/produkty\/kamera-ip-4-mpx-cv-ipb24-mza-ai\/","url":"https:\/\/camvi.pl\/produkty\/kamera-ip-4-mpx-cv-ipb24-mza-ai\/","name":"Kamera IP 4 Mpx CV-IPB24-MZA-AI - camvi.pl","isPartOf":{"@id":"https:\/\/camvi.pl\/#website"},"primaryImageOfPage":{"@id":"https:\/\/camvi.pl\/produkty\/kamera-ip-4-mpx-cv-ipb24-mza-ai\/#primaryimage"},"image":{"@id":"https:\/\/camvi.pl\/produkty\/kamera-ip-4-mpx-cv-ipb24-mza-ai\/#primaryimage"},"thumbnailUrl":"https:\/\/camvi.pl\/wp-content\/uploads\/2023\/08\/CR24-1-PL29-CV-IPB24-MZA-AI-2.png","datePublished":"2023-08-21T12:18:22+00:00","dateModified":"2024-03-04T14:16:20+00:00","breadcrumb":{"@id":"https:\/\/camvi.pl\/produkty\/kamera-ip-4-mpx-cv-ipb24-mza-ai\/#breadcrumb"},"inLanguage":"en-GB","potentialAction":[{"@type":"ReadAction","target":["https:\/\/camvi.pl\/produkty\/kamera-ip-4-mpx-cv-ipb24-mza-ai\/"]}]},{"@type":"ImageObject","inLanguage":"en-GB","@id":"https:\/\/camvi.pl\/produkty\/kamera-ip-4-mpx-cv-ipb24-mza-ai\/#primaryimage","url":"https:\/\/camvi.pl\/wp-content\/uploads\/2023\/08\/CR24-1-PL29-CV-IPB24-MZA-AI-2.png","contentUrl":"https:\/\/camvi.pl\/wp-content\/uploads\/2023\/08\/CR24-1-PL29-CV-IPB24-MZA-AI-2.png","width":1920,"height":1080,"caption":"Kamera IP 4 Mpx CV-IPB24-MZA-AI"},{"@type":"BreadcrumbList","@id":"https:\/\/camvi.pl\/produkty\/kamera-ip-4-mpx-cv-ipb24-mza-ai\/#breadcrumb","itemListElement":[{"@type":"ListItem","position":1,"name":"Strona g\u0142\u00f3wna","item":"https:\/\/camvi.pl\/"},{"@type":"ListItem","position":2,"name":"Produkty","item":"https:\/\/camvi.pl\/produkty\/"},{"@type":"ListItem","position":3,"name":"Kamera IP 4 Mpx CV-IPB24-MZA-AI"}]},{"@type":"WebSite","@id":"https:\/\/camvi.pl\/#website","url":"https:\/\/camvi.pl\/","name":"camvi.pl","description":"Camvi marka kamer IP","potentialAction":[{"@type":"SearchAction","target":{"@type":"EntryPoint","urlTemplate":"https:\/\/camvi.pl\/?s={search_term_string}"},"query-input":"required name=search_term_string"}],"inLanguage":"en-GB"}]}},"_links":{"self":[{"href":"https:\/\/camvi.pl\/en\/wp-json\/wp\/v2\/product\/1677","targetHints":{"allow":["GET"]}}],"collection":[{"href":"https:\/\/camvi.pl\/en\/wp-json\/wp\/v2\/product"}],"about":[{"href":"https:\/\/camvi.pl\/en\/wp-json\/wp\/v2\/types\/product"}],"wp:featuredmedia":[{"embeddable":true,"href":"https:\/\/camvi.pl\/en\/wp-json\/wp\/v2\/media\/1679"}],"wp:attachment":[{"href":"https:\/\/camvi.pl\/en\/wp-json\/wp\/v2\/media?parent=1677"}],"wp:term":[{"taxonomy":"product_cat","embeddable":true,"href":"https:\/\/camvi.pl\/en\/wp-json\/wp\/v2\/product_cat?post=1677"},{"taxonomy":"product_tag","embeddable":true,"href":"https:\/\/camvi.pl\/en\/wp-json\/wp\/v2\/product_tag?post=1677"}],"curies":[{"name":"wp","href":"https:\/\/api.w.org\/{rel}","templated":true}]}}