{"id":1796,"date":"2023-11-12T19:45:31","date_gmt":"2023-11-12T18:45:31","guid":{"rendered":"https:\/\/camvi.pl\/?post_type=product&#038;p=1796"},"modified":"2024-06-17T12:12:33","modified_gmt":"2024-06-17T10:12:33","slug":"kamera-ip-4-mpx-cv-ipt2428-dl-ai","status":"publish","type":"product","link":"https:\/\/camvi.pl\/en\/produkty\/kamera-ip-4-mpx-cv-ipt2428-dl-ai\/","title":{"rendered":"IP 4 Mpx CV-IPT2428-DL-AI Camera"},"content":{"rendered":"","protected":false},"excerpt":{"rendered":"<ul>\n<li><strong>4 Mpx IP <\/strong>Kamera<\/li>\n<li>Obiektyw\u00a0<strong>2.8 mm<\/strong><\/li>\n<li><strong>Intelligent Image Analysis<\/strong><\/li>\n<li><strong>Dual\u00a0<\/strong>:IR do <strong>30\u00a0m<\/strong> , \u015bwiat\u0142o bia\u0142e do <strong>30 m<\/strong><\/li>\n<li>3D DNR,\u00a0<strong>WDR 120dB<\/strong>, HLC, BLC, smart IR. itp<\/li>\n<li><strong>Funkcje AI: ochrona perymetryczna, klasyfikacja wykrytego obiektu (cz\u0142owiek\/pojazd)<\/strong><\/li>\n<li><strong>Czu\u0142o\u015b\u0107: 0.005lux @ F1.6 (AGC ON), 0lux (LED ON)<\/strong><\/li>\n<li>Klasa szczelno\u015bci\u00a0IP67<\/li>\n<li>Wbudowany <strong>slot kart\u00a0SD do 256GB<\/strong><\/li>\n<li><strong>Wbudowany\u00a0mikrofon<\/strong>; 1-kana\u0142owe\u00a0wej\u015bcie audio<\/li>\n<li>Zasilanie <strong>DC12V\/PoE<\/strong><\/li>\n<li>Obs\u0142uga\u00a03 strumieni<\/li>\n<li>Zdalny dost\u0119p z urz\u0105dze\u0144 mobilnych IOS i Android OS<\/li>\n<li>Kompresja\u00a0<strong>H.265\/H.264\/MJPG<\/strong><\/li>\n<li>Automatic ICR switch<\/li>\n<li>obs\u0142uga:\u00a0<strong>ONVIF, API, RTMP<\/strong><\/li>\n<\/ul>","protected":false},"featured_media":2055,"template":"","meta":[],"product_cat":[20,22],"product_tag":[],"class_list":{"0":"post-1796","1":"product","2":"type-product","3":"status-publish","4":"has-post-thumbnail","6":"product_cat-kamery-ip","7":"product_cat-kamery-ip-full-color","9":"first","10":"instock","11":"downloadable","12":"shipping-taxable","13":"product-type-simple"},"yoast_head":"<!-- This site is optimized with the Yoast SEO plugin v22.9 - https:\/\/yoast.com\/wordpress\/plugins\/seo\/ -->\n<title>Kamera IP 4 Mpx CV-IPT2428-DL-AI - camvi.pl<\/title>\n<meta name=\"robots\" content=\"index, follow, max-snippet:-1, max-image-preview:large, max-video-preview:-1\" \/>\n<link rel=\"canonical\" href=\"https:\/\/camvi.pl\/en\/produkty\/kamera-ip-4-mpx-cv-ipt2428-dl-ai\/\" \/>\n<meta property=\"og:locale\" content=\"en_GB\" \/>\n<meta property=\"og:type\" content=\"article\" \/>\n<meta property=\"og:title\" content=\"Kamera IP 4 Mpx CV-IPT2428-DL-AI - camvi.pl\" \/>\n<meta property=\"og:description\" content=\"4 Mpx IP Kamera  Obiektyw\u00a02.8 mm  Inteligentna Analiza obrazu  Dual\u00a0:IR do 30\u00a0m , \u015bwiat\u0142o bia\u0142e do 30 m  3D DNR,\u00a0WDR 120dB, HLC, BLC, smart IR. itp  Funkcje AI: ochrona perymetryczna, klasyfikacja wykrytego obiektu (cz\u0142owiek\/pojazd)  Czu\u0142o\u015b\u0107: 0.005lux @ F1.6 (AGC ON), 0lux (LED ON)  Klasa szczelno\u015bci\u00a0IP67  Wbudowany slot kart\u00a0SD do 256GB  Wbudowany\u00a0mikrofon; 1-kana\u0142owe\u00a0wej\u015bcie audio  Zasilanie DC12V\/PoE  Obs\u0142uga\u00a03 strumieni  Zdalny dost\u0119p z urz\u0105dze\u0144 mobilnych IOS i Android OS  Kompresja\u00a0H.265\/H.264\/MJPG  Automatyczny prze\u0142\u0105cznik ICR  obs\u0142uga:\u00a0ONVIF, API, RTMP\" \/>\n<meta property=\"og:url\" content=\"https:\/\/camvi.pl\/en\/produkty\/kamera-ip-4-mpx-cv-ipt2428-dl-ai\/\" \/>\n<meta property=\"og:site_name\" content=\"camvi.pl\" \/>\n<meta property=\"article:modified_time\" content=\"2024-06-17T10:12:33+00:00\" \/>\n<meta property=\"og:image\" content=\"https:\/\/camvi.pl\/wp-content\/uploads\/2023\/11\/CD45E-2-PL29.png\" \/>\n\t<meta property=\"og:image:width\" content=\"1600\" \/>\n\t<meta property=\"og:image:height\" content=\"1373\" \/>\n\t<meta property=\"og:image:type\" content=\"image\/png\" \/>\n<meta name=\"twitter:card\" content=\"summary_large_image\" \/>\n<meta name=\"twitter:label1\" content=\"Estimated reading time\" \/>\n\t<meta name=\"twitter:data1\" content=\"1 minute\" \/>\n<script type=\"application\/ld+json\" class=\"yoast-schema-graph\">{\"@context\":\"https:\/\/schema.org\",\"@graph\":[{\"@type\":\"WebPage\",\"@id\":\"https:\/\/camvi.pl\/produkty\/kamera-ip-4-mpx-cv-ipt2428-dl-ai\/\",\"url\":\"https:\/\/camvi.pl\/produkty\/kamera-ip-4-mpx-cv-ipt2428-dl-ai\/\",\"name\":\"Kamera IP 4 Mpx CV-IPT2428-DL-AI - camvi.pl\",\"isPartOf\":{\"@id\":\"https:\/\/camvi.pl\/#website\"},\"primaryImageOfPage\":{\"@id\":\"https:\/\/camvi.pl\/produkty\/kamera-ip-4-mpx-cv-ipt2428-dl-ai\/#primaryimage\"},\"image\":{\"@id\":\"https:\/\/camvi.pl\/produkty\/kamera-ip-4-mpx-cv-ipt2428-dl-ai\/#primaryimage\"},\"thumbnailUrl\":\"https:\/\/camvi.pl\/wp-content\/uploads\/2023\/11\/CD45E-2-PL29.png\",\"datePublished\":\"2023-11-12T18:45:31+00:00\",\"dateModified\":\"2024-06-17T10:12:33+00:00\",\"breadcrumb\":{\"@id\":\"https:\/\/camvi.pl\/produkty\/kamera-ip-4-mpx-cv-ipt2428-dl-ai\/#breadcrumb\"},\"inLanguage\":\"en-GB\",\"potentialAction\":[{\"@type\":\"ReadAction\",\"target\":[\"https:\/\/camvi.pl\/produkty\/kamera-ip-4-mpx-cv-ipt2428-dl-ai\/\"]}]},{\"@type\":\"ImageObject\",\"inLanguage\":\"en-GB\",\"@id\":\"https:\/\/camvi.pl\/produkty\/kamera-ip-4-mpx-cv-ipt2428-dl-ai\/#primaryimage\",\"url\":\"https:\/\/camvi.pl\/wp-content\/uploads\/2023\/11\/CD45E-2-PL29.png\",\"contentUrl\":\"https:\/\/camvi.pl\/wp-content\/uploads\/2023\/11\/CD45E-2-PL29.png\",\"width\":1600,\"height\":1373,\"caption\":\"Kamera IP 4 Mpx CV-IPT2428-DL-AI - bia\u0142a Camvi\"},{\"@type\":\"BreadcrumbList\",\"@id\":\"https:\/\/camvi.pl\/produkty\/kamera-ip-4-mpx-cv-ipt2428-dl-ai\/#breadcrumb\",\"itemListElement\":[{\"@type\":\"ListItem\",\"position\":1,\"name\":\"Strona g\u0142\u00f3wna\",\"item\":\"https:\/\/camvi.pl\/\"},{\"@type\":\"ListItem\",\"position\":2,\"name\":\"Produkty\",\"item\":\"https:\/\/camvi.pl\/produkty\/\"},{\"@type\":\"ListItem\",\"position\":3,\"name\":\"Kamera IP 4 Mpx CV-IPT2428-DL-AI\"}]},{\"@type\":\"WebSite\",\"@id\":\"https:\/\/camvi.pl\/#website\",\"url\":\"https:\/\/camvi.pl\/\",\"name\":\"camvi.pl\",\"description\":\"Camvi marka kamer IP\",\"potentialAction\":[{\"@type\":\"SearchAction\",\"target\":{\"@type\":\"EntryPoint\",\"urlTemplate\":\"https:\/\/camvi.pl\/?s={search_term_string}\"},\"query-input\":\"required name=search_term_string\"}],\"inLanguage\":\"en-GB\"}]}<\/script>\n<!-- \/ Yoast SEO plugin. -->","yoast_head_json":{"title":"Kamera IP 4 Mpx CV-IPT2428-DL-AI - camvi.pl","robots":{"index":"index","follow":"follow","max-snippet":"max-snippet:-1","max-image-preview":"max-image-preview:large","max-video-preview":"max-video-preview:-1"},"canonical":"https:\/\/camvi.pl\/en\/produkty\/kamera-ip-4-mpx-cv-ipt2428-dl-ai\/","og_locale":"en_GB","og_type":"article","og_title":"Kamera IP 4 Mpx CV-IPT2428-DL-AI - camvi.pl","og_description":"4 Mpx IP Kamera  Obiektyw\u00a02.8 mm  Inteligentna Analiza obrazu  Dual\u00a0:IR do 30\u00a0m , \u015bwiat\u0142o bia\u0142e do 30 m  3D DNR,\u00a0WDR 120dB, HLC, BLC, smart IR. itp  Funkcje AI: ochrona perymetryczna, klasyfikacja wykrytego obiektu (cz\u0142owiek\/pojazd)  Czu\u0142o\u015b\u0107: 0.005lux @ F1.6 (AGC ON), 0lux (LED ON)  Klasa szczelno\u015bci\u00a0IP67  Wbudowany slot kart\u00a0SD do 256GB  Wbudowany\u00a0mikrofon; 1-kana\u0142owe\u00a0wej\u015bcie audio  Zasilanie DC12V\/PoE  Obs\u0142uga\u00a03 strumieni  Zdalny dost\u0119p z urz\u0105dze\u0144 mobilnych IOS i Android OS  Kompresja\u00a0H.265\/H.264\/MJPG  Automatyczny prze\u0142\u0105cznik ICR  obs\u0142uga:\u00a0ONVIF, API, RTMP","og_url":"https:\/\/camvi.pl\/en\/produkty\/kamera-ip-4-mpx-cv-ipt2428-dl-ai\/","og_site_name":"camvi.pl","article_modified_time":"2024-06-17T10:12:33+00:00","og_image":[{"width":1600,"height":1373,"url":"https:\/\/camvi.pl\/wp-content\/uploads\/2023\/11\/CD45E-2-PL29.png","type":"image\/png"}],"twitter_card":"summary_large_image","twitter_misc":{"Estimated reading time":"1 minute"},"schema":{"@context":"https:\/\/schema.org","@graph":[{"@type":"WebPage","@id":"https:\/\/camvi.pl\/produkty\/kamera-ip-4-mpx-cv-ipt2428-dl-ai\/","url":"https:\/\/camvi.pl\/produkty\/kamera-ip-4-mpx-cv-ipt2428-dl-ai\/","name":"Kamera IP 4 Mpx CV-IPT2428-DL-AI - camvi.pl","isPartOf":{"@id":"https:\/\/camvi.pl\/#website"},"primaryImageOfPage":{"@id":"https:\/\/camvi.pl\/produkty\/kamera-ip-4-mpx-cv-ipt2428-dl-ai\/#primaryimage"},"image":{"@id":"https:\/\/camvi.pl\/produkty\/kamera-ip-4-mpx-cv-ipt2428-dl-ai\/#primaryimage"},"thumbnailUrl":"https:\/\/camvi.pl\/wp-content\/uploads\/2023\/11\/CD45E-2-PL29.png","datePublished":"2023-11-12T18:45:31+00:00","dateModified":"2024-06-17T10:12:33+00:00","breadcrumb":{"@id":"https:\/\/camvi.pl\/produkty\/kamera-ip-4-mpx-cv-ipt2428-dl-ai\/#breadcrumb"},"inLanguage":"en-GB","potentialAction":[{"@type":"ReadAction","target":["https:\/\/camvi.pl\/produkty\/kamera-ip-4-mpx-cv-ipt2428-dl-ai\/"]}]},{"@type":"ImageObject","inLanguage":"en-GB","@id":"https:\/\/camvi.pl\/produkty\/kamera-ip-4-mpx-cv-ipt2428-dl-ai\/#primaryimage","url":"https:\/\/camvi.pl\/wp-content\/uploads\/2023\/11\/CD45E-2-PL29.png","contentUrl":"https:\/\/camvi.pl\/wp-content\/uploads\/2023\/11\/CD45E-2-PL29.png","width":1600,"height":1373,"caption":"Kamera IP 4 Mpx CV-IPT2428-DL-AI - bia\u0142a Camvi"},{"@type":"BreadcrumbList","@id":"https:\/\/camvi.pl\/produkty\/kamera-ip-4-mpx-cv-ipt2428-dl-ai\/#breadcrumb","itemListElement":[{"@type":"ListItem","position":1,"name":"Strona g\u0142\u00f3wna","item":"https:\/\/camvi.pl\/"},{"@type":"ListItem","position":2,"name":"Produkty","item":"https:\/\/camvi.pl\/produkty\/"},{"@type":"ListItem","position":3,"name":"Kamera IP 4 Mpx CV-IPT2428-DL-AI"}]},{"@type":"WebSite","@id":"https:\/\/camvi.pl\/#website","url":"https:\/\/camvi.pl\/","name":"camvi.pl","description":"Camvi marka kamer IP","potentialAction":[{"@type":"SearchAction","target":{"@type":"EntryPoint","urlTemplate":"https:\/\/camvi.pl\/?s={search_term_string}"},"query-input":"required name=search_term_string"}],"inLanguage":"en-GB"}]}},"_links":{"self":[{"href":"https:\/\/camvi.pl\/en\/wp-json\/wp\/v2\/product\/1796","targetHints":{"allow":["GET"]}}],"collection":[{"href":"https:\/\/camvi.pl\/en\/wp-json\/wp\/v2\/product"}],"about":[{"href":"https:\/\/camvi.pl\/en\/wp-json\/wp\/v2\/types\/product"}],"wp:featuredmedia":[{"embeddable":true,"href":"https:\/\/camvi.pl\/en\/wp-json\/wp\/v2\/media\/2055"}],"wp:attachment":[{"href":"https:\/\/camvi.pl\/en\/wp-json\/wp\/v2\/media?parent=1796"}],"wp:term":[{"taxonomy":"product_cat","embeddable":true,"href":"https:\/\/camvi.pl\/en\/wp-json\/wp\/v2\/product_cat?post=1796"},{"taxonomy":"product_tag","embeddable":true,"href":"https:\/\/camvi.pl\/en\/wp-json\/wp\/v2\/product_tag?post=1796"}],"curies":[{"name":"wp","href":"https:\/\/api.w.org\/{rel}","templated":true}]}}