{"id":1804,"date":"2023-11-12T20:02:47","date_gmt":"2023-11-12T19:02:47","guid":{"rendered":"https:\/\/camvi.pl\/?post_type=product&#038;p=1804"},"modified":"2024-03-04T14:17:41","modified_gmt":"2024-03-04T13:17:41","slug":"kamera-ip-ptz-4-mpx-cv-ptz2404-ta","status":"publish","type":"product","link":"https:\/\/camvi.pl\/en\/produkty\/kamera-ip-ptz-4-mpx-cv-ptz2404-ta\/","title":{"rendered":"IP PTZ 4 Mpx CV-PTZ2404-TA Camera"},"content":{"rendered":"","protected":false},"excerpt":{"rendered":"<ul>\n<li><strong>4 Mpx IP PTZ<\/strong><\/li>\n<li>Obiektyw\u00a0<strong>2.8 ~ 12 mm<\/strong>,<strong> 4X Zoom optyczny<\/strong><\/li>\n<li><strong>Intelligent video analysis<\/strong><\/li>\n<li>Zasi\u0119g<strong> IR do\u00a050 m<\/strong> , <strong>\u015bwiat\u0142o bia\u0142e do 30 m (tylko sygnalizacja alarm\u00f3w)<\/strong><\/li>\n<li><strong>WDR<\/strong>, 3D DNR, Smart\u00a0IR<\/li>\n<li>PSI+NIR\u00a0progressive scan\u00a0CMOS<\/li>\n<li>Min. o\u015bwietlenie:\u00a0<strong>Kolor 0.01 Lux @ (F1.6 AGC ON) B\/W 0.002Lux @(F1.6 AGC ON);0Lux z IR<\/strong><\/li>\n<li>4-krotny zoom optyczny,\u00a0dok\u0142adne i szybkie ustawianie ostro\u015bci<\/li>\n<li><b>Wej\u015bcie\/wyj\u015bcie alarmowe: 1CH \/ 1 CH<\/b><\/li>\n<li>Smart\u00a0<strong>H.265+\/H.265\/H.264+\/H.264\/MJPEG<\/strong><\/li>\n<li><strong>Inteligentne \u015bledzenie ludzi \/pojazd\u00f3w\u00a0(Autotracking)<\/strong><\/li>\n<li><strong>Intelligent detection and perimeter protection<\/strong><\/li>\n<li><strong>ONVIF<\/strong>, API i SDK<\/li>\n<li><strong>PoE+ i DC12V<\/strong><\/li>\n<li>Klasa szczelno\u015bci<strong>\u00a0IP66, IK10, -40\u00b0C~70\u00b0C<\/strong><\/li>\n<\/ul>","protected":false},"featured_media":1859,"template":"","meta":[],"product_cat":[20,52],"product_tag":[],"class_list":{"0":"post-1804","1":"product","2":"type-product","3":"status-publish","4":"has-post-thumbnail","6":"product_cat-kamery-ip","7":"product_cat-kamery-ip-ptz","9":"first","10":"instock","11":"downloadable","12":"shipping-taxable","13":"product-type-simple"},"yoast_head":"<!-- This site is optimized with the Yoast SEO plugin v22.9 - https:\/\/yoast.com\/wordpress\/plugins\/seo\/ -->\n<title>Kamera IP PTZ 4 Mpx CV-PTZ2404-TA - camvi.pl<\/title>\n<meta name=\"robots\" content=\"index, follow, max-snippet:-1, max-image-preview:large, max-video-preview:-1\" \/>\n<link rel=\"canonical\" href=\"https:\/\/camvi.pl\/en\/produkty\/kamera-ip-ptz-4-mpx-cv-ptz2404-ta\/\" \/>\n<meta property=\"og:locale\" content=\"en_GB\" \/>\n<meta property=\"og:type\" content=\"article\" \/>\n<meta property=\"og:title\" content=\"Kamera IP PTZ 4 Mpx CV-PTZ2404-TA - camvi.pl\" \/>\n<meta property=\"og:description\" content=\"4 Mpx IP PTZ  Obiektyw\u00a02.8 ~ 12 mm, 4X Zoom optyczny  Inteligentna analiza wideo  Zasi\u0119g IR do\u00a050 m , \u015bwiat\u0142o bia\u0142e do 30 m (tylko sygnalizacja alarm\u00f3w)  WDR, 3D DNR, Smart\u00a0IR  PSI+NIR\u00a0progressive scan\u00a0CMOS  Min. o\u015bwietlenie:\u00a0Kolor 0.01 Lux @ (F1.6 AGC ON) B\/W 0.002Lux @(F1.6 AGC ON);0Lux z IR  4-krotny zoom optyczny,\u00a0dok\u0142adne i szybkie ustawianie ostro\u015bci  Wej\u015bcie\/wyj\u015bcie alarmowe: 1CH \/ 1 CH  Smart\u00a0H.265+\/H.265\/H.264+\/H.264\/MJPEG  Inteligentne \u015bledzenie ludzi \/pojazd\u00f3w\u00a0(Autotracking)  Inteligentne wykrywanie i ochrona obwodowa  ONVIF, API i SDK  PoE+ i DC12V  Klasa szczelno\u015bci\u00a0IP66, IK10, -40\u00b0C~70\u00b0C\" \/>\n<meta property=\"og:url\" content=\"https:\/\/camvi.pl\/en\/produkty\/kamera-ip-ptz-4-mpx-cv-ptz2404-ta\/\" \/>\n<meta property=\"og:site_name\" content=\"camvi.pl\" \/>\n<meta property=\"article:modified_time\" content=\"2024-03-04T13:17:41+00:00\" \/>\n<meta property=\"og:image\" content=\"https:\/\/camvi.pl\/wp-content\/uploads\/2023\/11\/CS35B-PL29-CV-PTZ2404-TA.png\" \/>\n\t<meta property=\"og:image:width\" content=\"1904\" \/>\n\t<meta property=\"og:image:height\" content=\"1920\" \/>\n\t<meta property=\"og:image:type\" content=\"image\/png\" \/>\n<meta name=\"twitter:card\" content=\"summary_large_image\" \/>\n<meta name=\"twitter:label1\" content=\"Estimated reading time\" \/>\n\t<meta name=\"twitter:data1\" content=\"1 minute\" \/>\n<script type=\"application\/ld+json\" class=\"yoast-schema-graph\">{\"@context\":\"https:\/\/schema.org\",\"@graph\":[{\"@type\":\"WebPage\",\"@id\":\"https:\/\/camvi.pl\/produkty\/kamera-ip-ptz-4-mpx-cv-ptz2404-ta\/\",\"url\":\"https:\/\/camvi.pl\/produkty\/kamera-ip-ptz-4-mpx-cv-ptz2404-ta\/\",\"name\":\"Kamera IP PTZ 4 Mpx CV-PTZ2404-TA - camvi.pl\",\"isPartOf\":{\"@id\":\"https:\/\/camvi.pl\/#website\"},\"primaryImageOfPage\":{\"@id\":\"https:\/\/camvi.pl\/produkty\/kamera-ip-ptz-4-mpx-cv-ptz2404-ta\/#primaryimage\"},\"image\":{\"@id\":\"https:\/\/camvi.pl\/produkty\/kamera-ip-ptz-4-mpx-cv-ptz2404-ta\/#primaryimage\"},\"thumbnailUrl\":\"https:\/\/camvi.pl\/wp-content\/uploads\/2023\/11\/CS35B-PL29-CV-PTZ2404-TA.png\",\"datePublished\":\"2023-11-12T19:02:47+00:00\",\"dateModified\":\"2024-03-04T13:17:41+00:00\",\"breadcrumb\":{\"@id\":\"https:\/\/camvi.pl\/produkty\/kamera-ip-ptz-4-mpx-cv-ptz2404-ta\/#breadcrumb\"},\"inLanguage\":\"en-GB\",\"potentialAction\":[{\"@type\":\"ReadAction\",\"target\":[\"https:\/\/camvi.pl\/produkty\/kamera-ip-ptz-4-mpx-cv-ptz2404-ta\/\"]}]},{\"@type\":\"ImageObject\",\"inLanguage\":\"en-GB\",\"@id\":\"https:\/\/camvi.pl\/produkty\/kamera-ip-ptz-4-mpx-cv-ptz2404-ta\/#primaryimage\",\"url\":\"https:\/\/camvi.pl\/wp-content\/uploads\/2023\/11\/CS35B-PL29-CV-PTZ2404-TA.png\",\"contentUrl\":\"https:\/\/camvi.pl\/wp-content\/uploads\/2023\/11\/CS35B-PL29-CV-PTZ2404-TA.png\",\"width\":1904,\"height\":1920,\"caption\":\"Bia\u0142o-czarna kamera IP PTZ 4 Mpx CV-PTZ2404-TA\"},{\"@type\":\"BreadcrumbList\",\"@id\":\"https:\/\/camvi.pl\/produkty\/kamera-ip-ptz-4-mpx-cv-ptz2404-ta\/#breadcrumb\",\"itemListElement\":[{\"@type\":\"ListItem\",\"position\":1,\"name\":\"Strona g\u0142\u00f3wna\",\"item\":\"https:\/\/camvi.pl\/\"},{\"@type\":\"ListItem\",\"position\":2,\"name\":\"Produkty\",\"item\":\"https:\/\/camvi.pl\/produkty\/\"},{\"@type\":\"ListItem\",\"position\":3,\"name\":\"Kamera IP PTZ 4 Mpx CV-PTZ2404-TA\"}]},{\"@type\":\"WebSite\",\"@id\":\"https:\/\/camvi.pl\/#website\",\"url\":\"https:\/\/camvi.pl\/\",\"name\":\"camvi.pl\",\"description\":\"Camvi marka kamer IP\",\"potentialAction\":[{\"@type\":\"SearchAction\",\"target\":{\"@type\":\"EntryPoint\",\"urlTemplate\":\"https:\/\/camvi.pl\/?s={search_term_string}\"},\"query-input\":\"required name=search_term_string\"}],\"inLanguage\":\"en-GB\"}]}<\/script>\n<!-- \/ Yoast SEO plugin. -->","yoast_head_json":{"title":"Kamera IP PTZ 4 Mpx CV-PTZ2404-TA - camvi.pl","robots":{"index":"index","follow":"follow","max-snippet":"max-snippet:-1","max-image-preview":"max-image-preview:large","max-video-preview":"max-video-preview:-1"},"canonical":"https:\/\/camvi.pl\/en\/produkty\/kamera-ip-ptz-4-mpx-cv-ptz2404-ta\/","og_locale":"en_GB","og_type":"article","og_title":"Kamera IP PTZ 4 Mpx CV-PTZ2404-TA - camvi.pl","og_description":"4 Mpx IP PTZ  Obiektyw\u00a02.8 ~ 12 mm, 4X Zoom optyczny  Inteligentna analiza wideo  Zasi\u0119g IR do\u00a050 m , \u015bwiat\u0142o bia\u0142e do 30 m (tylko sygnalizacja alarm\u00f3w)  WDR, 3D DNR, Smart\u00a0IR  PSI+NIR\u00a0progressive scan\u00a0CMOS  Min. o\u015bwietlenie:\u00a0Kolor 0.01 Lux @ (F1.6 AGC ON) B\/W 0.002Lux @(F1.6 AGC ON);0Lux z IR  4-krotny zoom optyczny,\u00a0dok\u0142adne i szybkie ustawianie ostro\u015bci  Wej\u015bcie\/wyj\u015bcie alarmowe: 1CH \/ 1 CH  Smart\u00a0H.265+\/H.265\/H.264+\/H.264\/MJPEG  Inteligentne \u015bledzenie ludzi \/pojazd\u00f3w\u00a0(Autotracking)  Inteligentne wykrywanie i ochrona obwodowa  ONVIF, API i SDK  PoE+ i DC12V  Klasa szczelno\u015bci\u00a0IP66, IK10, -40\u00b0C~70\u00b0C","og_url":"https:\/\/camvi.pl\/en\/produkty\/kamera-ip-ptz-4-mpx-cv-ptz2404-ta\/","og_site_name":"camvi.pl","article_modified_time":"2024-03-04T13:17:41+00:00","og_image":[{"width":1904,"height":1920,"url":"https:\/\/camvi.pl\/wp-content\/uploads\/2023\/11\/CS35B-PL29-CV-PTZ2404-TA.png","type":"image\/png"}],"twitter_card":"summary_large_image","twitter_misc":{"Estimated reading time":"1 minute"},"schema":{"@context":"https:\/\/schema.org","@graph":[{"@type":"WebPage","@id":"https:\/\/camvi.pl\/produkty\/kamera-ip-ptz-4-mpx-cv-ptz2404-ta\/","url":"https:\/\/camvi.pl\/produkty\/kamera-ip-ptz-4-mpx-cv-ptz2404-ta\/","name":"Kamera IP PTZ 4 Mpx CV-PTZ2404-TA - camvi.pl","isPartOf":{"@id":"https:\/\/camvi.pl\/#website"},"primaryImageOfPage":{"@id":"https:\/\/camvi.pl\/produkty\/kamera-ip-ptz-4-mpx-cv-ptz2404-ta\/#primaryimage"},"image":{"@id":"https:\/\/camvi.pl\/produkty\/kamera-ip-ptz-4-mpx-cv-ptz2404-ta\/#primaryimage"},"thumbnailUrl":"https:\/\/camvi.pl\/wp-content\/uploads\/2023\/11\/CS35B-PL29-CV-PTZ2404-TA.png","datePublished":"2023-11-12T19:02:47+00:00","dateModified":"2024-03-04T13:17:41+00:00","breadcrumb":{"@id":"https:\/\/camvi.pl\/produkty\/kamera-ip-ptz-4-mpx-cv-ptz2404-ta\/#breadcrumb"},"inLanguage":"en-GB","potentialAction":[{"@type":"ReadAction","target":["https:\/\/camvi.pl\/produkty\/kamera-ip-ptz-4-mpx-cv-ptz2404-ta\/"]}]},{"@type":"ImageObject","inLanguage":"en-GB","@id":"https:\/\/camvi.pl\/produkty\/kamera-ip-ptz-4-mpx-cv-ptz2404-ta\/#primaryimage","url":"https:\/\/camvi.pl\/wp-content\/uploads\/2023\/11\/CS35B-PL29-CV-PTZ2404-TA.png","contentUrl":"https:\/\/camvi.pl\/wp-content\/uploads\/2023\/11\/CS35B-PL29-CV-PTZ2404-TA.png","width":1904,"height":1920,"caption":"Bia\u0142o-czarna kamera IP PTZ 4 Mpx CV-PTZ2404-TA"},{"@type":"BreadcrumbList","@id":"https:\/\/camvi.pl\/produkty\/kamera-ip-ptz-4-mpx-cv-ptz2404-ta\/#breadcrumb","itemListElement":[{"@type":"ListItem","position":1,"name":"Strona g\u0142\u00f3wna","item":"https:\/\/camvi.pl\/"},{"@type":"ListItem","position":2,"name":"Produkty","item":"https:\/\/camvi.pl\/produkty\/"},{"@type":"ListItem","position":3,"name":"Kamera IP PTZ 4 Mpx CV-PTZ2404-TA"}]},{"@type":"WebSite","@id":"https:\/\/camvi.pl\/#website","url":"https:\/\/camvi.pl\/","name":"camvi.pl","description":"Camvi marka kamer IP","potentialAction":[{"@type":"SearchAction","target":{"@type":"EntryPoint","urlTemplate":"https:\/\/camvi.pl\/?s={search_term_string}"},"query-input":"required name=search_term_string"}],"inLanguage":"en-GB"}]}},"_links":{"self":[{"href":"https:\/\/camvi.pl\/en\/wp-json\/wp\/v2\/product\/1804","targetHints":{"allow":["GET"]}}],"collection":[{"href":"https:\/\/camvi.pl\/en\/wp-json\/wp\/v2\/product"}],"about":[{"href":"https:\/\/camvi.pl\/en\/wp-json\/wp\/v2\/types\/product"}],"wp:featuredmedia":[{"embeddable":true,"href":"https:\/\/camvi.pl\/en\/wp-json\/wp\/v2\/media\/1859"}],"wp:attachment":[{"href":"https:\/\/camvi.pl\/en\/wp-json\/wp\/v2\/media?parent=1804"}],"wp:term":[{"taxonomy":"product_cat","embeddable":true,"href":"https:\/\/camvi.pl\/en\/wp-json\/wp\/v2\/product_cat?post=1804"},{"taxonomy":"product_tag","embeddable":true,"href":"https:\/\/camvi.pl\/en\/wp-json\/wp\/v2\/product_tag?post=1804"}],"curies":[{"name":"wp","href":"https:\/\/api.w.org\/{rel}","templated":true}]}}