{"id":1809,"date":"2023-11-12T20:19:24","date_gmt":"2023-11-12T19:19:24","guid":{"rendered":"https:\/\/camvi.pl\/?post_type=product&#038;p=1809"},"modified":"2024-03-04T14:09:02","modified_gmt":"2024-03-04T13:09:02","slug":"kamera-ip-8-mpx-cv-ipt2828-ai","status":"publish","type":"product","link":"https:\/\/camvi.pl\/en\/produkty\/kamera-ip-8-mpx-cv-ipt2828-ai\/","title":{"rendered":"IP 8 Mpx CV-IPT2828-AI Camera"},"content":{"rendered":"","protected":false},"excerpt":{"rendered":"<ul>\n<li><strong>8 Mpx<\/strong> IP\u00a0Kamera<\/li>\n<li>Obiektyw\u00a0<strong>2.8 mm\u00a0<\/strong><\/li>\n<li><strong>Intelligent Image Analysis<\/strong><\/li>\n<li><strong>IR\u00a0<\/strong> LED zasi\u0119g\u00a0do <strong>30 m<\/strong><\/li>\n<li>3D DNR,\u00a0<strong>WDR 120 dB<\/strong>, HLC, BLC, ROI<\/li>\n<li><strong>Funkcje AI: ochrona perymetryczna, klasyfikacja wykrytego obiektu (cz\u0142owiek\/pojazd)<\/strong><\/li>\n<li><strong>Czu\u0142o\u015b\u0107: 0.002lux @ F1.6 (AGC ON), 0lux (LED ON)<\/strong><\/li>\n<li>Wbudowany <strong>slot kart\u00a0SD do 256GB<\/strong><\/li>\n<li><strong>Wbudowany mikrofon<\/strong>; 1-kana\u0142owe wej\u015bcie audio<\/li>\n<li>Kompresja\u00a0<strong>H.265\/H.264\/MJPG H.265<\/strong><\/li>\n<li>Zasilanie <strong>DC12V\/PoE<\/strong><\/li>\n<li>IP67 tightness class<\/li>\n<li>Obs\u0142uga\u00a03 strumieni<\/li>\n<li>Zdalny dost\u0119p z urz\u0105dze\u0144 mobilnych IOS i Android OS<\/li>\n<li>obs\u0142uga:\u00a0<strong>ONVIF, API, RTMP<\/strong><\/li>\n<\/ul>","protected":false},"featured_media":1810,"template":"","meta":[],"product_cat":[20],"product_tag":[],"class_list":{"0":"post-1809","1":"product","2":"type-product","3":"status-publish","4":"has-post-thumbnail","6":"product_cat-kamery-ip","8":"first","9":"instock","10":"downloadable","11":"shipping-taxable","12":"product-type-simple"},"yoast_head":"<!-- This site is optimized with the Yoast SEO plugin v22.9 - https:\/\/yoast.com\/wordpress\/plugins\/seo\/ -->\n<title>Kamera IP 8 Mpx CV-IPT2828-AI - camvi.pl<\/title>\n<meta name=\"robots\" content=\"index, follow, max-snippet:-1, max-image-preview:large, max-video-preview:-1\" \/>\n<link rel=\"canonical\" href=\"https:\/\/camvi.pl\/en\/produkty\/kamera-ip-8-mpx-cv-ipt2828-ai\/\" \/>\n<meta property=\"og:locale\" content=\"en_GB\" \/>\n<meta property=\"og:type\" content=\"article\" \/>\n<meta property=\"og:title\" content=\"Kamera IP 8 Mpx CV-IPT2828-AI - camvi.pl\" \/>\n<meta property=\"og:description\" content=\"8 Mpx IP\u00a0Kamera  Obiektyw\u00a02.8 mm\u00a0  Inteligentna Analiza obrazu  IR\u00a0 LED zasi\u0119g\u00a0do 30 m  3D DNR,\u00a0WDR 120 dB, HLC, BLC, ROI  Funkcje AI: ochrona perymetryczna, klasyfikacja wykrytego obiektu (cz\u0142owiek\/pojazd)  Czu\u0142o\u015b\u0107: 0.002lux @ F1.6 (AGC ON), 0lux (LED ON)  Wbudowany slot kart\u00a0SD do 256GB  Wbudowany mikrofon; 1-kana\u0142owe wej\u015bcie audio  Kompresja\u00a0H.265\/H.264\/MJPG H.265  Zasilanie DC12V\/PoE  Klasa szczelno\u015bci IP67  Obs\u0142uga\u00a03 strumieni  Zdalny dost\u0119p z urz\u0105dze\u0144 mobilnych IOS i Android OS  obs\u0142uga:\u00a0ONVIF, API, RTMP\" \/>\n<meta property=\"og:url\" content=\"https:\/\/camvi.pl\/en\/produkty\/kamera-ip-8-mpx-cv-ipt2828-ai\/\" \/>\n<meta property=\"og:site_name\" content=\"camvi.pl\" \/>\n<meta property=\"article:modified_time\" content=\"2024-03-04T13:09:02+00:00\" \/>\n<meta property=\"og:image\" content=\"https:\/\/camvi.pl\/wp-content\/uploads\/2023\/11\/CD45C-1-PL29-CV-IPT2428-A-AI.png\" \/>\n\t<meta property=\"og:image:width\" content=\"1432\" \/>\n\t<meta property=\"og:image:height\" content=\"1188\" \/>\n\t<meta property=\"og:image:type\" content=\"image\/png\" \/>\n<meta name=\"twitter:card\" content=\"summary_large_image\" \/>\n<meta name=\"twitter:label1\" content=\"Estimated reading time\" \/>\n\t<meta name=\"twitter:data1\" content=\"1 minute\" \/>\n<script type=\"application\/ld+json\" class=\"yoast-schema-graph\">{\"@context\":\"https:\/\/schema.org\",\"@graph\":[{\"@type\":\"WebPage\",\"@id\":\"https:\/\/camvi.pl\/produkty\/kamera-ip-8-mpx-cv-ipt2828-ai\/\",\"url\":\"https:\/\/camvi.pl\/produkty\/kamera-ip-8-mpx-cv-ipt2828-ai\/\",\"name\":\"Kamera IP 8 Mpx CV-IPT2828-AI - camvi.pl\",\"isPartOf\":{\"@id\":\"https:\/\/camvi.pl\/#website\"},\"primaryImageOfPage\":{\"@id\":\"https:\/\/camvi.pl\/produkty\/kamera-ip-8-mpx-cv-ipt2828-ai\/#primaryimage\"},\"image\":{\"@id\":\"https:\/\/camvi.pl\/produkty\/kamera-ip-8-mpx-cv-ipt2828-ai\/#primaryimage\"},\"thumbnailUrl\":\"https:\/\/camvi.pl\/wp-content\/uploads\/2023\/11\/CD45C-1-PL29-CV-IPT2428-A-AI.png\",\"datePublished\":\"2023-11-12T19:19:24+00:00\",\"dateModified\":\"2024-03-04T13:09:02+00:00\",\"breadcrumb\":{\"@id\":\"https:\/\/camvi.pl\/produkty\/kamera-ip-8-mpx-cv-ipt2828-ai\/#breadcrumb\"},\"inLanguage\":\"en-GB\",\"potentialAction\":[{\"@type\":\"ReadAction\",\"target\":[\"https:\/\/camvi.pl\/produkty\/kamera-ip-8-mpx-cv-ipt2828-ai\/\"]}]},{\"@type\":\"ImageObject\",\"inLanguage\":\"en-GB\",\"@id\":\"https:\/\/camvi.pl\/produkty\/kamera-ip-8-mpx-cv-ipt2828-ai\/#primaryimage\",\"url\":\"https:\/\/camvi.pl\/wp-content\/uploads\/2023\/11\/CD45C-1-PL29-CV-IPT2428-A-AI.png\",\"contentUrl\":\"https:\/\/camvi.pl\/wp-content\/uploads\/2023\/11\/CD45C-1-PL29-CV-IPT2428-A-AI.png\",\"width\":1432,\"height\":1188,\"caption\":\"Bia\u0142a kamera Camvi IP 8 Mpx CV-IPT2828-AI\"},{\"@type\":\"BreadcrumbList\",\"@id\":\"https:\/\/camvi.pl\/produkty\/kamera-ip-8-mpx-cv-ipt2828-ai\/#breadcrumb\",\"itemListElement\":[{\"@type\":\"ListItem\",\"position\":1,\"name\":\"Strona g\u0142\u00f3wna\",\"item\":\"https:\/\/camvi.pl\/\"},{\"@type\":\"ListItem\",\"position\":2,\"name\":\"Produkty\",\"item\":\"https:\/\/camvi.pl\/produkty\/\"},{\"@type\":\"ListItem\",\"position\":3,\"name\":\"Kamera IP 8 Mpx CV-IPT2828-AI\"}]},{\"@type\":\"WebSite\",\"@id\":\"https:\/\/camvi.pl\/#website\",\"url\":\"https:\/\/camvi.pl\/\",\"name\":\"camvi.pl\",\"description\":\"Camvi marka kamer IP\",\"potentialAction\":[{\"@type\":\"SearchAction\",\"target\":{\"@type\":\"EntryPoint\",\"urlTemplate\":\"https:\/\/camvi.pl\/?s={search_term_string}\"},\"query-input\":\"required name=search_term_string\"}],\"inLanguage\":\"en-GB\"}]}<\/script>\n<!-- \/ Yoast SEO plugin. -->","yoast_head_json":{"title":"Kamera IP 8 Mpx CV-IPT2828-AI - camvi.pl","robots":{"index":"index","follow":"follow","max-snippet":"max-snippet:-1","max-image-preview":"max-image-preview:large","max-video-preview":"max-video-preview:-1"},"canonical":"https:\/\/camvi.pl\/en\/produkty\/kamera-ip-8-mpx-cv-ipt2828-ai\/","og_locale":"en_GB","og_type":"article","og_title":"Kamera IP 8 Mpx CV-IPT2828-AI - camvi.pl","og_description":"8 Mpx IP\u00a0Kamera  Obiektyw\u00a02.8 mm\u00a0  Inteligentna Analiza obrazu  IR\u00a0 LED zasi\u0119g\u00a0do 30 m  3D DNR,\u00a0WDR 120 dB, HLC, BLC, ROI  Funkcje AI: ochrona perymetryczna, klasyfikacja wykrytego obiektu (cz\u0142owiek\/pojazd)  Czu\u0142o\u015b\u0107: 0.002lux @ F1.6 (AGC ON), 0lux (LED ON)  Wbudowany slot kart\u00a0SD do 256GB  Wbudowany mikrofon; 1-kana\u0142owe wej\u015bcie audio  Kompresja\u00a0H.265\/H.264\/MJPG H.265  Zasilanie DC12V\/PoE  Klasa szczelno\u015bci IP67  Obs\u0142uga\u00a03 strumieni  Zdalny dost\u0119p z urz\u0105dze\u0144 mobilnych IOS i Android OS  obs\u0142uga:\u00a0ONVIF, API, RTMP","og_url":"https:\/\/camvi.pl\/en\/produkty\/kamera-ip-8-mpx-cv-ipt2828-ai\/","og_site_name":"camvi.pl","article_modified_time":"2024-03-04T13:09:02+00:00","og_image":[{"width":1432,"height":1188,"url":"https:\/\/camvi.pl\/wp-content\/uploads\/2023\/11\/CD45C-1-PL29-CV-IPT2428-A-AI.png","type":"image\/png"}],"twitter_card":"summary_large_image","twitter_misc":{"Estimated reading time":"1 minute"},"schema":{"@context":"https:\/\/schema.org","@graph":[{"@type":"WebPage","@id":"https:\/\/camvi.pl\/produkty\/kamera-ip-8-mpx-cv-ipt2828-ai\/","url":"https:\/\/camvi.pl\/produkty\/kamera-ip-8-mpx-cv-ipt2828-ai\/","name":"Kamera IP 8 Mpx CV-IPT2828-AI - camvi.pl","isPartOf":{"@id":"https:\/\/camvi.pl\/#website"},"primaryImageOfPage":{"@id":"https:\/\/camvi.pl\/produkty\/kamera-ip-8-mpx-cv-ipt2828-ai\/#primaryimage"},"image":{"@id":"https:\/\/camvi.pl\/produkty\/kamera-ip-8-mpx-cv-ipt2828-ai\/#primaryimage"},"thumbnailUrl":"https:\/\/camvi.pl\/wp-content\/uploads\/2023\/11\/CD45C-1-PL29-CV-IPT2428-A-AI.png","datePublished":"2023-11-12T19:19:24+00:00","dateModified":"2024-03-04T13:09:02+00:00","breadcrumb":{"@id":"https:\/\/camvi.pl\/produkty\/kamera-ip-8-mpx-cv-ipt2828-ai\/#breadcrumb"},"inLanguage":"en-GB","potentialAction":[{"@type":"ReadAction","target":["https:\/\/camvi.pl\/produkty\/kamera-ip-8-mpx-cv-ipt2828-ai\/"]}]},{"@type":"ImageObject","inLanguage":"en-GB","@id":"https:\/\/camvi.pl\/produkty\/kamera-ip-8-mpx-cv-ipt2828-ai\/#primaryimage","url":"https:\/\/camvi.pl\/wp-content\/uploads\/2023\/11\/CD45C-1-PL29-CV-IPT2428-A-AI.png","contentUrl":"https:\/\/camvi.pl\/wp-content\/uploads\/2023\/11\/CD45C-1-PL29-CV-IPT2428-A-AI.png","width":1432,"height":1188,"caption":"Bia\u0142a kamera Camvi IP 8 Mpx CV-IPT2828-AI"},{"@type":"BreadcrumbList","@id":"https:\/\/camvi.pl\/produkty\/kamera-ip-8-mpx-cv-ipt2828-ai\/#breadcrumb","itemListElement":[{"@type":"ListItem","position":1,"name":"Strona g\u0142\u00f3wna","item":"https:\/\/camvi.pl\/"},{"@type":"ListItem","position":2,"name":"Produkty","item":"https:\/\/camvi.pl\/produkty\/"},{"@type":"ListItem","position":3,"name":"Kamera IP 8 Mpx CV-IPT2828-AI"}]},{"@type":"WebSite","@id":"https:\/\/camvi.pl\/#website","url":"https:\/\/camvi.pl\/","name":"camvi.pl","description":"Camvi marka kamer IP","potentialAction":[{"@type":"SearchAction","target":{"@type":"EntryPoint","urlTemplate":"https:\/\/camvi.pl\/?s={search_term_string}"},"query-input":"required name=search_term_string"}],"inLanguage":"en-GB"}]}},"_links":{"self":[{"href":"https:\/\/camvi.pl\/en\/wp-json\/wp\/v2\/product\/1809","targetHints":{"allow":["GET"]}}],"collection":[{"href":"https:\/\/camvi.pl\/en\/wp-json\/wp\/v2\/product"}],"about":[{"href":"https:\/\/camvi.pl\/en\/wp-json\/wp\/v2\/types\/product"}],"wp:featuredmedia":[{"embeddable":true,"href":"https:\/\/camvi.pl\/en\/wp-json\/wp\/v2\/media\/1810"}],"wp:attachment":[{"href":"https:\/\/camvi.pl\/en\/wp-json\/wp\/v2\/media?parent=1809"}],"wp:term":[{"taxonomy":"product_cat","embeddable":true,"href":"https:\/\/camvi.pl\/en\/wp-json\/wp\/v2\/product_cat?post=1809"},{"taxonomy":"product_tag","embeddable":true,"href":"https:\/\/camvi.pl\/en\/wp-json\/wp\/v2\/product_tag?post=1809"}],"curies":[{"name":"wp","href":"https:\/\/api.w.org\/{rel}","templated":true}]}}