{"id":2029,"date":"2024-02-20T19:48:04","date_gmt":"2024-02-20T18:48:04","guid":{"rendered":"https:\/\/camvi.pl\/?post_type=product&#038;p=2029"},"modified":"2024-05-22T15:56:54","modified_gmt":"2024-05-22T13:56:54","slug":"kamera-ip-cv-ipt24-mz-dl-ai","status":"publish","type":"product","link":"https:\/\/camvi.pl\/en\/produkty\/kamera-ip-cv-ipt24-mz-dl-ai\/","title":{"rendered":"Kamera IP CV-IPT24-MZ-DL-AI"},"content":{"rendered":"<h3 class=\"primary mb-1 text-center\"><span style=\"color: #000000;\">Aplikacja SuperLive Plus\u00a0<\/span><\/h3>\n<p>Zawansowana aplikacja na urz\u0105dzenia przeno\u015bne. Umo\u017cliwia ona zdalny podgl\u0105d obrazu z kamer Camvi na ekranach urz\u0105dze\u0144 mobilnych z systemami Android lub iOS. Taka funkcjonalno\u015b\u0107 nie tylko umo\u017cliwia szybk\u0105 reakcj\u0119 na potencjalne zdarzenia, lecz tak\u017ce podnosi poziom bezpiecze\u0144stwa systemu. Aplikacja wykorzystuje dodatkowy strumie\u0144 danych do przesy\u0142ania sygna\u0142u, co zapewnia szybsze dostarczanie obrazu z kamer do wsp\u00f3\u0142pracuj\u0105cych urz\u0105dze\u0144 mobilnych.<\/p>\n<p><img fetchpriority=\"high\" decoding=\"async\" src=\"https:\/\/camos.pl\/img\/cms\/134350b3a74760f5ee9e1516f05135d0_pasted-image-0.png\" alt=\"\" width=\"631\" height=\"305\" \/><\/p>","protected":false},"excerpt":{"rendered":"<ul>\n<li><strong>4 Mpx<\/strong>\u00a0IP Kamera<\/li>\n<li>Obiektyw\u00a0<strong>2.8 ~ 12 mm<\/strong><\/li>\n<li><strong>Intelligent Image Analysis<\/strong><\/li>\n<li><strong>Dual light<\/strong>\u00a0:IR do 50 m , \u015bwiat\u0142o bia\u0142e do 40 m<\/li>\n<li>3D DNR,\u00a0<strong>WDR 120 dB<\/strong>, HLC, BLC, ROI<\/li>\n<li><strong>funkcje AI: ochrona perymetryczna, klasyfikacja wykrytego obiektu (cz\u0142owiek\/pojazd)<\/strong><\/li>\n<li><strong>Czu\u0142o\u015b\u0107: 0.004lux @ F1.4 (AGC ON), 0lux (LED ON<\/strong><\/li>\n<li>Wbudowany slot kart\u00a0<strong>SD do 256GB<\/strong><\/li>\n<li><strong>wbudowany mikrofon<\/strong>\u00a0, 1-kana\u0142owe wej\u015bcie audio<\/li>\n<li>Kompresja H.265\/H.264\/MJPG H.265<\/li>\n<li>Zasilanie\u00a0<strong>DC12V\/PoE<\/strong><\/li>\n<li>IP67 tightness class<\/li>\n<li><strong>Support for 3 streams<\/strong><\/li>\n<li>Zdalny dost\u0119p z urz\u0105dze\u0144 mobilnych IOS i Android OS<\/li>\n<li>obs\u0142uga:<strong>ONVIF, API, RTMP<\/strong><\/li>\n<li><\/li>\n<\/ul>","protected":false},"featured_media":2035,"template":"","meta":[],"product_cat":[20],"product_tag":[],"class_list":{"0":"post-2029","1":"product","2":"type-product","3":"status-publish","4":"has-post-thumbnail","6":"product_cat-kamery-ip","8":"first","9":"instock","10":"downloadable","11":"shipping-taxable","12":"product-type-simple"},"yoast_head":"<!-- This site is optimized with the Yoast SEO plugin v22.9 - https:\/\/yoast.com\/wordpress\/plugins\/seo\/ -->\n<title>Kamera IP CV-IPT24-MZ-DL-AI - camvi.pl<\/title>\n<meta name=\"robots\" content=\"index, follow, max-snippet:-1, max-image-preview:large, max-video-preview:-1\" \/>\n<link rel=\"canonical\" href=\"https:\/\/camvi.pl\/en\/produkty\/kamera-ip-cv-ipt24-mz-dl-ai\/\" \/>\n<meta property=\"og:locale\" content=\"en_GB\" \/>\n<meta property=\"og:type\" content=\"article\" \/>\n<meta property=\"og:title\" content=\"Kamera IP CV-IPT24-MZ-DL-AI - camvi.pl\" \/>\n<meta property=\"og:description\" content=\"4 Mpx\u00a0IP Kamera  Obiektyw\u00a02.8 ~ 12 mm  Inteligentna Analiza obrazu  Dual light\u00a0:IR do 50 m , \u015bwiat\u0142o bia\u0142e do 40 m  3D DNR,\u00a0WDR 120 dB, HLC, BLC, ROI  funkcje AI: ochrona perymetryczna, klasyfikacja wykrytego obiektu (cz\u0142owiek\/pojazd)  Czu\u0142o\u015b\u0107: 0.004lux @ F1.4 (AGC ON), 0lux (LED ON  Wbudowany slot kart\u00a0SD do 256GB  wbudowany mikrofon\u00a0, 1-kana\u0142owe wej\u015bcie audio  Kompresja H.265\/H.264\/MJPG H.265  Zasilanie\u00a0DC12V\/PoE  Klasa szczelno\u015bci IP67  Obs\u0142uga 3 strumieni  Zdalny dost\u0119p z urz\u0105dze\u0144 mobilnych IOS i Android OS  obs\u0142uga:ONVIF, API, RTMP\" \/>\n<meta property=\"og:url\" content=\"https:\/\/camvi.pl\/en\/produkty\/kamera-ip-cv-ipt24-mz-dl-ai\/\" \/>\n<meta property=\"og:site_name\" content=\"camvi.pl\" \/>\n<meta property=\"article:modified_time\" content=\"2024-05-22T13:56:54+00:00\" \/>\n<meta property=\"og:image\" content=\"https:\/\/camvi.pl\/wp-content\/uploads\/2024\/02\/IPT24-MZ-DL-AI.png\" \/>\n\t<meta property=\"og:image:width\" content=\"1598\" \/>\n\t<meta property=\"og:image:height\" content=\"1511\" \/>\n\t<meta property=\"og:image:type\" content=\"image\/png\" \/>\n<meta name=\"twitter:card\" content=\"summary_large_image\" \/>\n<meta name=\"twitter:label1\" content=\"Estimated reading time\" \/>\n\t<meta name=\"twitter:data1\" content=\"1 minute\" \/>\n<script type=\"application\/ld+json\" class=\"yoast-schema-graph\">{\"@context\":\"https:\/\/schema.org\",\"@graph\":[{\"@type\":\"WebPage\",\"@id\":\"https:\/\/camvi.pl\/produkty\/kamera-ip-cv-ipt24-mz-dl-ai\/\",\"url\":\"https:\/\/camvi.pl\/produkty\/kamera-ip-cv-ipt24-mz-dl-ai\/\",\"name\":\"Kamera IP CV-IPT24-MZ-DL-AI - camvi.pl\",\"isPartOf\":{\"@id\":\"https:\/\/camvi.pl\/#website\"},\"primaryImageOfPage\":{\"@id\":\"https:\/\/camvi.pl\/produkty\/kamera-ip-cv-ipt24-mz-dl-ai\/#primaryimage\"},\"image\":{\"@id\":\"https:\/\/camvi.pl\/produkty\/kamera-ip-cv-ipt24-mz-dl-ai\/#primaryimage\"},\"thumbnailUrl\":\"https:\/\/camvi.pl\/wp-content\/uploads\/2024\/02\/IPT24-MZ-DL-AI.png\",\"datePublished\":\"2024-02-20T18:48:04+00:00\",\"dateModified\":\"2024-05-22T13:56:54+00:00\",\"breadcrumb\":{\"@id\":\"https:\/\/camvi.pl\/produkty\/kamera-ip-cv-ipt24-mz-dl-ai\/#breadcrumb\"},\"inLanguage\":\"en-GB\",\"potentialAction\":[{\"@type\":\"ReadAction\",\"target\":[\"https:\/\/camvi.pl\/produkty\/kamera-ip-cv-ipt24-mz-dl-ai\/\"]}]},{\"@type\":\"ImageObject\",\"inLanguage\":\"en-GB\",\"@id\":\"https:\/\/camvi.pl\/produkty\/kamera-ip-cv-ipt24-mz-dl-ai\/#primaryimage\",\"url\":\"https:\/\/camvi.pl\/wp-content\/uploads\/2024\/02\/IPT24-MZ-DL-AI.png\",\"contentUrl\":\"https:\/\/camvi.pl\/wp-content\/uploads\/2024\/02\/IPT24-MZ-DL-AI.png\",\"width\":1598,\"height\":1511},{\"@type\":\"BreadcrumbList\",\"@id\":\"https:\/\/camvi.pl\/produkty\/kamera-ip-cv-ipt24-mz-dl-ai\/#breadcrumb\",\"itemListElement\":[{\"@type\":\"ListItem\",\"position\":1,\"name\":\"Strona g\u0142\u00f3wna\",\"item\":\"https:\/\/camvi.pl\/\"},{\"@type\":\"ListItem\",\"position\":2,\"name\":\"Produkty\",\"item\":\"https:\/\/camvi.pl\/produkty\/\"},{\"@type\":\"ListItem\",\"position\":3,\"name\":\"Kamera IP CV-IPT24-MZ-DL-AI\"}]},{\"@type\":\"WebSite\",\"@id\":\"https:\/\/camvi.pl\/#website\",\"url\":\"https:\/\/camvi.pl\/\",\"name\":\"camvi.pl\",\"description\":\"Camvi marka kamer IP\",\"potentialAction\":[{\"@type\":\"SearchAction\",\"target\":{\"@type\":\"EntryPoint\",\"urlTemplate\":\"https:\/\/camvi.pl\/?s={search_term_string}\"},\"query-input\":\"required name=search_term_string\"}],\"inLanguage\":\"en-GB\"}]}<\/script>\n<!-- \/ Yoast SEO plugin. -->","yoast_head_json":{"title":"Kamera IP CV-IPT24-MZ-DL-AI - camvi.pl","robots":{"index":"index","follow":"follow","max-snippet":"max-snippet:-1","max-image-preview":"max-image-preview:large","max-video-preview":"max-video-preview:-1"},"canonical":"https:\/\/camvi.pl\/en\/produkty\/kamera-ip-cv-ipt24-mz-dl-ai\/","og_locale":"en_GB","og_type":"article","og_title":"Kamera IP CV-IPT24-MZ-DL-AI - camvi.pl","og_description":"4 Mpx\u00a0IP Kamera  Obiektyw\u00a02.8 ~ 12 mm  Inteligentna Analiza obrazu  Dual light\u00a0:IR do 50 m , \u015bwiat\u0142o bia\u0142e do 40 m  3D DNR,\u00a0WDR 120 dB, HLC, BLC, ROI  funkcje AI: ochrona perymetryczna, klasyfikacja wykrytego obiektu (cz\u0142owiek\/pojazd)  Czu\u0142o\u015b\u0107: 0.004lux @ F1.4 (AGC ON), 0lux (LED ON  Wbudowany slot kart\u00a0SD do 256GB  wbudowany mikrofon\u00a0, 1-kana\u0142owe wej\u015bcie audio  Kompresja H.265\/H.264\/MJPG H.265  Zasilanie\u00a0DC12V\/PoE  Klasa szczelno\u015bci IP67  Obs\u0142uga 3 strumieni  Zdalny dost\u0119p z urz\u0105dze\u0144 mobilnych IOS i Android OS  obs\u0142uga:ONVIF, API, RTMP","og_url":"https:\/\/camvi.pl\/en\/produkty\/kamera-ip-cv-ipt24-mz-dl-ai\/","og_site_name":"camvi.pl","article_modified_time":"2024-05-22T13:56:54+00:00","og_image":[{"width":1598,"height":1511,"url":"https:\/\/camvi.pl\/wp-content\/uploads\/2024\/02\/IPT24-MZ-DL-AI.png","type":"image\/png"}],"twitter_card":"summary_large_image","twitter_misc":{"Estimated reading time":"1 minute"},"schema":{"@context":"https:\/\/schema.org","@graph":[{"@type":"WebPage","@id":"https:\/\/camvi.pl\/produkty\/kamera-ip-cv-ipt24-mz-dl-ai\/","url":"https:\/\/camvi.pl\/produkty\/kamera-ip-cv-ipt24-mz-dl-ai\/","name":"Kamera IP CV-IPT24-MZ-DL-AI - camvi.pl","isPartOf":{"@id":"https:\/\/camvi.pl\/#website"},"primaryImageOfPage":{"@id":"https:\/\/camvi.pl\/produkty\/kamera-ip-cv-ipt24-mz-dl-ai\/#primaryimage"},"image":{"@id":"https:\/\/camvi.pl\/produkty\/kamera-ip-cv-ipt24-mz-dl-ai\/#primaryimage"},"thumbnailUrl":"https:\/\/camvi.pl\/wp-content\/uploads\/2024\/02\/IPT24-MZ-DL-AI.png","datePublished":"2024-02-20T18:48:04+00:00","dateModified":"2024-05-22T13:56:54+00:00","breadcrumb":{"@id":"https:\/\/camvi.pl\/produkty\/kamera-ip-cv-ipt24-mz-dl-ai\/#breadcrumb"},"inLanguage":"en-GB","potentialAction":[{"@type":"ReadAction","target":["https:\/\/camvi.pl\/produkty\/kamera-ip-cv-ipt24-mz-dl-ai\/"]}]},{"@type":"ImageObject","inLanguage":"en-GB","@id":"https:\/\/camvi.pl\/produkty\/kamera-ip-cv-ipt24-mz-dl-ai\/#primaryimage","url":"https:\/\/camvi.pl\/wp-content\/uploads\/2024\/02\/IPT24-MZ-DL-AI.png","contentUrl":"https:\/\/camvi.pl\/wp-content\/uploads\/2024\/02\/IPT24-MZ-DL-AI.png","width":1598,"height":1511},{"@type":"BreadcrumbList","@id":"https:\/\/camvi.pl\/produkty\/kamera-ip-cv-ipt24-mz-dl-ai\/#breadcrumb","itemListElement":[{"@type":"ListItem","position":1,"name":"Strona g\u0142\u00f3wna","item":"https:\/\/camvi.pl\/"},{"@type":"ListItem","position":2,"name":"Produkty","item":"https:\/\/camvi.pl\/produkty\/"},{"@type":"ListItem","position":3,"name":"Kamera IP CV-IPT24-MZ-DL-AI"}]},{"@type":"WebSite","@id":"https:\/\/camvi.pl\/#website","url":"https:\/\/camvi.pl\/","name":"camvi.pl","description":"Camvi marka kamer IP","potentialAction":[{"@type":"SearchAction","target":{"@type":"EntryPoint","urlTemplate":"https:\/\/camvi.pl\/?s={search_term_string}"},"query-input":"required name=search_term_string"}],"inLanguage":"en-GB"}]}},"_links":{"self":[{"href":"https:\/\/camvi.pl\/en\/wp-json\/wp\/v2\/product\/2029","targetHints":{"allow":["GET"]}}],"collection":[{"href":"https:\/\/camvi.pl\/en\/wp-json\/wp\/v2\/product"}],"about":[{"href":"https:\/\/camvi.pl\/en\/wp-json\/wp\/v2\/types\/product"}],"wp:featuredmedia":[{"embeddable":true,"href":"https:\/\/camvi.pl\/en\/wp-json\/wp\/v2\/media\/2035"}],"wp:attachment":[{"href":"https:\/\/camvi.pl\/en\/wp-json\/wp\/v2\/media?parent=2029"}],"wp:term":[{"taxonomy":"product_cat","embeddable":true,"href":"https:\/\/camvi.pl\/en\/wp-json\/wp\/v2\/product_cat?post=2029"},{"taxonomy":"product_tag","embeddable":true,"href":"https:\/\/camvi.pl\/en\/wp-json\/wp\/v2\/product_tag?post=2029"}],"curies":[{"name":"wp","href":"https:\/\/api.w.org\/{rel}","templated":true}]}}