{"id":2032,"date":"2024-02-20T20:24:39","date_gmt":"2024-02-20T19:24:39","guid":{"rendered":"https:\/\/camvi.pl\/?post_type=product&#038;p=2032"},"modified":"2024-03-04T13:43:13","modified_gmt":"2024-03-04T12:43:13","slug":"kamera-ip-4-mpx-cv-ipt2428-dl-ai-g","status":"publish","type":"product","link":"https:\/\/camvi.pl\/en\/produkty\/kamera-ip-4-mpx-cv-ipt2428-dl-ai-g\/","title":{"rendered":"Kamera IP 4 Mpx CV-IPT2428-DL-AI-G"},"content":{"rendered":"","protected":false},"excerpt":{"rendered":"<ul>\n<li>Kamera IP\u00a0<strong>4 Mpx<\/strong><\/li>\n<li>2.8mm lens<\/li>\n<li><strong>Intelligent Image Analysis<\/strong><\/li>\n<li><strong>Dual<\/strong>\u00a0:IR do\u00a0<strong>30 m<\/strong>\u00a0, \u015bwiat\u0142o bia\u0142e do\u00a0<strong>30 m<\/strong><\/li>\n<li>3D DNR, WDR 120dB, HLC, BLC, smart IR. itp<\/li>\n<li><strong>funkcje AI: ochrona perymetryczna, klasyfikacja wykrytego obiektu (cz\u0142owiek\/pojazd)<\/strong><\/li>\n<li><strong>Czu\u0142o\u015b\u0107: 0.005lux @ F1.6 (AGC ON), 0lux (LED ON)<\/strong><\/li>\n<li>Klasa szczelno\u015bci\u00a0<strong>IP67<\/strong><\/li>\n<li>Wbudowany\u00a0<strong>slot kart SD<\/strong>\u00a0do 256GB<\/li>\n<li><strong>Wbudowany mikrofon<\/strong>; 1-kana\u0142owe wej\u015bcie audio<\/li>\n<li>Zasilanie\u00a0<strong>DC12V\/PoE<\/strong><\/li>\n<li>Support for 3 streams<\/li>\n<li>Zdalny dost\u0119p z urz\u0105dze\u0144 mobilnych IOS i Android OS<\/li>\n<li>Kompresja\u00a0<b>H.265+ \/ H.265 \/ H.264+ \/ H.264<\/b><\/li>\n<li>Automatic ICR switch<\/li>\n<li>obs\u0142uga:\u00a0<strong>ONVIF, API, RTMP<\/strong><\/li>\n<\/ul>","protected":false},"featured_media":2037,"template":"","meta":[],"product_cat":[20],"product_tag":[],"class_list":{"0":"post-2032","1":"product","2":"type-product","3":"status-publish","4":"has-post-thumbnail","6":"product_cat-kamery-ip","8":"first","9":"instock","10":"downloadable","11":"shipping-taxable","12":"product-type-simple"},"yoast_head":"<!-- This site is optimized with the Yoast SEO plugin v22.9 - https:\/\/yoast.com\/wordpress\/plugins\/seo\/ -->\n<title>Kamera IP 4 Mpx CV-IPT2428-DL-AI-G - camvi.pl<\/title>\n<meta name=\"robots\" content=\"index, follow, max-snippet:-1, max-image-preview:large, max-video-preview:-1\" \/>\n<link rel=\"canonical\" href=\"https:\/\/camvi.pl\/en\/produkty\/kamera-ip-4-mpx-cv-ipt2428-dl-ai-g\/\" \/>\n<meta property=\"og:locale\" content=\"en_GB\" \/>\n<meta property=\"og:type\" content=\"article\" \/>\n<meta property=\"og:title\" content=\"Kamera IP 4 Mpx CV-IPT2428-DL-AI-G - camvi.pl\" \/>\n<meta property=\"og:description\" content=\"Kamera IP\u00a04 Mpx  Obiektyw 2.8 mm  Inteligentna Analiza obrazu  Dual\u00a0:IR do\u00a030 m\u00a0, \u015bwiat\u0142o bia\u0142e do\u00a030 m  3D DNR, WDR 120dB, HLC, BLC, smart IR. itp  funkcje AI: ochrona perymetryczna, klasyfikacja wykrytego obiektu (cz\u0142owiek\/pojazd)  Czu\u0142o\u015b\u0107: 0.005lux @ F1.6 (AGC ON), 0lux (LED ON)  Klasa szczelno\u015bci\u00a0IP67  Wbudowany\u00a0slot kart SD\u00a0do 256GB  Wbudowany mikrofon; 1-kana\u0142owe wej\u015bcie audio  Zasilanie\u00a0DC12V\/PoE  Obs\u0142uga 3 strumieni  Zdalny dost\u0119p z urz\u0105dze\u0144 mobilnych IOS i Android OS  Kompresja\u00a0H.265+ \/ H.265 \/ H.264+ \/ H.264  Automatyczny prze\u0142\u0105cznik ICR  obs\u0142uga:\u00a0ONVIF, API, RTMP\" \/>\n<meta property=\"og:url\" content=\"https:\/\/camvi.pl\/en\/produkty\/kamera-ip-4-mpx-cv-ipt2428-dl-ai-g\/\" \/>\n<meta property=\"og:site_name\" content=\"camvi.pl\" \/>\n<meta property=\"article:modified_time\" content=\"2024-03-04T12:43:13+00:00\" \/>\n<meta property=\"og:image\" content=\"https:\/\/camvi.pl\/wp-content\/uploads\/2024\/02\/IPT2428-Dl-S4-GL.png\" \/>\n\t<meta property=\"og:image:width\" content=\"2500\" \/>\n\t<meta property=\"og:image:height\" content=\"1746\" \/>\n\t<meta property=\"og:image:type\" content=\"image\/png\" \/>\n<meta name=\"twitter:card\" content=\"summary_large_image\" \/>\n<meta name=\"twitter:label1\" content=\"Estimated reading time\" \/>\n\t<meta name=\"twitter:data1\" content=\"1 minute\" \/>\n<script type=\"application\/ld+json\" class=\"yoast-schema-graph\">{\"@context\":\"https:\/\/schema.org\",\"@graph\":[{\"@type\":\"WebPage\",\"@id\":\"https:\/\/camvi.pl\/produkty\/kamera-ip-4-mpx-cv-ipt2428-dl-ai-g\/\",\"url\":\"https:\/\/camvi.pl\/produkty\/kamera-ip-4-mpx-cv-ipt2428-dl-ai-g\/\",\"name\":\"Kamera IP 4 Mpx CV-IPT2428-DL-AI-G - camvi.pl\",\"isPartOf\":{\"@id\":\"https:\/\/camvi.pl\/#website\"},\"primaryImageOfPage\":{\"@id\":\"https:\/\/camvi.pl\/produkty\/kamera-ip-4-mpx-cv-ipt2428-dl-ai-g\/#primaryimage\"},\"image\":{\"@id\":\"https:\/\/camvi.pl\/produkty\/kamera-ip-4-mpx-cv-ipt2428-dl-ai-g\/#primaryimage\"},\"thumbnailUrl\":\"https:\/\/camvi.pl\/wp-content\/uploads\/2024\/02\/IPT2428-Dl-S4-GL.png\",\"datePublished\":\"2024-02-20T19:24:39+00:00\",\"dateModified\":\"2024-03-04T12:43:13+00:00\",\"breadcrumb\":{\"@id\":\"https:\/\/camvi.pl\/produkty\/kamera-ip-4-mpx-cv-ipt2428-dl-ai-g\/#breadcrumb\"},\"inLanguage\":\"en-GB\",\"potentialAction\":[{\"@type\":\"ReadAction\",\"target\":[\"https:\/\/camvi.pl\/produkty\/kamera-ip-4-mpx-cv-ipt2428-dl-ai-g\/\"]}]},{\"@type\":\"ImageObject\",\"inLanguage\":\"en-GB\",\"@id\":\"https:\/\/camvi.pl\/produkty\/kamera-ip-4-mpx-cv-ipt2428-dl-ai-g\/#primaryimage\",\"url\":\"https:\/\/camvi.pl\/wp-content\/uploads\/2024\/02\/IPT2428-Dl-S4-GL.png\",\"contentUrl\":\"https:\/\/camvi.pl\/wp-content\/uploads\/2024\/02\/IPT2428-Dl-S4-GL.png\",\"width\":2500,\"height\":1746},{\"@type\":\"BreadcrumbList\",\"@id\":\"https:\/\/camvi.pl\/produkty\/kamera-ip-4-mpx-cv-ipt2428-dl-ai-g\/#breadcrumb\",\"itemListElement\":[{\"@type\":\"ListItem\",\"position\":1,\"name\":\"Strona g\u0142\u00f3wna\",\"item\":\"https:\/\/camvi.pl\/\"},{\"@type\":\"ListItem\",\"position\":2,\"name\":\"Produkty\",\"item\":\"https:\/\/camvi.pl\/produkty\/\"},{\"@type\":\"ListItem\",\"position\":3,\"name\":\"Kamera IP 4 Mpx CV-IPT2428-DL-AI-G\"}]},{\"@type\":\"WebSite\",\"@id\":\"https:\/\/camvi.pl\/#website\",\"url\":\"https:\/\/camvi.pl\/\",\"name\":\"camvi.pl\",\"description\":\"Camvi marka kamer IP\",\"potentialAction\":[{\"@type\":\"SearchAction\",\"target\":{\"@type\":\"EntryPoint\",\"urlTemplate\":\"https:\/\/camvi.pl\/?s={search_term_string}\"},\"query-input\":\"required name=search_term_string\"}],\"inLanguage\":\"en-GB\"}]}<\/script>\n<!-- \/ Yoast SEO plugin. -->","yoast_head_json":{"title":"Kamera IP 4 Mpx CV-IPT2428-DL-AI-G - camvi.pl","robots":{"index":"index","follow":"follow","max-snippet":"max-snippet:-1","max-image-preview":"max-image-preview:large","max-video-preview":"max-video-preview:-1"},"canonical":"https:\/\/camvi.pl\/en\/produkty\/kamera-ip-4-mpx-cv-ipt2428-dl-ai-g\/","og_locale":"en_GB","og_type":"article","og_title":"Kamera IP 4 Mpx CV-IPT2428-DL-AI-G - camvi.pl","og_description":"Kamera IP\u00a04 Mpx  Obiektyw 2.8 mm  Inteligentna Analiza obrazu  Dual\u00a0:IR do\u00a030 m\u00a0, \u015bwiat\u0142o bia\u0142e do\u00a030 m  3D DNR, WDR 120dB, HLC, BLC, smart IR. itp  funkcje AI: ochrona perymetryczna, klasyfikacja wykrytego obiektu (cz\u0142owiek\/pojazd)  Czu\u0142o\u015b\u0107: 0.005lux @ F1.6 (AGC ON), 0lux (LED ON)  Klasa szczelno\u015bci\u00a0IP67  Wbudowany\u00a0slot kart SD\u00a0do 256GB  Wbudowany mikrofon; 1-kana\u0142owe wej\u015bcie audio  Zasilanie\u00a0DC12V\/PoE  Obs\u0142uga 3 strumieni  Zdalny dost\u0119p z urz\u0105dze\u0144 mobilnych IOS i Android OS  Kompresja\u00a0H.265+ \/ H.265 \/ H.264+ \/ H.264  Automatyczny prze\u0142\u0105cznik ICR  obs\u0142uga:\u00a0ONVIF, API, RTMP","og_url":"https:\/\/camvi.pl\/en\/produkty\/kamera-ip-4-mpx-cv-ipt2428-dl-ai-g\/","og_site_name":"camvi.pl","article_modified_time":"2024-03-04T12:43:13+00:00","og_image":[{"width":2500,"height":1746,"url":"https:\/\/camvi.pl\/wp-content\/uploads\/2024\/02\/IPT2428-Dl-S4-GL.png","type":"image\/png"}],"twitter_card":"summary_large_image","twitter_misc":{"Estimated reading time":"1 minute"},"schema":{"@context":"https:\/\/schema.org","@graph":[{"@type":"WebPage","@id":"https:\/\/camvi.pl\/produkty\/kamera-ip-4-mpx-cv-ipt2428-dl-ai-g\/","url":"https:\/\/camvi.pl\/produkty\/kamera-ip-4-mpx-cv-ipt2428-dl-ai-g\/","name":"Kamera IP 4 Mpx CV-IPT2428-DL-AI-G - camvi.pl","isPartOf":{"@id":"https:\/\/camvi.pl\/#website"},"primaryImageOfPage":{"@id":"https:\/\/camvi.pl\/produkty\/kamera-ip-4-mpx-cv-ipt2428-dl-ai-g\/#primaryimage"},"image":{"@id":"https:\/\/camvi.pl\/produkty\/kamera-ip-4-mpx-cv-ipt2428-dl-ai-g\/#primaryimage"},"thumbnailUrl":"https:\/\/camvi.pl\/wp-content\/uploads\/2024\/02\/IPT2428-Dl-S4-GL.png","datePublished":"2024-02-20T19:24:39+00:00","dateModified":"2024-03-04T12:43:13+00:00","breadcrumb":{"@id":"https:\/\/camvi.pl\/produkty\/kamera-ip-4-mpx-cv-ipt2428-dl-ai-g\/#breadcrumb"},"inLanguage":"en-GB","potentialAction":[{"@type":"ReadAction","target":["https:\/\/camvi.pl\/produkty\/kamera-ip-4-mpx-cv-ipt2428-dl-ai-g\/"]}]},{"@type":"ImageObject","inLanguage":"en-GB","@id":"https:\/\/camvi.pl\/produkty\/kamera-ip-4-mpx-cv-ipt2428-dl-ai-g\/#primaryimage","url":"https:\/\/camvi.pl\/wp-content\/uploads\/2024\/02\/IPT2428-Dl-S4-GL.png","contentUrl":"https:\/\/camvi.pl\/wp-content\/uploads\/2024\/02\/IPT2428-Dl-S4-GL.png","width":2500,"height":1746},{"@type":"BreadcrumbList","@id":"https:\/\/camvi.pl\/produkty\/kamera-ip-4-mpx-cv-ipt2428-dl-ai-g\/#breadcrumb","itemListElement":[{"@type":"ListItem","position":1,"name":"Strona g\u0142\u00f3wna","item":"https:\/\/camvi.pl\/"},{"@type":"ListItem","position":2,"name":"Produkty","item":"https:\/\/camvi.pl\/produkty\/"},{"@type":"ListItem","position":3,"name":"Kamera IP 4 Mpx CV-IPT2428-DL-AI-G"}]},{"@type":"WebSite","@id":"https:\/\/camvi.pl\/#website","url":"https:\/\/camvi.pl\/","name":"camvi.pl","description":"Camvi marka kamer IP","potentialAction":[{"@type":"SearchAction","target":{"@type":"EntryPoint","urlTemplate":"https:\/\/camvi.pl\/?s={search_term_string}"},"query-input":"required name=search_term_string"}],"inLanguage":"en-GB"}]}},"_links":{"self":[{"href":"https:\/\/camvi.pl\/en\/wp-json\/wp\/v2\/product\/2032","targetHints":{"allow":["GET"]}}],"collection":[{"href":"https:\/\/camvi.pl\/en\/wp-json\/wp\/v2\/product"}],"about":[{"href":"https:\/\/camvi.pl\/en\/wp-json\/wp\/v2\/types\/product"}],"wp:featuredmedia":[{"embeddable":true,"href":"https:\/\/camvi.pl\/en\/wp-json\/wp\/v2\/media\/2037"}],"wp:attachment":[{"href":"https:\/\/camvi.pl\/en\/wp-json\/wp\/v2\/media?parent=2032"}],"wp:term":[{"taxonomy":"product_cat","embeddable":true,"href":"https:\/\/camvi.pl\/en\/wp-json\/wp\/v2\/product_cat?post=2032"},{"taxonomy":"product_tag","embeddable":true,"href":"https:\/\/camvi.pl\/en\/wp-json\/wp\/v2\/product_tag?post=2032"}],"curies":[{"name":"wp","href":"https:\/\/api.w.org\/{rel}","templated":true}]}}