{"id":2033,"date":"2024-02-20T20:16:41","date_gmt":"2024-02-20T19:16:41","guid":{"rendered":"https:\/\/camvi.pl\/?post_type=product&#038;p=2033"},"modified":"2024-03-04T13:44:47","modified_gmt":"2024-03-04T12:44:47","slug":"kamera-ip-4-mpx-cv-ipt1428-dl-s4","status":"publish","type":"product","link":"https:\/\/camvi.pl\/en\/produkty\/kamera-ip-4-mpx-cv-ipt1428-dl-s4\/","title":{"rendered":"Kamera IP 4 Mpx CV-IPT1428-DL-S4"},"content":{"rendered":"","protected":false},"excerpt":{"rendered":"<ul>\n<li><strong>4 Mpx IP<\/strong>\u00a0Kamera<\/li>\n<li>Obiektyw\u00a0<strong>2.8 mm<\/strong><\/li>\n<li><strong>Intelligent Image Analysis<\/strong><\/li>\n<li>Dual\u00a0:IR do\u00a0<strong>20<\/strong>\u00a0m , \u015bwiat\u0142o bia\u0142e do 20 m<\/li>\n<li>3D DNR, Cyfrowy WDR, HLC, BLC, smart IR, ROI itp<\/li>\n<li><strong>Funkcje AI: ochrona perymetryczna, klasyfikacja wykrytego obiektu (cz\u0142owiek)<\/strong><\/li>\n<li><b>Czu\u0142o\u015b\u0107 0.03 lux @F1.6, AGC ON; 0 lux z IR<\/b><\/li>\n<li>Wbudowany<strong>\u00a0Microphone<\/strong><\/li>\n<li>Zasilanie DC12V\/<strong>PoE<\/strong><\/li>\n<li>Klasa szczelno\u015bci<strong>\u00a0IP67<\/strong><\/li>\n<li>Obs\u0142uga\u00a0<strong>3 strumieni<\/strong><\/li>\n<li>Zdalny dost\u0119p z urz\u0105dze\u0144 mobilnych\u00a0IOS i Android OS<\/li>\n<li>Kompresja\u00a0<strong>H.265<\/strong>\/H.264\/MJPG<\/li>\n<li>Automatic ICR switch<\/li>\n<\/ul>","protected":false},"featured_media":2039,"template":"","meta":[],"product_cat":[20],"product_tag":[],"class_list":{"0":"post-2033","1":"product","2":"type-product","3":"status-publish","4":"has-post-thumbnail","6":"product_cat-kamery-ip","8":"first","9":"instock","10":"downloadable","11":"shipping-taxable","12":"product-type-simple"},"yoast_head":"<!-- This site is optimized with the Yoast SEO plugin v22.9 - https:\/\/yoast.com\/wordpress\/plugins\/seo\/ -->\n<title>Kamera IP 4 Mpx CV-IPT1428-DL-S4 - camvi.pl<\/title>\n<meta name=\"robots\" content=\"index, follow, max-snippet:-1, max-image-preview:large, max-video-preview:-1\" \/>\n<link rel=\"canonical\" href=\"https:\/\/camvi.pl\/en\/produkty\/kamera-ip-4-mpx-cv-ipt1428-dl-s4\/\" \/>\n<meta property=\"og:locale\" content=\"en_GB\" \/>\n<meta property=\"og:type\" content=\"article\" \/>\n<meta property=\"og:title\" content=\"Kamera IP 4 Mpx CV-IPT1428-DL-S4 - camvi.pl\" \/>\n<meta property=\"og:description\" content=\"4 Mpx IP\u00a0Kamera  Obiektyw\u00a02.8 mm  Inteligentna Analiza obrazu  Dual\u00a0:IR do\u00a020\u00a0m , \u015bwiat\u0142o bia\u0142e do 20 m  3D DNR, Cyfrowy WDR, HLC, BLC, smart IR, ROI itp  Funkcje AI: ochrona perymetryczna, klasyfikacja wykrytego obiektu (cz\u0142owiek)  Czu\u0142o\u015b\u0107 0.03 lux @F1.6, AGC ON; 0 lux z IR  Wbudowany\u00a0Mikrofon  Zasilanie DC12V\/PoE  Klasa szczelno\u015bci\u00a0IP67  Obs\u0142uga\u00a03 strumieni  Zdalny dost\u0119p z urz\u0105dze\u0144 mobilnych\u00a0IOS i Android OS  Kompresja\u00a0H.265\/H.264\/MJPG  Automatyczny prze\u0142\u0105cznik ICR\" \/>\n<meta property=\"og:url\" content=\"https:\/\/camvi.pl\/en\/produkty\/kamera-ip-4-mpx-cv-ipt1428-dl-s4\/\" \/>\n<meta property=\"og:site_name\" content=\"camvi.pl\" \/>\n<meta property=\"article:modified_time\" content=\"2024-03-04T12:44:47+00:00\" \/>\n<meta property=\"og:image\" content=\"https:\/\/camvi.pl\/wp-content\/uploads\/2024\/02\/IPT1428-DL.png\" \/>\n\t<meta property=\"og:image:width\" content=\"1468\" \/>\n\t<meta property=\"og:image:height\" content=\"1309\" \/>\n\t<meta property=\"og:image:type\" content=\"image\/png\" \/>\n<meta name=\"twitter:card\" content=\"summary_large_image\" \/>\n<meta name=\"twitter:label1\" content=\"Estimated reading time\" \/>\n\t<meta name=\"twitter:data1\" content=\"1 minute\" \/>\n<script type=\"application\/ld+json\" class=\"yoast-schema-graph\">{\"@context\":\"https:\/\/schema.org\",\"@graph\":[{\"@type\":\"WebPage\",\"@id\":\"https:\/\/camvi.pl\/produkty\/kamera-ip-4-mpx-cv-ipt1428-dl-s4\/\",\"url\":\"https:\/\/camvi.pl\/produkty\/kamera-ip-4-mpx-cv-ipt1428-dl-s4\/\",\"name\":\"Kamera IP 4 Mpx CV-IPT1428-DL-S4 - camvi.pl\",\"isPartOf\":{\"@id\":\"https:\/\/camvi.pl\/#website\"},\"primaryImageOfPage\":{\"@id\":\"https:\/\/camvi.pl\/produkty\/kamera-ip-4-mpx-cv-ipt1428-dl-s4\/#primaryimage\"},\"image\":{\"@id\":\"https:\/\/camvi.pl\/produkty\/kamera-ip-4-mpx-cv-ipt1428-dl-s4\/#primaryimage\"},\"thumbnailUrl\":\"https:\/\/camvi.pl\/wp-content\/uploads\/2024\/02\/IPT1428-DL.png\",\"datePublished\":\"2024-02-20T19:16:41+00:00\",\"dateModified\":\"2024-03-04T12:44:47+00:00\",\"breadcrumb\":{\"@id\":\"https:\/\/camvi.pl\/produkty\/kamera-ip-4-mpx-cv-ipt1428-dl-s4\/#breadcrumb\"},\"inLanguage\":\"en-GB\",\"potentialAction\":[{\"@type\":\"ReadAction\",\"target\":[\"https:\/\/camvi.pl\/produkty\/kamera-ip-4-mpx-cv-ipt1428-dl-s4\/\"]}]},{\"@type\":\"ImageObject\",\"inLanguage\":\"en-GB\",\"@id\":\"https:\/\/camvi.pl\/produkty\/kamera-ip-4-mpx-cv-ipt1428-dl-s4\/#primaryimage\",\"url\":\"https:\/\/camvi.pl\/wp-content\/uploads\/2024\/02\/IPT1428-DL.png\",\"contentUrl\":\"https:\/\/camvi.pl\/wp-content\/uploads\/2024\/02\/IPT1428-DL.png\",\"width\":1468,\"height\":1309},{\"@type\":\"BreadcrumbList\",\"@id\":\"https:\/\/camvi.pl\/produkty\/kamera-ip-4-mpx-cv-ipt1428-dl-s4\/#breadcrumb\",\"itemListElement\":[{\"@type\":\"ListItem\",\"position\":1,\"name\":\"Strona g\u0142\u00f3wna\",\"item\":\"https:\/\/camvi.pl\/\"},{\"@type\":\"ListItem\",\"position\":2,\"name\":\"Produkty\",\"item\":\"https:\/\/camvi.pl\/produkty\/\"},{\"@type\":\"ListItem\",\"position\":3,\"name\":\"Kamera IP 4 Mpx CV-IPT1428-DL-S4\"}]},{\"@type\":\"WebSite\",\"@id\":\"https:\/\/camvi.pl\/#website\",\"url\":\"https:\/\/camvi.pl\/\",\"name\":\"camvi.pl\",\"description\":\"Camvi marka kamer IP\",\"potentialAction\":[{\"@type\":\"SearchAction\",\"target\":{\"@type\":\"EntryPoint\",\"urlTemplate\":\"https:\/\/camvi.pl\/?s={search_term_string}\"},\"query-input\":\"required name=search_term_string\"}],\"inLanguage\":\"en-GB\"}]}<\/script>\n<!-- \/ Yoast SEO plugin. -->","yoast_head_json":{"title":"Kamera IP 4 Mpx CV-IPT1428-DL-S4 - camvi.pl","robots":{"index":"index","follow":"follow","max-snippet":"max-snippet:-1","max-image-preview":"max-image-preview:large","max-video-preview":"max-video-preview:-1"},"canonical":"https:\/\/camvi.pl\/en\/produkty\/kamera-ip-4-mpx-cv-ipt1428-dl-s4\/","og_locale":"en_GB","og_type":"article","og_title":"Kamera IP 4 Mpx CV-IPT1428-DL-S4 - camvi.pl","og_description":"4 Mpx IP\u00a0Kamera  Obiektyw\u00a02.8 mm  Inteligentna Analiza obrazu  Dual\u00a0:IR do\u00a020\u00a0m , \u015bwiat\u0142o bia\u0142e do 20 m  3D DNR, Cyfrowy WDR, HLC, BLC, smart IR, ROI itp  Funkcje AI: ochrona perymetryczna, klasyfikacja wykrytego obiektu (cz\u0142owiek)  Czu\u0142o\u015b\u0107 0.03 lux @F1.6, AGC ON; 0 lux z IR  Wbudowany\u00a0Mikrofon  Zasilanie DC12V\/PoE  Klasa szczelno\u015bci\u00a0IP67  Obs\u0142uga\u00a03 strumieni  Zdalny dost\u0119p z urz\u0105dze\u0144 mobilnych\u00a0IOS i Android OS  Kompresja\u00a0H.265\/H.264\/MJPG  Automatyczny prze\u0142\u0105cznik ICR","og_url":"https:\/\/camvi.pl\/en\/produkty\/kamera-ip-4-mpx-cv-ipt1428-dl-s4\/","og_site_name":"camvi.pl","article_modified_time":"2024-03-04T12:44:47+00:00","og_image":[{"width":1468,"height":1309,"url":"https:\/\/camvi.pl\/wp-content\/uploads\/2024\/02\/IPT1428-DL.png","type":"image\/png"}],"twitter_card":"summary_large_image","twitter_misc":{"Estimated reading time":"1 minute"},"schema":{"@context":"https:\/\/schema.org","@graph":[{"@type":"WebPage","@id":"https:\/\/camvi.pl\/produkty\/kamera-ip-4-mpx-cv-ipt1428-dl-s4\/","url":"https:\/\/camvi.pl\/produkty\/kamera-ip-4-mpx-cv-ipt1428-dl-s4\/","name":"Kamera IP 4 Mpx CV-IPT1428-DL-S4 - camvi.pl","isPartOf":{"@id":"https:\/\/camvi.pl\/#website"},"primaryImageOfPage":{"@id":"https:\/\/camvi.pl\/produkty\/kamera-ip-4-mpx-cv-ipt1428-dl-s4\/#primaryimage"},"image":{"@id":"https:\/\/camvi.pl\/produkty\/kamera-ip-4-mpx-cv-ipt1428-dl-s4\/#primaryimage"},"thumbnailUrl":"https:\/\/camvi.pl\/wp-content\/uploads\/2024\/02\/IPT1428-DL.png","datePublished":"2024-02-20T19:16:41+00:00","dateModified":"2024-03-04T12:44:47+00:00","breadcrumb":{"@id":"https:\/\/camvi.pl\/produkty\/kamera-ip-4-mpx-cv-ipt1428-dl-s4\/#breadcrumb"},"inLanguage":"en-GB","potentialAction":[{"@type":"ReadAction","target":["https:\/\/camvi.pl\/produkty\/kamera-ip-4-mpx-cv-ipt1428-dl-s4\/"]}]},{"@type":"ImageObject","inLanguage":"en-GB","@id":"https:\/\/camvi.pl\/produkty\/kamera-ip-4-mpx-cv-ipt1428-dl-s4\/#primaryimage","url":"https:\/\/camvi.pl\/wp-content\/uploads\/2024\/02\/IPT1428-DL.png","contentUrl":"https:\/\/camvi.pl\/wp-content\/uploads\/2024\/02\/IPT1428-DL.png","width":1468,"height":1309},{"@type":"BreadcrumbList","@id":"https:\/\/camvi.pl\/produkty\/kamera-ip-4-mpx-cv-ipt1428-dl-s4\/#breadcrumb","itemListElement":[{"@type":"ListItem","position":1,"name":"Strona g\u0142\u00f3wna","item":"https:\/\/camvi.pl\/"},{"@type":"ListItem","position":2,"name":"Produkty","item":"https:\/\/camvi.pl\/produkty\/"},{"@type":"ListItem","position":3,"name":"Kamera IP 4 Mpx CV-IPT1428-DL-S4"}]},{"@type":"WebSite","@id":"https:\/\/camvi.pl\/#website","url":"https:\/\/camvi.pl\/","name":"camvi.pl","description":"Camvi marka kamer IP","potentialAction":[{"@type":"SearchAction","target":{"@type":"EntryPoint","urlTemplate":"https:\/\/camvi.pl\/?s={search_term_string}"},"query-input":"required name=search_term_string"}],"inLanguage":"en-GB"}]}},"_links":{"self":[{"href":"https:\/\/camvi.pl\/en\/wp-json\/wp\/v2\/product\/2033","targetHints":{"allow":["GET"]}}],"collection":[{"href":"https:\/\/camvi.pl\/en\/wp-json\/wp\/v2\/product"}],"about":[{"href":"https:\/\/camvi.pl\/en\/wp-json\/wp\/v2\/types\/product"}],"wp:featuredmedia":[{"embeddable":true,"href":"https:\/\/camvi.pl\/en\/wp-json\/wp\/v2\/media\/2039"}],"wp:attachment":[{"href":"https:\/\/camvi.pl\/en\/wp-json\/wp\/v2\/media?parent=2033"}],"wp:term":[{"taxonomy":"product_cat","embeddable":true,"href":"https:\/\/camvi.pl\/en\/wp-json\/wp\/v2\/product_cat?post=2033"},{"taxonomy":"product_tag","embeddable":true,"href":"https:\/\/camvi.pl\/en\/wp-json\/wp\/v2\/product_tag?post=2033"}],"curies":[{"name":"wp","href":"https:\/\/api.w.org\/{rel}","templated":true}]}}