{"id":255,"date":"2022-05-04T14:24:53","date_gmt":"2022-05-04T14:24:53","guid":{"rendered":"https:\/\/demo.creativethemes.com\/blocksy\/gadgets\/?post_type=product&#038;p=255"},"modified":"2024-03-04T15:41:06","modified_gmt":"2024-03-04T14:41:06","slug":"kamera-ip-4-mpx-cv-ipb2428-a-fc","status":"publish","type":"product","link":"https:\/\/camvi.pl\/en\/produkty\/kamera-ip-4-mpx-cv-ipb2428-a-fc\/","title":{"rendered":"IP 4 Mpx CV-IPB2428-A-FC Camera"},"content":{"rendered":"","protected":false},"excerpt":{"rendered":"<ul>\n<li><strong>4 Mpx IP<\/strong>\u00a0Kamera<\/li>\n<li>Obiektyw\u00a0<strong>2.8 mm<\/strong><\/li>\n<li><strong>Intelligent Image Analysis<\/strong><\/li>\n<li><strong>IR LED white light up to 30m<\/strong><\/li>\n<li><b>Czu\u0142o\u015b\u0107 0.03 lux @F1.6, AGC ON; 0 lux z IR<\/b><\/li>\n<li><strong>Kolorowy<\/strong>\u00a0obraz\u00a0<strong>24\/7<\/strong><\/li>\n<li>3D DNR,\u00a0<strong>WDR 120dB<\/strong>, HLC I BLC, ROI<\/li>\n<li>Klasa szczelno\u015bci\u00a0<strong>IP67<\/strong><\/li>\n<li>Wbudowany<strong> slot kart SD,<\/strong>\u00a0<strong>do 256 GB<\/strong><\/li>\n<li>Zasilanie<strong> DC 12V\/PoE<\/strong><\/li>\n<li>Obs\u0142uga\u00a0<strong>3 strumieni<\/strong><\/li>\n<li>Zdalny dost\u0119p z urz\u0105dze\u0144 mobilnych IOS i Android OS<\/li>\n<li>Kompresja\u00a0<strong>H.265\/H.264\/MJPG<\/strong><\/li>\n<\/ul>","protected":false},"featured_media":1674,"template":"","meta":[],"product_cat":[20,22],"product_tag":[],"class_list":{"0":"post-255","1":"product","2":"type-product","3":"status-publish","4":"has-post-thumbnail","6":"product_cat-kamery-ip","7":"product_cat-kamery-ip-full-color","9":"first","10":"instock","11":"downloadable","12":"shipping-taxable","13":"product-type-simple"},"yoast_head":"<!-- This site is optimized with the Yoast SEO plugin v22.9 - https:\/\/yoast.com\/wordpress\/plugins\/seo\/ -->\n<title>Kamera IP 4 Mpx CV-IPB2428-A-FC - camvi.pl<\/title>\n<meta name=\"robots\" content=\"index, follow, max-snippet:-1, max-image-preview:large, max-video-preview:-1\" \/>\n<link rel=\"canonical\" href=\"https:\/\/camvi.pl\/en\/produkty\/kamera-ip-4-mpx-cv-ipb2428-a-fc\/\" \/>\n<meta property=\"og:locale\" content=\"en_GB\" \/>\n<meta property=\"og:type\" content=\"article\" \/>\n<meta property=\"og:title\" content=\"Kamera IP 4 Mpx CV-IPB2428-A-FC - camvi.pl\" \/>\n<meta property=\"og:description\" content=\"4 Mpx IP\u00a0Kamera  Obiektyw\u00a02.8 mm  Inteligentna Analiza obrazu  IR LED bia\u0142e \u015bwiat\u0142o do 30m  Czu\u0142o\u015b\u0107 0.03 lux @F1.6, AGC ON; 0 lux z IR  Kolorowy\u00a0obraz\u00a024\/7  3D DNR,\u00a0WDR 120dB, HLC I BLC, ROI  Klasa szczelno\u015bci\u00a0IP67  Wbudowany slot kart SD,\u00a0do 256 GB  Zasilanie DC 12V\/PoE  Obs\u0142uga\u00a03 strumieni  Zdalny dost\u0119p z urz\u0105dze\u0144 mobilnych IOS i Android OS  Kompresja\u00a0H.265\/H.264\/MJPG\" \/>\n<meta property=\"og:url\" content=\"https:\/\/camvi.pl\/en\/produkty\/kamera-ip-4-mpx-cv-ipb2428-a-fc\/\" \/>\n<meta property=\"og:site_name\" content=\"camvi.pl\" \/>\n<meta property=\"article:modified_time\" content=\"2024-03-04T14:41:06+00:00\" \/>\n<meta property=\"og:image\" content=\"https:\/\/camvi.pl\/wp-content\/uploads\/2022\/05\/CR15F-CV-IPB2428-A-FC.png\" \/>\n\t<meta property=\"og:image:width\" content=\"1920\" \/>\n\t<meta property=\"og:image:height\" content=\"1341\" \/>\n\t<meta property=\"og:image:type\" content=\"image\/png\" \/>\n<meta name=\"twitter:card\" content=\"summary_large_image\" \/>\n<meta name=\"twitter:label1\" content=\"Estimated reading time\" \/>\n\t<meta name=\"twitter:data1\" content=\"1 minute\" \/>\n<script type=\"application\/ld+json\" class=\"yoast-schema-graph\">{\"@context\":\"https:\/\/schema.org\",\"@graph\":[{\"@type\":\"WebPage\",\"@id\":\"https:\/\/camvi.pl\/produkty\/kamera-ip-4-mpx-cv-ipb2428-a-fc\/\",\"url\":\"https:\/\/camvi.pl\/produkty\/kamera-ip-4-mpx-cv-ipb2428-a-fc\/\",\"name\":\"Kamera IP 4 Mpx CV-IPB2428-A-FC - camvi.pl\",\"isPartOf\":{\"@id\":\"https:\/\/camvi.pl\/#website\"},\"primaryImageOfPage\":{\"@id\":\"https:\/\/camvi.pl\/produkty\/kamera-ip-4-mpx-cv-ipb2428-a-fc\/#primaryimage\"},\"image\":{\"@id\":\"https:\/\/camvi.pl\/produkty\/kamera-ip-4-mpx-cv-ipb2428-a-fc\/#primaryimage\"},\"thumbnailUrl\":\"https:\/\/camvi.pl\/wp-content\/uploads\/2022\/05\/CR15F-CV-IPB2428-A-FC.png\",\"datePublished\":\"2022-05-04T14:24:53+00:00\",\"dateModified\":\"2024-03-04T14:41:06+00:00\",\"breadcrumb\":{\"@id\":\"https:\/\/camvi.pl\/produkty\/kamera-ip-4-mpx-cv-ipb2428-a-fc\/#breadcrumb\"},\"inLanguage\":\"en-GB\",\"potentialAction\":[{\"@type\":\"ReadAction\",\"target\":[\"https:\/\/camvi.pl\/produkty\/kamera-ip-4-mpx-cv-ipb2428-a-fc\/\"]}]},{\"@type\":\"ImageObject\",\"inLanguage\":\"en-GB\",\"@id\":\"https:\/\/camvi.pl\/produkty\/kamera-ip-4-mpx-cv-ipb2428-a-fc\/#primaryimage\",\"url\":\"https:\/\/camvi.pl\/wp-content\/uploads\/2022\/05\/CR15F-CV-IPB2428-A-FC.png\",\"contentUrl\":\"https:\/\/camvi.pl\/wp-content\/uploads\/2022\/05\/CR15F-CV-IPB2428-A-FC.png\",\"width\":1920,\"height\":1341,\"caption\":\"Kamera IP 4 Mpx CV-IPB2428-A-FC\"},{\"@type\":\"BreadcrumbList\",\"@id\":\"https:\/\/camvi.pl\/produkty\/kamera-ip-4-mpx-cv-ipb2428-a-fc\/#breadcrumb\",\"itemListElement\":[{\"@type\":\"ListItem\",\"position\":1,\"name\":\"Strona g\u0142\u00f3wna\",\"item\":\"https:\/\/camvi.pl\/\"},{\"@type\":\"ListItem\",\"position\":2,\"name\":\"Produkty\",\"item\":\"https:\/\/camvi.pl\/produkty\/\"},{\"@type\":\"ListItem\",\"position\":3,\"name\":\"Kamera IP 4 Mpx CV-IPB2428-A-FC\"}]},{\"@type\":\"WebSite\",\"@id\":\"https:\/\/camvi.pl\/#website\",\"url\":\"https:\/\/camvi.pl\/\",\"name\":\"camvi.pl\",\"description\":\"Camvi marka kamer IP\",\"potentialAction\":[{\"@type\":\"SearchAction\",\"target\":{\"@type\":\"EntryPoint\",\"urlTemplate\":\"https:\/\/camvi.pl\/?s={search_term_string}\"},\"query-input\":\"required name=search_term_string\"}],\"inLanguage\":\"en-GB\"}]}<\/script>\n<!-- \/ Yoast SEO plugin. -->","yoast_head_json":{"title":"Kamera IP 4 Mpx CV-IPB2428-A-FC - camvi.pl","robots":{"index":"index","follow":"follow","max-snippet":"max-snippet:-1","max-image-preview":"max-image-preview:large","max-video-preview":"max-video-preview:-1"},"canonical":"https:\/\/camvi.pl\/en\/produkty\/kamera-ip-4-mpx-cv-ipb2428-a-fc\/","og_locale":"en_GB","og_type":"article","og_title":"Kamera IP 4 Mpx CV-IPB2428-A-FC - camvi.pl","og_description":"4 Mpx IP\u00a0Kamera  Obiektyw\u00a02.8 mm  Inteligentna Analiza obrazu  IR LED bia\u0142e \u015bwiat\u0142o do 30m  Czu\u0142o\u015b\u0107 0.03 lux @F1.6, AGC ON; 0 lux z IR  Kolorowy\u00a0obraz\u00a024\/7  3D DNR,\u00a0WDR 120dB, HLC I BLC, ROI  Klasa szczelno\u015bci\u00a0IP67  Wbudowany slot kart SD,\u00a0do 256 GB  Zasilanie DC 12V\/PoE  Obs\u0142uga\u00a03 strumieni  Zdalny dost\u0119p z urz\u0105dze\u0144 mobilnych IOS i Android OS  Kompresja\u00a0H.265\/H.264\/MJPG","og_url":"https:\/\/camvi.pl\/en\/produkty\/kamera-ip-4-mpx-cv-ipb2428-a-fc\/","og_site_name":"camvi.pl","article_modified_time":"2024-03-04T14:41:06+00:00","og_image":[{"width":1920,"height":1341,"url":"https:\/\/camvi.pl\/wp-content\/uploads\/2022\/05\/CR15F-CV-IPB2428-A-FC.png","type":"image\/png"}],"twitter_card":"summary_large_image","twitter_misc":{"Estimated reading time":"1 minute"},"schema":{"@context":"https:\/\/schema.org","@graph":[{"@type":"WebPage","@id":"https:\/\/camvi.pl\/produkty\/kamera-ip-4-mpx-cv-ipb2428-a-fc\/","url":"https:\/\/camvi.pl\/produkty\/kamera-ip-4-mpx-cv-ipb2428-a-fc\/","name":"Kamera IP 4 Mpx CV-IPB2428-A-FC - camvi.pl","isPartOf":{"@id":"https:\/\/camvi.pl\/#website"},"primaryImageOfPage":{"@id":"https:\/\/camvi.pl\/produkty\/kamera-ip-4-mpx-cv-ipb2428-a-fc\/#primaryimage"},"image":{"@id":"https:\/\/camvi.pl\/produkty\/kamera-ip-4-mpx-cv-ipb2428-a-fc\/#primaryimage"},"thumbnailUrl":"https:\/\/camvi.pl\/wp-content\/uploads\/2022\/05\/CR15F-CV-IPB2428-A-FC.png","datePublished":"2022-05-04T14:24:53+00:00","dateModified":"2024-03-04T14:41:06+00:00","breadcrumb":{"@id":"https:\/\/camvi.pl\/produkty\/kamera-ip-4-mpx-cv-ipb2428-a-fc\/#breadcrumb"},"inLanguage":"en-GB","potentialAction":[{"@type":"ReadAction","target":["https:\/\/camvi.pl\/produkty\/kamera-ip-4-mpx-cv-ipb2428-a-fc\/"]}]},{"@type":"ImageObject","inLanguage":"en-GB","@id":"https:\/\/camvi.pl\/produkty\/kamera-ip-4-mpx-cv-ipb2428-a-fc\/#primaryimage","url":"https:\/\/camvi.pl\/wp-content\/uploads\/2022\/05\/CR15F-CV-IPB2428-A-FC.png","contentUrl":"https:\/\/camvi.pl\/wp-content\/uploads\/2022\/05\/CR15F-CV-IPB2428-A-FC.png","width":1920,"height":1341,"caption":"Kamera IP 4 Mpx CV-IPB2428-A-FC"},{"@type":"BreadcrumbList","@id":"https:\/\/camvi.pl\/produkty\/kamera-ip-4-mpx-cv-ipb2428-a-fc\/#breadcrumb","itemListElement":[{"@type":"ListItem","position":1,"name":"Strona g\u0142\u00f3wna","item":"https:\/\/camvi.pl\/"},{"@type":"ListItem","position":2,"name":"Produkty","item":"https:\/\/camvi.pl\/produkty\/"},{"@type":"ListItem","position":3,"name":"Kamera IP 4 Mpx CV-IPB2428-A-FC"}]},{"@type":"WebSite","@id":"https:\/\/camvi.pl\/#website","url":"https:\/\/camvi.pl\/","name":"camvi.pl","description":"Camvi marka kamer IP","potentialAction":[{"@type":"SearchAction","target":{"@type":"EntryPoint","urlTemplate":"https:\/\/camvi.pl\/?s={search_term_string}"},"query-input":"required name=search_term_string"}],"inLanguage":"en-GB"}]}},"_links":{"self":[{"href":"https:\/\/camvi.pl\/en\/wp-json\/wp\/v2\/product\/255","targetHints":{"allow":["GET"]}}],"collection":[{"href":"https:\/\/camvi.pl\/en\/wp-json\/wp\/v2\/product"}],"about":[{"href":"https:\/\/camvi.pl\/en\/wp-json\/wp\/v2\/types\/product"}],"wp:featuredmedia":[{"embeddable":true,"href":"https:\/\/camvi.pl\/en\/wp-json\/wp\/v2\/media\/1674"}],"wp:attachment":[{"href":"https:\/\/camvi.pl\/en\/wp-json\/wp\/v2\/media?parent=255"}],"wp:term":[{"taxonomy":"product_cat","embeddable":true,"href":"https:\/\/camvi.pl\/en\/wp-json\/wp\/v2\/product_cat?post=255"},{"taxonomy":"product_tag","embeddable":true,"href":"https:\/\/camvi.pl\/en\/wp-json\/wp\/v2\/product_tag?post=255"}],"curies":[{"name":"wp","href":"https:\/\/api.w.org\/{rel}","templated":true}]}}